{"id":1060,"date":"2025-07-14T16:55:52","date_gmt":"2025-07-14T14:55:52","guid":{"rendered":"https:\/\/talleresalquezar.es\/sectors\/aggregates\/clasification-grading\/"},"modified":"2026-02-09T18:58:49","modified_gmt":"2026-02-09T17:58:49","slug":"clasification-grading","status":"publish","type":"page","link":"https:\/\/talleresalquezar.es\/en\/sectors\/aggregates\/clasification-grading\/","title":{"rendered":"Clasification &amp; Grading"},"content":{"rendered":"<section class=\"l-section wpb_row height_small color_primary\"><div class=\"l-section-h i-cf\"><div class=\"g-cols vc_row via_grid cols_1 laptops-cols_inherit tablets-cols_inherit mobiles-cols_1 valign_top type_default stacking_default\"><div class=\"wpb_column vc_column_container\"><div class=\"vc_column-inner\"><h1 class=\"w-text us_custom_eb849559\"><span class=\"w-text-h\"><span class=\"w-text-value\">AGGREGATES \/ Clasification &amp; Grading <\/span><\/span><\/h1><\/div><\/div><\/div><\/div><\/section><section class=\"l-section wpb_row us_custom_afb91a52 height_auto width_custom color_alternate\" style=\"--site-content-width:1060px;\"><div class=\"l-section-h i-cf\"><div class=\"g-cols vc_row via_grid cols_1 laptops-cols_inherit tablets-cols_inherit mobiles-cols_1 valign_middle type_default stacking_default\"><div class=\"wpb_column vc_column_container\"><div class=\"vc_column-inner\"><div class=\"w-separator size_medium\"><\/div><div class=\"wpb_text_column\"><div class=\"wpb_wrapper\"><p>Alquezar designs and manufactures screening equipment for all types of classification processes. Our wide range of models covers the entire classification spectrum \u2014 from coarse primary screening to fine material separation \u2014 ensuring consistent grading curves and high production rates. Each model is designed to adapt to different materials and screening processes with maximum efficiency.<\/p>\n<\/div><\/div><div class=\"w-separator size_medium\"><\/div><\/div><\/div><\/div><\/div><\/section><section class=\"l-section wpb_row height_medium\"><div class=\"l-section-h i-cf\"><div class=\"g-cols vc_row via_grid cols_2 laptops-cols_inherit tablets-cols_inherit mobiles-cols_1 valign_top type_default stacking_default\"><div class=\"wpb_column vc_column_container us_custom_a9be633b has_bg_color\"><div class=\"vc_column-inner\"><h2 class=\"w-text\"><span class=\"w-text-h\"><span class=\"w-text-value\">PRIMARY SCREENS<\/span><\/span><\/h2><div class=\"wpb_text_column\"><div class=\"wpb_wrapper\"><p>Alquezar primary screens are robust solutions for heavy-duty aggregate screening, intermediate cuts, and the production of clean, high-quality material for further processing.<\/p>\n<ul>\n<li>CR Series Roller Screens<\/li>\n<li>Pre-screens<\/li>\n<li>Grizzly Screens<\/li>\n<\/ul>\n<\/div><\/div><\/div><\/div><div class=\"wpb_column vc_column_container us_custom_315b8835 has_bg_color\"><div class=\"vc_column-inner\"><h2 class=\"w-text\"><span class=\"w-text-h\"><span class=\"w-text-value\">SECONDARY SCREENS:<\/span><\/span><\/h2><div class=\"wpb_text_column\"><div class=\"wpb_wrapper\"><p>Our secondary screens are engineered for accurate and efficient separation, available in multiple formats to meet each client\u2019s specific production needs.<\/p>\n<ul>\n<li>CT Series Inclined Screens<\/li>\n<li>CTH Series Horizontal Screens<\/li>\n<li>CRL Series Disc Screens<\/li>\n<\/ul>\n<\/div><\/div><\/div><\/div><\/div><\/div><\/section><section class=\"l-section wpb_row height_medium color_alternate\"><div class=\"l-section-h i-cf\"><div class=\"g-cols vc_row via_grid cols_2 laptops-cols_inherit tablets-cols_inherit mobiles-cols_1 valign_top type_default stacking_default\"><div class=\"wpb_column vc_column_container us_custom_c70c97eb has_bg_color\"><div class=\"vc_column-inner\"><h2 class=\"w-text\"><span class=\"w-text-h\"><span class=\"w-text-value\">TERTIARY SCREENS<\/span><\/span><\/h2><div class=\"wpb_text_column us_custom_836f727b has_text_color\"><div class=\"wpb_wrapper\"><p>Tertiary screening at Alquezar ensures the highest precision in granulometric control, producing top-quality material in the final screening stage.<\/p>\n<ul>\n<li>Probabilistic Inclined Screens<\/li>\n<li>Vibrating Distributors<\/li>\n<\/ul>\n<\/div><\/div><\/div><\/div><div class=\"wpb_column vc_column_container us_custom_315b8835 has_bg_color\"><div class=\"vc_column-inner\"><h2 class=\"w-text\"><span class=\"w-text-h\"><span class=\"w-text-value\">AIR SEPARATION SCREENS:<\/span><\/span><\/h2><div class=\"wpb_text_column\"><div class=\"wpb_wrapper\"><p>Designed for ultra-fine screening, our air classification systems handle micron-sized particle cuts with high efficiency.<\/p>\n<ul>\n<li>Vertical Static Cone Separators<\/li>\n<li>Vertical Static V-Separators<\/li>\n<\/ul>\n<\/div><\/div><\/div><\/div><\/div><\/div><\/section><section class=\"l-section wpb_row height_medium\"><div class=\"l-section-h i-cf\"><div class=\"g-cols vc_row via_grid cols_1 laptops-cols_inherit tablets-cols_inherit mobiles-cols_1 valign_top type_default stacking_default\"><div class=\"wpb_column vc_column_container\"><div class=\"vc_column-inner\"><div class=\"w-gallery fit_cover type_grid action_popup_image ratio_1x1 count_5\" style=\"--columns:5;--items-gap:10px;\"><div class=\"w-gallery-list\"><div class=\"w-gallery-item\"><div class=\"w-gallery-item-img\"><img decoding=\"async\" width=\"1024\" height=\"472\" src=\"https:\/\/talleresalquezar.es\/wp-content\/uploads\/2025\/07\/Clasificacion-y-seleccion-1024x472.jpg\" class=\"attachment-large size-large\" alt=\"\" srcset=\"https:\/\/talleresalquezar.es\/wp-content\/uploads\/2025\/07\/Clasificacion-y-seleccion-1024x472.jpg 1024w, https:\/\/talleresalquezar.es\/wp-content\/uploads\/2025\/07\/Clasificacion-y-seleccion-300x138.jpg 300w, https:\/\/talleresalquezar.es\/wp-content\/uploads\/2025\/07\/Clasificacion-y-seleccion.jpg 2000w\" sizes=\"(max-width: 1024px) 100vw, 1024px\" \/><\/div><a class=\"w-gallery-item-link\" aria-label=\"Clasificacion y seleccion\" href=\"https:\/\/talleresalquezar.es\/wp-content\/uploads\/2025\/07\/Clasificacion-y-seleccion.jpg\"><\/a><\/div><div class=\"w-gallery-item\"><div class=\"w-gallery-item-img\"><img decoding=\"async\" width=\"1024\" height=\"472\" src=\"https:\/\/talleresalquezar.es\/wp-content\/uploads\/2025\/07\/Cribas-1-1024x472.jpg\" class=\"attachment-large size-large\" alt=\"\" srcset=\"https:\/\/talleresalquezar.es\/wp-content\/uploads\/2025\/07\/Cribas-1-1024x472.jpg 1024w, https:\/\/talleresalquezar.es\/wp-content\/uploads\/2025\/07\/Cribas-1-300x138.jpg 300w, https:\/\/talleresalquezar.es\/wp-content\/uploads\/2025\/07\/Cribas-1.jpg 2000w\" sizes=\"(max-width: 1024px) 100vw, 1024px\" \/><\/div><a class=\"w-gallery-item-link\" aria-label=\"Cribas (1)\" href=\"https:\/\/talleresalquezar.es\/wp-content\/uploads\/2025\/07\/Cribas-1.jpg\"><\/a><\/div><div class=\"w-gallery-item\"><div class=\"w-gallery-item-img\"><img decoding=\"async\" width=\"1024\" height=\"768\" src=\"https:\/\/talleresalquezar.es\/wp-content\/uploads\/2025\/07\/Cribas-2-1024x768.jpg\" class=\"attachment-large size-large\" alt=\"\" srcset=\"https:\/\/talleresalquezar.es\/wp-content\/uploads\/2025\/07\/Cribas-2-1024x768.jpg 1024w, https:\/\/talleresalquezar.es\/wp-content\/uploads\/2025\/07\/Cribas-2-300x225.jpg 300w, https:\/\/talleresalquezar.es\/wp-content\/uploads\/2025\/07\/Cribas-2.jpg 2048w\" sizes=\"(max-width: 1024px) 100vw, 1024px\" \/><\/div><a class=\"w-gallery-item-link\" aria-label=\"Cribas (2)\" href=\"https:\/\/talleresalquezar.es\/wp-content\/uploads\/2025\/07\/Cribas-2.jpg\"><\/a><\/div><div class=\"w-gallery-item\"><div class=\"w-gallery-item-img\"><img decoding=\"async\" width=\"768\" height=\"1024\" src=\"https:\/\/talleresalquezar.es\/wp-content\/uploads\/2025\/07\/Cribas-3-768x1024.jpg\" class=\"attachment-large size-large\" alt=\"\" srcset=\"https:\/\/talleresalquezar.es\/wp-content\/uploads\/2025\/07\/Cribas-3-768x1024.jpg 768w, https:\/\/talleresalquezar.es\/wp-content\/uploads\/2025\/07\/Cribas-3-225x300.jpg 225w, https:\/\/talleresalquezar.es\/wp-content\/uploads\/2025\/07\/Cribas-3.jpg 1440w\" sizes=\"(max-width: 768px) 100vw, 768px\" \/><\/div><a class=\"w-gallery-item-link\" aria-label=\"Cribas (3)\" href=\"https:\/\/talleresalquezar.es\/wp-content\/uploads\/2025\/07\/Cribas-3.jpg\"><\/a><\/div><div class=\"w-gallery-item\"><div class=\"w-gallery-item-img\"><img decoding=\"async\" width=\"576\" height=\"1024\" src=\"https:\/\/talleresalquezar.es\/wp-content\/uploads\/2025\/07\/Cribas-4-576x1024.jpg\" class=\"attachment-large size-large\" alt=\"\" srcset=\"https:\/\/talleresalquezar.es\/wp-content\/uploads\/2025\/07\/Cribas-4-576x1024.jpg 576w, https:\/\/talleresalquezar.es\/wp-content\/uploads\/2025\/07\/Cribas-4-169x300.jpg 169w, https:\/\/talleresalquezar.es\/wp-content\/uploads\/2025\/07\/Cribas-4.jpg 1080w\" sizes=\"(max-width: 576px) 100vw, 576px\" \/><\/div><a class=\"w-gallery-item-link\" aria-label=\"Cribas (4)\" href=\"https:\/\/talleresalquezar.es\/wp-content\/uploads\/2025\/07\/Cribas-4.jpg\"><\/a><\/div><\/div><\/div><\/div><\/div><\/div><\/div><\/section><section class=\"l-section wpb_row us_custom_c477b050 height_medium width_custom color_alternate\" style=\"--site-content-width:1060px;\"><div class=\"l-section-h i-cf\"><div class=\"g-cols vc_row via_grid cols_2 laptops-cols_inherit tablets-cols_inherit mobiles-cols_1 valign_top type_default stacking_default\"><div class=\"wpb_column vc_column_container\"><div class=\"vc_column-inner\"><h2 class=\"w-text\"><span class=\"w-text-h\"><span class=\"w-text-value\">METAL SEPARATORS:<\/span><\/span><\/h2><div class=\"wpb_text_column\"><div class=\"wpb_wrapper\"><p>Alquezar also offers advanced magnetic detection and separation solutions, designed to improve efficiency by precisely removing ferrous materials. Our machines guarantee a cleaner production process, safeguarding equipment and enhancing final product quality.<\/p>\n<\/div><\/div><\/div><\/div><div class=\"wpb_column vc_column_container\"><div class=\"vc_column-inner\"><div class=\"w-separator size_medium\"><\/div><div class=\"wpb_text_column\"><div class=\"wpb_wrapper\"><ul>\n<li>Permanent Magnet Separators<\/li>\n<li>Electromagnetic Separators<\/li>\n<li>Conveyor Belt Magnetic Separators<\/li>\n<li>Channel Magnetic Separators<\/li>\n<\/ul>\n<\/div><\/div><\/div><\/div><\/div><\/div><\/section>\n","protected":false},"excerpt":{"rendered":"AGGREGATES \/ Clasification &amp; Grading Alquezar designs and manufactures screening equipment for all types of classification processes. Our wide range of models covers the entire classification spectrum \u2014 from coarse primary screening to fine material separation \u2014 ensuring consistent grading curves and high production rates. Each model is designed to adapt to different materials and...","protected":false},"author":1,"featured_media":0,"parent":1048,"menu_order":0,"comment_status":"closed","ping_status":"closed","template":"","meta":{"footnotes":""},"class_list":["post-1060","page","type-page","status-publish","hentry"],"yoast_head":"<!-- This site is optimized with the Yoast SEO plugin v27.4 - https:\/\/yoast.com\/product\/yoast-seo-wordpress\/ -->\n<title>Clasification &amp; Grading | Aggregates | Alquezar<\/title>\n<meta name=\"description\" content=\"Alquezar designs and manufactures screening equipment for all types of classification processes.\" \/>\n<meta name=\"robots\" content=\"index, follow, max-snippet:-1, max-image-preview:large, max-video-preview:-1\" \/>\n<link rel=\"canonical\" href=\"https:\/\/talleresalquezar.es\/en\/sectors\/aggregates\/clasification-grading\/\" \/>\n<meta property=\"og:locale\" content=\"en_US\" \/>\n<meta property=\"og:type\" content=\"article\" \/>\n<meta property=\"og:title\" content=\"Clasification &amp; Grading | Aggregates | Alquezar\" \/>\n<meta property=\"og:description\" content=\"Alquezar designs and manufactures screening equipment for all types of classification processes.\" \/>\n<meta property=\"og:url\" content=\"https:\/\/talleresalquezar.es\/en\/sectors\/aggregates\/clasification-grading\/\" \/>\n<meta property=\"og:site_name\" content=\"Talleres Alqu\u00e9zar\" \/>\n<meta property=\"article:modified_time\" content=\"2026-02-09T17:58:49+00:00\" \/>\n<meta property=\"og:image\" content=\"https:\/\/talleresalquezar.es\/wp-content\/uploads\/2025\/07\/Lofotipo-talleres-alquezar-zaragoza-cintasa.png\" \/>\n\t<meta property=\"og:image:width\" content=\"400\" \/>\n\t<meta property=\"og:image:height\" content=\"84\" \/>\n\t<meta property=\"og:image:type\" content=\"image\/png\" \/>\n<meta name=\"twitter:card\" content=\"summary_large_image\" \/>\n<meta name=\"twitter:label1\" content=\"Est. reading time\" \/>\n\t<meta name=\"twitter:data1\" content=\"3 minutes\" \/>\n<script type=\"application\/ld+json\" class=\"yoast-schema-graph\">{\"@context\":\"https:\\\/\\\/schema.org\",\"@graph\":[{\"@type\":\"WebPage\",\"@id\":\"https:\\\/\\\/talleresalquezar.es\\\/en\\\/sectors\\\/aggregates\\\/clasification-grading\\\/\",\"url\":\"https:\\\/\\\/talleresalquezar.es\\\/en\\\/sectors\\\/aggregates\\\/clasification-grading\\\/\",\"name\":\"Clasification & Grading | Aggregates | Alquezar\",\"isPartOf\":{\"@id\":\"https:\\\/\\\/talleresalquezar.es\\\/en\\\/#website\"},\"datePublished\":\"2025-07-14T14:55:52+00:00\",\"dateModified\":\"2026-02-09T17:58:49+00:00\",\"description\":\"Alquezar designs and manufactures screening equipment for all types of classification processes.\",\"breadcrumb\":{\"@id\":\"https:\\\/\\\/talleresalquezar.es\\\/en\\\/sectors\\\/aggregates\\\/clasification-grading\\\/#breadcrumb\"},\"inLanguage\":\"en-US\",\"potentialAction\":[{\"@type\":\"ReadAction\",\"target\":[\"https:\\\/\\\/talleresalquezar.es\\\/en\\\/sectors\\\/aggregates\\\/clasification-grading\\\/\"]}]},{\"@type\":\"BreadcrumbList\",\"@id\":\"https:\\\/\\\/talleresalquezar.es\\\/en\\\/sectors\\\/aggregates\\\/clasification-grading\\\/#breadcrumb\",\"itemListElement\":[{\"@type\":\"ListItem\",\"position\":1,\"name\":\"Portada\",\"item\":\"https:\\\/\\\/talleresalquezar.es\\\/en\\\/home\\\/\"},{\"@type\":\"ListItem\",\"position\":2,\"name\":\"Sectors\",\"item\":\"https:\\\/\\\/talleresalquezar.es\\\/en\\\/sectores\\\/\"},{\"@type\":\"ListItem\",\"position\":3,\"name\":\"Aggregates\",\"item\":\"https:\\\/\\\/talleresalquezar.es\\\/en\\\/sectores\\\/aridos\\\/\"},{\"@type\":\"ListItem\",\"position\":4,\"name\":\"Clasification &amp; Grading\"}]},{\"@type\":\"WebSite\",\"@id\":\"https:\\\/\\\/talleresalquezar.es\\\/en\\\/#website\",\"url\":\"https:\\\/\\\/talleresalquezar.es\\\/en\\\/\",\"name\":\"Talleres\u202fAlqu\u00e9zar\",\"description\":\"Talleres\u202fAlqu\u00e9zar dise\u00f1a y fabrica plantas llave en mano para hormig\u00f3n, \u00e1ridos, mortero y reciclaje, con m\u00e1s de 60\u202fa\u00f1os de experiencia en Zaragoza y presencia internacional.\",\"publisher\":{\"@id\":\"https:\\\/\\\/talleresalquezar.es\\\/en\\\/#organization\"},\"alternateName\":\"Talleres Alquezar Zaragoza\",\"potentialAction\":[{\"@type\":\"SearchAction\",\"target\":{\"@type\":\"EntryPoint\",\"urlTemplate\":\"https:\\\/\\\/talleresalquezar.es\\\/en\\\/?s={search_term_string}\"},\"query-input\":{\"@type\":\"PropertyValueSpecification\",\"valueRequired\":true,\"valueName\":\"search_term_string\"}}],\"inLanguage\":\"en-US\"},{\"@type\":\"Organization\",\"@id\":\"https:\\\/\\\/talleresalquezar.es\\\/en\\\/#organization\",\"name\":\"Talleres\u202fAlqu\u00e9zar\",\"alternateName\":\"Talleres\u202fAlqu\u00e9zar Zaragoza\",\"url\":\"https:\\\/\\\/talleresalquezar.es\\\/en\\\/\",\"logo\":{\"@type\":\"ImageObject\",\"inLanguage\":\"en-US\",\"@id\":\"https:\\\/\\\/talleresalquezar.es\\\/en\\\/#\\\/schema\\\/logo\\\/image\\\/\",\"url\":\"https:\\\/\\\/talleresalquezar.es\\\/wp-content\\\/uploads\\\/2025\\\/07\\\/Lofotipo-talleres-alquezar-zaragoza-cintasa.png\",\"contentUrl\":\"https:\\\/\\\/talleresalquezar.es\\\/wp-content\\\/uploads\\\/2025\\\/07\\\/Lofotipo-talleres-alquezar-zaragoza-cintasa.png\",\"width\":400,\"height\":84,\"caption\":\"Talleres\u202fAlqu\u00e9zar\"},\"image\":{\"@id\":\"https:\\\/\\\/talleresalquezar.es\\\/en\\\/#\\\/schema\\\/logo\\\/image\\\/\"}}]}<\/script>\n<!-- \/ Yoast SEO plugin. -->","yoast_head_json":{"title":"Clasification & Grading | Aggregates | Alquezar","description":"Alquezar designs and manufactures screening equipment for all types of classification processes.","robots":{"index":"index","follow":"follow","max-snippet":"max-snippet:-1","max-image-preview":"max-image-preview:large","max-video-preview":"max-video-preview:-1"},"canonical":"https:\/\/talleresalquezar.es\/en\/sectors\/aggregates\/clasification-grading\/","og_locale":"en_US","og_type":"article","og_title":"Clasification & Grading | Aggregates | Alquezar","og_description":"Alquezar designs and manufactures screening equipment for all types of classification processes.","og_url":"https:\/\/talleresalquezar.es\/en\/sectors\/aggregates\/clasification-grading\/","og_site_name":"Talleres Alqu\u00e9zar","article_modified_time":"2026-02-09T17:58:49+00:00","og_image":[{"width":400,"height":84,"url":"https:\/\/talleresalquezar.es\/wp-content\/uploads\/2025\/07\/Lofotipo-talleres-alquezar-zaragoza-cintasa.png","type":"image\/png"}],"twitter_card":"summary_large_image","twitter_misc":{"Est. reading time":"3 minutes"},"schema":{"@context":"https:\/\/schema.org","@graph":[{"@type":"WebPage","@id":"https:\/\/talleresalquezar.es\/en\/sectors\/aggregates\/clasification-grading\/","url":"https:\/\/talleresalquezar.es\/en\/sectors\/aggregates\/clasification-grading\/","name":"Clasification & Grading | Aggregates | Alquezar","isPartOf":{"@id":"https:\/\/talleresalquezar.es\/en\/#website"},"datePublished":"2025-07-14T14:55:52+00:00","dateModified":"2026-02-09T17:58:49+00:00","description":"Alquezar designs and manufactures screening equipment for all types of classification processes.","breadcrumb":{"@id":"https:\/\/talleresalquezar.es\/en\/sectors\/aggregates\/clasification-grading\/#breadcrumb"},"inLanguage":"en-US","potentialAction":[{"@type":"ReadAction","target":["https:\/\/talleresalquezar.es\/en\/sectors\/aggregates\/clasification-grading\/"]}]},{"@type":"BreadcrumbList","@id":"https:\/\/talleresalquezar.es\/en\/sectors\/aggregates\/clasification-grading\/#breadcrumb","itemListElement":[{"@type":"ListItem","position":1,"name":"Portada","item":"https:\/\/talleresalquezar.es\/en\/home\/"},{"@type":"ListItem","position":2,"name":"Sectors","item":"https:\/\/talleresalquezar.es\/en\/sectores\/"},{"@type":"ListItem","position":3,"name":"Aggregates","item":"https:\/\/talleresalquezar.es\/en\/sectores\/aridos\/"},{"@type":"ListItem","position":4,"name":"Clasification &amp; Grading"}]},{"@type":"WebSite","@id":"https:\/\/talleresalquezar.es\/en\/#website","url":"https:\/\/talleresalquezar.es\/en\/","name":"Talleres\u202fAlqu\u00e9zar","description":"Talleres\u202fAlqu\u00e9zar dise\u00f1a y fabrica plantas llave en mano para hormig\u00f3n, \u00e1ridos, mortero y reciclaje, con m\u00e1s de 60\u202fa\u00f1os de experiencia en Zaragoza y presencia internacional.","publisher":{"@id":"https:\/\/talleresalquezar.es\/en\/#organization"},"alternateName":"Talleres Alquezar Zaragoza","potentialAction":[{"@type":"SearchAction","target":{"@type":"EntryPoint","urlTemplate":"https:\/\/talleresalquezar.es\/en\/?s={search_term_string}"},"query-input":{"@type":"PropertyValueSpecification","valueRequired":true,"valueName":"search_term_string"}}],"inLanguage":"en-US"},{"@type":"Organization","@id":"https:\/\/talleresalquezar.es\/en\/#organization","name":"Talleres\u202fAlqu\u00e9zar","alternateName":"Talleres\u202fAlqu\u00e9zar Zaragoza","url":"https:\/\/talleresalquezar.es\/en\/","logo":{"@type":"ImageObject","inLanguage":"en-US","@id":"https:\/\/talleresalquezar.es\/en\/#\/schema\/logo\/image\/","url":"https:\/\/talleresalquezar.es\/wp-content\/uploads\/2025\/07\/Lofotipo-talleres-alquezar-zaragoza-cintasa.png","contentUrl":"https:\/\/talleresalquezar.es\/wp-content\/uploads\/2025\/07\/Lofotipo-talleres-alquezar-zaragoza-cintasa.png","width":400,"height":84,"caption":"Talleres\u202fAlqu\u00e9zar"},"image":{"@id":"https:\/\/talleresalquezar.es\/en\/#\/schema\/logo\/image\/"}}]}},"_links":{"self":[{"href":"https:\/\/talleresalquezar.es\/en\/wp-json\/wp\/v2\/pages\/1060","targetHints":{"allow":["GET"]}}],"collection":[{"href":"https:\/\/talleresalquezar.es\/en\/wp-json\/wp\/v2\/pages"}],"about":[{"href":"https:\/\/talleresalquezar.es\/en\/wp-json\/wp\/v2\/types\/page"}],"author":[{"embeddable":true,"href":"https:\/\/talleresalquezar.es\/en\/wp-json\/wp\/v2\/users\/1"}],"replies":[{"embeddable":true,"href":"https:\/\/talleresalquezar.es\/en\/wp-json\/wp\/v2\/comments?post=1060"}],"version-history":[{"count":8,"href":"https:\/\/talleresalquezar.es\/en\/wp-json\/wp\/v2\/pages\/1060\/revisions"}],"predecessor-version":[{"id":1237,"href":"https:\/\/talleresalquezar.es\/en\/wp-json\/wp\/v2\/pages\/1060\/revisions\/1237"}],"up":[{"embeddable":true,"href":"https:\/\/talleresalquezar.es\/en\/wp-json\/wp\/v2\/pages\/1048"}],"wp:attachment":[{"href":"https:\/\/talleresalquezar.es\/en\/wp-json\/wp\/v2\/media?parent=1060"}],"curies":[{"name":"wp","href":"https:\/\/api.w.org\/{rel}","templated":true}]}}