{"id":1075,"date":"2025-07-14T17:05:44","date_gmt":"2025-07-14T15:05:44","guid":{"rendered":"https:\/\/talleresalquezar.es\/sectors\/concrete\/dosed\/"},"modified":"2026-02-09T18:58:49","modified_gmt":"2026-02-09T17:58:49","slug":"dosed","status":"publish","type":"page","link":"https:\/\/talleresalquezar.es\/en\/sectors\/concrete\/dosed\/","title":{"rendered":"Dosed"},"content":{"rendered":"<section class=\"l-section wpb_row height_small color_primary\"><div class=\"l-section-h i-cf\"><div class=\"g-cols vc_row via_grid cols_1 laptops-cols_inherit tablets-cols_inherit mobiles-cols_1 valign_top type_default stacking_default\"><div class=\"wpb_column vc_column_container\"><div class=\"vc_column-inner\"><h1 class=\"w-text us_custom_eb849559\"><span class=\"w-text-h\"><span class=\"w-text-value\">CONCRETE \/ DOSED <\/span><\/span><\/h1><\/div><\/div><\/div><\/div><\/section><section class=\"l-section wpb_row height_auto\"><div class=\"l-section-h i-cf\"><div class=\"g-cols vc_row via_grid cols_2 laptops-cols_1 tablets-cols_1 mobiles-cols_1 valign_middle type_default stacking_default\"><div class=\"wpb_column vc_column_container\"><div class=\"vc_column-inner\"><div class=\"w-separator size_medium\"><\/div><h2 class=\"w-text\"><span class=\"w-text-h\"><span class=\"w-text-value\">Key Benefits of Our Batching Plants<\/span><\/span><\/h2><div class=\"wpb_text_column\"><div class=\"wpb_wrapper\"><p data-start=\"159\" data-end=\"339\">At Alquezar, we design concrete batching plants that deliver fast, efficient, and cost-effective supply for all types of construction projects.<\/p>\n<p data-start=\"341\" data-end=\"506\">Our batching plants are engineered to provide a homogeneous and precise mix, helping reduce operational costs without compromising the quality of the final product.<\/p>\n<ul>\n<li data-start=\"341\" data-end=\"506\">Optimized production, ensuring faster and more efficient operations on-site<\/li>\n<li data-start=\"341\" data-end=\"506\">Reduced costs, ideal for construction applications requiring a steady concrete supply<\/li>\n<li data-start=\"341\" data-end=\"506\">High dosing precision, guaranteeing a uniform and consistent mix<\/li>\n<li data-start=\"341\" data-end=\"506\">Adaptability, with modular and customized options tailored to each project<\/li>\n<\/ul>\n<\/div><\/div><div class=\"w-separator size_medium\"><\/div><\/div><\/div><div class=\"wpb_column vc_column_container stretched\"><div class=\"vc_column-inner\"><div class=\"w-image align_none\"><div class=\"w-image-h\"><img decoding=\"async\" width=\"1920\" height=\"1440\" src=\"https:\/\/talleresalquezar.es\/wp-content\/uploads\/2025\/07\/A150117-FO-76.jpg\" class=\"attachment-full size-full\" alt=\"A150117-FO-76\" loading=\"lazy\" srcset=\"https:\/\/talleresalquezar.es\/wp-content\/uploads\/2025\/07\/A150117-FO-76.jpg 1920w, https:\/\/talleresalquezar.es\/wp-content\/uploads\/2025\/07\/A150117-FO-76-300x225.jpg 300w, https:\/\/talleresalquezar.es\/wp-content\/uploads\/2025\/07\/A150117-FO-76-1024x768.jpg 1024w\" sizes=\"auto, (max-width: 1920px) 100vw, 1920px\" \/><\/div><\/div><\/div><\/div><\/div><\/div><\/section><section class=\"l-section wpb_row us_custom_eb849559 height_medium color_alternate\"><div class=\"l-section-h i-cf\"><div class=\"g-cols vc_row via_grid cols_1 laptops-cols_inherit tablets-cols_inherit mobiles-cols_1 valign_top type_default stacking_default\"><div class=\"wpb_column vc_column_container\"><div class=\"vc_column-inner\"><h2 class=\"w-text\"><span class=\"w-text-h\"><span class=\"w-text-value\">Types of Plants<\/span><\/span><\/h2><div class=\"wpb_text_column\"><div class=\"wpb_wrapper\"><p>We offer the same type of plant as the batched concrete one, but incorporating the mixer required by the client for each specific application.<\/p>\n<\/div><\/div><\/div><\/div><\/div><\/div><\/section><section class=\"l-section wpb_row height_medium color_alternate\"><div class=\"l-section-h i-cf\"><div class=\"g-cols vc_row via_grid cols_2 laptops-cols_inherit tablets-cols_inherit mobiles-cols_1 valign_top type_default stacking_default\"><div class=\"wpb_column vc_column_container us_custom_c70c97eb has_bg_color\"><div class=\"vc_column-inner\"><h2 class=\"w-text\"><span class=\"w-text-h\"><span class=\"w-text-value\">Vertical Plants:<\/span><\/span><\/h2><div class=\"wpb_text_column us_custom_836f727b has_text_color\"><div class=\"wpb_wrapper\"><ul>\n<li data-start=\"964\" data-end=\"1053\">\n<p data-start=\"966\" data-end=\"1053\">Aggregate storage at the top of the plant eliminates lifting time<\/p>\n<\/li>\n<li data-start=\"1056\" data-end=\"1138\">\n<p data-start=\"1058\" data-end=\"1138\">High production performance thanks to optimized material layout<\/p>\n<\/li>\n<li data-start=\"1141\" data-end=\"1255\">\n<p data-start=\"1143\" data-end=\"1255\">Aggregate elevation via belt conveyors or bucket elevators, maximizing space efficiency<\/p>\n<\/li>\n<\/ul>\n<\/div><\/div><\/div><\/div><div class=\"wpb_column vc_column_container us_custom_315b8835 has_bg_color\"><div class=\"vc_column-inner\"><h2 class=\"w-text\"><span class=\"w-text-h\"><span class=\"w-text-value\">Horizontal Plants:<\/span><\/span><\/h2><div class=\"wpb_text_column\"><div class=\"wpb_wrapper\"><ul>\n<li data-start=\"1289\" data-end=\"1407\">\n<p data-start=\"1291\" data-end=\"1407\">Aggregate stored in ground-level hoppers, allowing easy loading via shovel, truck, or conveyor<\/p>\n<\/li>\n<li data-start=\"1410\" data-end=\"1525\">\n<p data-start=\"1412\" data-end=\"1525\">Aggregate lifted to the mixing area using a conveyor belt or skip hoist, ensuring smooth material flow<\/p>\n<\/li>\n<\/ul>\n<\/div><\/div><\/div><\/div><\/div><\/div><\/section><section class=\"l-section wpb_row height_medium\"><div class=\"l-section-h i-cf\"><div class=\"g-cols vc_row via_grid cols_2 laptops-cols_inherit tablets-cols_inherit mobiles-cols_1 valign_top type_default stacking_default\"><div class=\"wpb_column vc_column_container us_custom_a9be633b has_bg_color\"><div class=\"vc_column-inner\"><h2 class=\"w-text\"><span class=\"w-text-h\"><span class=\"w-text-value\">Modular Plants:<\/span><\/span><\/h2><div class=\"wpb_text_column\"><div class=\"wpb_wrapper\"><p data-start=\"1529\" data-end=\"1716\">Alquezar modular plants are ideal for temporary projects requiring disassembly and relocation after completion.<\/p>\n<ul data-start=\"1719\" data-end=\"2077\">\n<li data-start=\"1719\" data-end=\"1845\">\n<p data-start=\"1721\" data-end=\"1845\">Modular design, with preassembled components ensuring compatibility and quick setup<\/p>\n<\/li>\n<li data-start=\"1848\" data-end=\"1958\">\n<p data-start=\"1850\" data-end=\"1958\">Optimized transport, using containers, platforms, or flat-racks for easy logistics<\/p>\n<\/li>\n<li data-start=\"1961\" data-end=\"2077\">\n<p data-start=\"1963\" data-end=\"2077\">Fast, simple assembly, reducing installation time, required personnel, and lifting equipment<\/p>\n<\/li>\n<\/ul>\n<\/div><\/div><\/div><\/div><div class=\"wpb_column vc_column_container us_custom_315b8835 has_bg_color\"><div class=\"vc_column-inner\"><h2 class=\"w-text\"><span class=\"w-text-h\"><span class=\"w-text-value\">Mobile Plants:<\/span><\/span><\/h2><div class=\"wpb_text_column\"><div class=\"wpb_wrapper\"><p data-start=\"2103\" data-end=\"2269\">Designed for projects that demand frequent relocation, Alquezar mobile plants minimize setup time and simplify transport.<\/p>\n<ul data-start=\"2271\" data-end=\"2689\" data-is-only-node=\"\" data-is-last-node=\"\">\n<li data-start=\"2271\" data-end=\"2461\">\n<p data-start=\"2273\" data-end=\"2300\"><strong data-start=\"2273\" data-end=\"2298\">Efficient transport:<\/strong><\/p>\n<ul data-start=\"2303\" data-end=\"2461\">\n<li data-start=\"2303\" data-end=\"2389\">\n<p data-start=\"2305\" data-end=\"2389\">Self-supporting frame design allows movement with a standard truck tractor<\/p>\n<\/li>\n<li data-start=\"2392\" data-end=\"2461\">\n<p data-start=\"2394\" data-end=\"2461\">Compact modules enable hassle-free logistics<\/p>\n<\/li>\n<\/ul>\n<\/li>\n<li data-start=\"2463\" data-end=\"2689\" data-is-last-node=\"\">\n<p data-start=\"2465\" data-end=\"2507\"><strong data-start=\"2465\" data-end=\"2505\">Quick and easy installation:<\/strong><\/p>\n<ul data-start=\"2510\" data-end=\"2689\" data-is-last-node=\"\">\n<li data-start=\"2510\" data-end=\"2599\">\n<p data-start=\"2512\" data-end=\"2599\">Once positioned, self-supporting modules are quickly aligned and secured<\/p>\n<\/li>\n<li data-start=\"2602\" data-end=\"2689\" data-is-last-node=\"\">\n<p data-start=\"2604\" data-end=\"2689\" data-is-last-node=\"\">Cement silos are easily installed, enabling immediate start-up<\/p>\n<\/li>\n<\/ul>\n<\/li>\n<\/ul>\n<\/div><\/div><\/div><\/div><\/div><\/div><\/section>\n","protected":false},"excerpt":{"rendered":"CONCRETE \/ DOSED Key Benefits of Our Batching PlantsAt Alquezar, we design concrete batching plants that deliver fast, efficient, and cost-effective supply for all types of construction projects. Our batching plants are engineered to provide a homogeneous and precise mix, helping reduce operational costs without compromising the quality of the final product. Optimized production, ensuring...","protected":false},"author":1,"featured_media":0,"parent":1071,"menu_order":0,"comment_status":"closed","ping_status":"closed","template":"","meta":{"footnotes":""},"class_list":["post-1075","page","type-page","status-publish","hentry"],"yoast_head":"<!-- This site is optimized with the Yoast SEO plugin v27.4 - https:\/\/yoast.com\/product\/yoast-seo-wordpress\/ -->\n<title>Dosed | Concrete | Alquezar<\/title>\n<meta name=\"description\" content=\"At Alquezar, we design concrete batching plants that deliver fast, efficient, and cost-effective supply for all types of construction projects.\" \/>\n<meta name=\"robots\" content=\"index, follow, max-snippet:-1, max-image-preview:large, max-video-preview:-1\" \/>\n<link rel=\"canonical\" href=\"https:\/\/talleresalquezar.es\/en\/sectors\/concrete\/dosed\/\" \/>\n<meta property=\"og:locale\" content=\"en_US\" \/>\n<meta property=\"og:type\" content=\"article\" \/>\n<meta property=\"og:title\" content=\"Dosed | Concrete | Alquezar\" \/>\n<meta property=\"og:description\" content=\"At Alquezar, we design concrete batching plants that deliver fast, efficient, and cost-effective supply for all types of construction projects.\" \/>\n<meta property=\"og:url\" content=\"https:\/\/talleresalquezar.es\/en\/sectors\/concrete\/dosed\/\" \/>\n<meta property=\"og:site_name\" content=\"Talleres Alqu\u00e9zar\" \/>\n<meta property=\"article:modified_time\" content=\"2026-02-09T17:58:49+00:00\" \/>\n<meta property=\"og:image\" content=\"https:\/\/talleresalquezar.es\/wp-content\/uploads\/2025\/07\/Lofotipo-talleres-alquezar-zaragoza-cintasa.png\" \/>\n\t<meta property=\"og:image:width\" content=\"400\" \/>\n\t<meta property=\"og:image:height\" content=\"84\" \/>\n\t<meta property=\"og:image:type\" content=\"image\/png\" \/>\n<meta name=\"twitter:card\" content=\"summary_large_image\" \/>\n<meta name=\"twitter:label1\" content=\"Est. reading time\" \/>\n\t<meta name=\"twitter:data1\" content=\"3 minutes\" \/>\n<script type=\"application\/ld+json\" class=\"yoast-schema-graph\">{\"@context\":\"https:\\\/\\\/schema.org\",\"@graph\":[{\"@type\":\"WebPage\",\"@id\":\"https:\\\/\\\/talleresalquezar.es\\\/en\\\/sectors\\\/concrete\\\/dosed\\\/\",\"url\":\"https:\\\/\\\/talleresalquezar.es\\\/en\\\/sectors\\\/concrete\\\/dosed\\\/\",\"name\":\"Dosed | Concrete | Alquezar\",\"isPartOf\":{\"@id\":\"https:\\\/\\\/talleresalquezar.es\\\/en\\\/#website\"},\"datePublished\":\"2025-07-14T15:05:44+00:00\",\"dateModified\":\"2026-02-09T17:58:49+00:00\",\"description\":\"At Alquezar, we design concrete batching plants that deliver fast, efficient, and cost-effective supply for all types of construction projects.\",\"breadcrumb\":{\"@id\":\"https:\\\/\\\/talleresalquezar.es\\\/en\\\/sectors\\\/concrete\\\/dosed\\\/#breadcrumb\"},\"inLanguage\":\"en-US\",\"potentialAction\":[{\"@type\":\"ReadAction\",\"target\":[\"https:\\\/\\\/talleresalquezar.es\\\/en\\\/sectors\\\/concrete\\\/dosed\\\/\"]}]},{\"@type\":\"BreadcrumbList\",\"@id\":\"https:\\\/\\\/talleresalquezar.es\\\/en\\\/sectors\\\/concrete\\\/dosed\\\/#breadcrumb\",\"itemListElement\":[{\"@type\":\"ListItem\",\"position\":1,\"name\":\"Portada\",\"item\":\"https:\\\/\\\/talleresalquezar.es\\\/en\\\/home\\\/\"},{\"@type\":\"ListItem\",\"position\":2,\"name\":\"Sectors\",\"item\":\"https:\\\/\\\/talleresalquezar.es\\\/en\\\/sectores\\\/\"},{\"@type\":\"ListItem\",\"position\":3,\"name\":\"Concrete\",\"item\":\"https:\\\/\\\/talleresalquezar.es\\\/en\\\/sectores\\\/hormigon\\\/\"},{\"@type\":\"ListItem\",\"position\":4,\"name\":\"Dosed\"}]},{\"@type\":\"WebSite\",\"@id\":\"https:\\\/\\\/talleresalquezar.es\\\/en\\\/#website\",\"url\":\"https:\\\/\\\/talleresalquezar.es\\\/en\\\/\",\"name\":\"Talleres\u202fAlqu\u00e9zar\",\"description\":\"Talleres\u202fAlqu\u00e9zar dise\u00f1a y fabrica plantas llave en mano para hormig\u00f3n, \u00e1ridos, mortero y reciclaje, con m\u00e1s de 60\u202fa\u00f1os de experiencia en Zaragoza y presencia internacional.\",\"publisher\":{\"@id\":\"https:\\\/\\\/talleresalquezar.es\\\/en\\\/#organization\"},\"alternateName\":\"Talleres Alquezar Zaragoza\",\"potentialAction\":[{\"@type\":\"SearchAction\",\"target\":{\"@type\":\"EntryPoint\",\"urlTemplate\":\"https:\\\/\\\/talleresalquezar.es\\\/en\\\/?s={search_term_string}\"},\"query-input\":{\"@type\":\"PropertyValueSpecification\",\"valueRequired\":true,\"valueName\":\"search_term_string\"}}],\"inLanguage\":\"en-US\"},{\"@type\":\"Organization\",\"@id\":\"https:\\\/\\\/talleresalquezar.es\\\/en\\\/#organization\",\"name\":\"Talleres\u202fAlqu\u00e9zar\",\"alternateName\":\"Talleres\u202fAlqu\u00e9zar Zaragoza\",\"url\":\"https:\\\/\\\/talleresalquezar.es\\\/en\\\/\",\"logo\":{\"@type\":\"ImageObject\",\"inLanguage\":\"en-US\",\"@id\":\"https:\\\/\\\/talleresalquezar.es\\\/en\\\/#\\\/schema\\\/logo\\\/image\\\/\",\"url\":\"https:\\\/\\\/talleresalquezar.es\\\/wp-content\\\/uploads\\\/2025\\\/07\\\/Lofotipo-talleres-alquezar-zaragoza-cintasa.png\",\"contentUrl\":\"https:\\\/\\\/talleresalquezar.es\\\/wp-content\\\/uploads\\\/2025\\\/07\\\/Lofotipo-talleres-alquezar-zaragoza-cintasa.png\",\"width\":400,\"height\":84,\"caption\":\"Talleres\u202fAlqu\u00e9zar\"},\"image\":{\"@id\":\"https:\\\/\\\/talleresalquezar.es\\\/en\\\/#\\\/schema\\\/logo\\\/image\\\/\"}}]}<\/script>\n<!-- \/ Yoast SEO plugin. -->","yoast_head_json":{"title":"Dosed | Concrete | Alquezar","description":"At Alquezar, we design concrete batching plants that deliver fast, efficient, and cost-effective supply for all types of construction projects.","robots":{"index":"index","follow":"follow","max-snippet":"max-snippet:-1","max-image-preview":"max-image-preview:large","max-video-preview":"max-video-preview:-1"},"canonical":"https:\/\/talleresalquezar.es\/en\/sectors\/concrete\/dosed\/","og_locale":"en_US","og_type":"article","og_title":"Dosed | Concrete | Alquezar","og_description":"At Alquezar, we design concrete batching plants that deliver fast, efficient, and cost-effective supply for all types of construction projects.","og_url":"https:\/\/talleresalquezar.es\/en\/sectors\/concrete\/dosed\/","og_site_name":"Talleres Alqu\u00e9zar","article_modified_time":"2026-02-09T17:58:49+00:00","og_image":[{"width":400,"height":84,"url":"https:\/\/talleresalquezar.es\/wp-content\/uploads\/2025\/07\/Lofotipo-talleres-alquezar-zaragoza-cintasa.png","type":"image\/png"}],"twitter_card":"summary_large_image","twitter_misc":{"Est. reading time":"3 minutes"},"schema":{"@context":"https:\/\/schema.org","@graph":[{"@type":"WebPage","@id":"https:\/\/talleresalquezar.es\/en\/sectors\/concrete\/dosed\/","url":"https:\/\/talleresalquezar.es\/en\/sectors\/concrete\/dosed\/","name":"Dosed | Concrete | Alquezar","isPartOf":{"@id":"https:\/\/talleresalquezar.es\/en\/#website"},"datePublished":"2025-07-14T15:05:44+00:00","dateModified":"2026-02-09T17:58:49+00:00","description":"At Alquezar, we design concrete batching plants that deliver fast, efficient, and cost-effective supply for all types of construction projects.","breadcrumb":{"@id":"https:\/\/talleresalquezar.es\/en\/sectors\/concrete\/dosed\/#breadcrumb"},"inLanguage":"en-US","potentialAction":[{"@type":"ReadAction","target":["https:\/\/talleresalquezar.es\/en\/sectors\/concrete\/dosed\/"]}]},{"@type":"BreadcrumbList","@id":"https:\/\/talleresalquezar.es\/en\/sectors\/concrete\/dosed\/#breadcrumb","itemListElement":[{"@type":"ListItem","position":1,"name":"Portada","item":"https:\/\/talleresalquezar.es\/en\/home\/"},{"@type":"ListItem","position":2,"name":"Sectors","item":"https:\/\/talleresalquezar.es\/en\/sectores\/"},{"@type":"ListItem","position":3,"name":"Concrete","item":"https:\/\/talleresalquezar.es\/en\/sectores\/hormigon\/"},{"@type":"ListItem","position":4,"name":"Dosed"}]},{"@type":"WebSite","@id":"https:\/\/talleresalquezar.es\/en\/#website","url":"https:\/\/talleresalquezar.es\/en\/","name":"Talleres\u202fAlqu\u00e9zar","description":"Talleres\u202fAlqu\u00e9zar dise\u00f1a y fabrica plantas llave en mano para hormig\u00f3n, \u00e1ridos, mortero y reciclaje, con m\u00e1s de 60\u202fa\u00f1os de experiencia en Zaragoza y presencia internacional.","publisher":{"@id":"https:\/\/talleresalquezar.es\/en\/#organization"},"alternateName":"Talleres Alquezar Zaragoza","potentialAction":[{"@type":"SearchAction","target":{"@type":"EntryPoint","urlTemplate":"https:\/\/talleresalquezar.es\/en\/?s={search_term_string}"},"query-input":{"@type":"PropertyValueSpecification","valueRequired":true,"valueName":"search_term_string"}}],"inLanguage":"en-US"},{"@type":"Organization","@id":"https:\/\/talleresalquezar.es\/en\/#organization","name":"Talleres\u202fAlqu\u00e9zar","alternateName":"Talleres\u202fAlqu\u00e9zar Zaragoza","url":"https:\/\/talleresalquezar.es\/en\/","logo":{"@type":"ImageObject","inLanguage":"en-US","@id":"https:\/\/talleresalquezar.es\/en\/#\/schema\/logo\/image\/","url":"https:\/\/talleresalquezar.es\/wp-content\/uploads\/2025\/07\/Lofotipo-talleres-alquezar-zaragoza-cintasa.png","contentUrl":"https:\/\/talleresalquezar.es\/wp-content\/uploads\/2025\/07\/Lofotipo-talleres-alquezar-zaragoza-cintasa.png","width":400,"height":84,"caption":"Talleres\u202fAlqu\u00e9zar"},"image":{"@id":"https:\/\/talleresalquezar.es\/en\/#\/schema\/logo\/image\/"}}]}},"_links":{"self":[{"href":"https:\/\/talleresalquezar.es\/en\/wp-json\/wp\/v2\/pages\/1075","targetHints":{"allow":["GET"]}}],"collection":[{"href":"https:\/\/talleresalquezar.es\/en\/wp-json\/wp\/v2\/pages"}],"about":[{"href":"https:\/\/talleresalquezar.es\/en\/wp-json\/wp\/v2\/types\/page"}],"author":[{"embeddable":true,"href":"https:\/\/talleresalquezar.es\/en\/wp-json\/wp\/v2\/users\/1"}],"replies":[{"embeddable":true,"href":"https:\/\/talleresalquezar.es\/en\/wp-json\/wp\/v2\/comments?post=1075"}],"version-history":[{"count":2,"href":"https:\/\/talleresalquezar.es\/en\/wp-json\/wp\/v2\/pages\/1075\/revisions"}],"predecessor-version":[{"id":1077,"href":"https:\/\/talleresalquezar.es\/en\/wp-json\/wp\/v2\/pages\/1075\/revisions\/1077"}],"up":[{"embeddable":true,"href":"https:\/\/talleresalquezar.es\/en\/wp-json\/wp\/v2\/pages\/1071"}],"wp:attachment":[{"href":"https:\/\/talleresalquezar.es\/en\/wp-json\/wp\/v2\/media?parent=1075"}],"curies":[{"name":"wp","href":"https:\/\/api.w.org\/{rel}","templated":true}]}}