{"id":662,"date":"2025-07-14T16:49:12","date_gmt":"2025-07-14T14:49:12","guid":{"rendered":"https:\/\/talleresalquezar.es\/resorces\/"},"modified":"2026-02-09T19:20:02","modified_gmt":"2026-02-09T18:20:02","slug":"resorces","status":"publish","type":"page","link":"https:\/\/talleresalquezar.es\/en\/corporative\/resorces\/","title":{"rendered":"RESORCES"},"content":{"rendered":"<section class=\"l-section wpb_row height_small color_primary\"><div class=\"l-section-h i-cf\"><div class=\"g-cols vc_row via_grid cols_1 laptops-cols_inherit tablets-cols_inherit mobiles-cols_1 valign_top type_default stacking_default\"><div class=\"wpb_column vc_column_container\"><div class=\"vc_column-inner\"><h1 class=\"w-text us_custom_eb849559\"><span class=\"w-text-h\"><span class=\"w-text-value\">RESORCES<\/span><\/span><\/h1><\/div><\/div><\/div><\/div><\/section><section class=\"l-section wpb_row height_auto\"><div class=\"l-section-h i-cf\"><div class=\"g-cols vc_row via_grid cols_2 laptops-cols_inherit tablets-cols_inherit mobiles-cols_1 valign_middle type_default stacking_default\"><div class=\"wpb_column vc_column_container\"><div class=\"vc_column-inner\"><div class=\"w-separator size_medium\"><\/div><h2 class=\"w-text\"><span class=\"w-text-h\"><span class=\"w-text-value\">Productive Process<\/span><\/span><\/h2><div class=\"wpb_text_column\"><div class=\"wpb_wrapper\"><p>Our production process is designed to ensure the highest quality at every stage of manufacturing. From the selection of raw materials to final delivery, we implement rigorous controls and adopt advanced technologies that enable us to optimize resources and minimize environmental impact. This approach ensures that we deliver products that meet the highest industry standards.<\/p>\n<\/div><\/div><div class=\"w-separator size_medium\"><\/div><\/div><\/div><div class=\"wpb_column vc_column_container stretched\"><div class=\"vc_column-inner\"><div class=\"w-image align_none\"><div class=\"w-image-h\"><img decoding=\"async\" width=\"1024\" height=\"768\" src=\"https:\/\/talleresalquezar.es\/wp-content\/uploads\/2025\/07\/Medios-Productivos-2-1024x768.jpg\" class=\"attachment-large size-large\" alt=\"Proceso Productivo\" loading=\"lazy\" srcset=\"https:\/\/talleresalquezar.es\/wp-content\/uploads\/2025\/07\/Medios-Productivos-2-1024x768.jpg 1024w, https:\/\/talleresalquezar.es\/wp-content\/uploads\/2025\/07\/Medios-Productivos-2-300x225.jpg 300w, https:\/\/talleresalquezar.es\/wp-content\/uploads\/2025\/07\/Medios-Productivos-2.jpg 1920w\" sizes=\"auto, (max-width: 1024px) 100vw, 1024px\" \/><\/div><\/div><\/div><\/div><\/div><\/div><\/section><section class=\"l-section wpb_row height_medium color_alternate\"><div class=\"l-section-h i-cf\"><div class=\"g-cols vc_row via_grid cols_2 laptops-cols_inherit tablets-cols_inherit mobiles-cols_1 valign_top type_default stacking_default\"><div class=\"wpb_column vc_column_container us_custom_836f727b has_text_color\"><div class=\"vc_column-inner\"><div class=\"w-image align_none\"><div class=\"w-image-h\"><img decoding=\"async\" width=\"1024\" height=\"682\" src=\"https:\/\/talleresalquezar.es\/wp-content\/uploads\/2025\/10\/Taller-Alquezar-1024x682.jpg\" class=\"attachment-large size-large\" alt=\"\" loading=\"lazy\" srcset=\"https:\/\/talleresalquezar.es\/wp-content\/uploads\/2025\/10\/Taller-Alquezar-1024x682.jpg 1024w, https:\/\/talleresalquezar.es\/wp-content\/uploads\/2025\/10\/Taller-Alquezar-300x200.jpg 300w, https:\/\/talleresalquezar.es\/wp-content\/uploads\/2025\/10\/Taller-Alquezar.jpg 1280w\" sizes=\"auto, (max-width: 1024px) 100vw, 1024px\" \/><\/div><\/div><\/div><\/div><div class=\"wpb_column vc_column_container\"><div class=\"vc_column-inner\"><h2 class=\"w-text\"><span class=\"w-text-h\"><span class=\"w-text-value\">Human Resources<\/span><\/span><\/h2><div class=\"wpb_text_column\"><div class=\"wpb_wrapper\"><p>We have a multidisciplinary team of passionate professionals committed to excellence. Our engineers, technicians, and specialists contribute their expertise and knowledge to every project, working in synergy to develop innovative solutions tailored to the specific needs of our clients. Continuous training and professional development are fundamental pillars of our corporate culture.<\/p>\n<\/div><\/div><\/div><\/div><\/div><\/div><\/section><section class=\"l-section wpb_row height_medium\"><div class=\"l-section-h i-cf\"><div class=\"g-cols vc_row via_grid cols_2 laptops-cols_inherit tablets-cols_inherit mobiles-cols_1 valign_top type_default stacking_default\" style=\"--columns-gap:20px;\"><div class=\"wpb_column vc_column_container us_custom_ddcc4fbc\"><div class=\"vc_column-overlay\" style=\"background:var(--color-alt-content-bg)\"><\/div><div class=\"vc_column-inner\"><h2 class=\"w-text\"><span class=\"w-text-h\"><span class=\"w-text-value\">Technical Resources<\/span><\/span><\/h2><div class=\"wpb_text_column\"><div class=\"wpb_wrapper\"><p>At Alqu\u00e9zar, we continuously invest in state-of-the-art technical resources. Our facilities are equipped with advanced machinery and tools that allow us to carry out precise and efficient manufacturing processes. In addition, we incorporate automation and control systems that ensure consistency and quality in our products, thereby guaranteeing customer satisfaction.<\/p>\n<p>This synergy between optimized processes, an exceptional team, and cutting-edge technology enables us to deliver high value-added solutions in the construction and engineering sector.<\/p>\n<\/div><\/div><\/div><\/div><div class=\"wpb_column vc_column_container\"><div class=\"vc_column-inner\"><div class=\"w-image align_none\"><div class=\"w-image-h\"><img decoding=\"async\" width=\"1024\" height=\"768\" src=\"https:\/\/talleresalquezar.es\/wp-content\/uploads\/2025\/07\/Medios-Productivos-3-1024x768.jpg\" class=\"attachment-large size-large\" alt=\"Medios T\u00e9cnicos\" loading=\"lazy\" srcset=\"https:\/\/talleresalquezar.es\/wp-content\/uploads\/2025\/07\/Medios-Productivos-3-1024x768.jpg 1024w, https:\/\/talleresalquezar.es\/wp-content\/uploads\/2025\/07\/Medios-Productivos-3-300x225.jpg 300w, https:\/\/talleresalquezar.es\/wp-content\/uploads\/2025\/07\/Medios-Productivos-3.jpg 1920w\" sizes=\"auto, (max-width: 1024px) 100vw, 1024px\" \/><\/div><\/div><\/div><\/div><\/div><\/div><\/section>\n","protected":false},"excerpt":{"rendered":"RESORCESProductive ProcessOur production process is designed to ensure the highest quality at every stage of manufacturing. From the selection of raw materials to final delivery, we implement rigorous controls and adopt advanced technologies that enable us to optimize resources and minimize environmental impact. This approach ensures that we deliver products that meet the highest industry...","protected":false},"author":1,"featured_media":0,"parent":678,"menu_order":0,"comment_status":"closed","ping_status":"closed","template":"","meta":{"footnotes":""},"class_list":["post-662","page","type-page","status-publish","hentry"],"yoast_head":"<!-- This site is optimized with the Yoast SEO plugin v27.3 - https:\/\/yoast.com\/product\/yoast-seo-wordpress\/ -->\n<title>RESORCES | Alquezar<\/title>\n<meta name=\"description\" content=\"Nuestro proceso productivo est\u00e1 dise\u00f1ado para garantizar la m\u00e1xima calidad en cada etapa de fabricaci\u00f3n.\" \/>\n<meta name=\"robots\" content=\"index, follow, max-snippet:-1, max-image-preview:large, max-video-preview:-1\" \/>\n<link rel=\"canonical\" href=\"https:\/\/talleresalquezar.es\/en\/corporative\/resorces\/\" \/>\n<meta property=\"og:locale\" content=\"en_US\" \/>\n<meta property=\"og:type\" content=\"article\" \/>\n<meta property=\"og:title\" content=\"RESORCES | Alquezar\" \/>\n<meta property=\"og:description\" content=\"Nuestro proceso productivo est\u00e1 dise\u00f1ado para garantizar la m\u00e1xima calidad en cada etapa de fabricaci\u00f3n.\" \/>\n<meta property=\"og:url\" content=\"https:\/\/talleresalquezar.es\/en\/corporative\/resorces\/\" \/>\n<meta property=\"og:site_name\" content=\"Talleres Alqu\u00e9zar\" \/>\n<meta property=\"article:modified_time\" content=\"2026-02-09T18:20:02+00:00\" \/>\n<meta property=\"og:image\" content=\"https:\/\/talleresalquezar.es\/wp-content\/uploads\/2025\/07\/Lofotipo-talleres-alquezar-zaragoza-cintasa.png\" \/>\n\t<meta property=\"og:image:width\" content=\"400\" \/>\n\t<meta property=\"og:image:height\" content=\"84\" \/>\n\t<meta property=\"og:image:type\" content=\"image\/png\" \/>\n<meta name=\"twitter:card\" content=\"summary_large_image\" \/>\n<meta name=\"twitter:label1\" content=\"Est. reading time\" \/>\n\t<meta name=\"twitter:data1\" content=\"1 minute\" \/>\n<script type=\"application\/ld+json\" class=\"yoast-schema-graph\">{\"@context\":\"https:\\\/\\\/schema.org\",\"@graph\":[{\"@type\":\"WebPage\",\"@id\":\"https:\\\/\\\/talleresalquezar.es\\\/en\\\/corporative\\\/resorces\\\/\",\"url\":\"https:\\\/\\\/talleresalquezar.es\\\/en\\\/corporative\\\/resorces\\\/\",\"name\":\"RESORCES | Alquezar\",\"isPartOf\":{\"@id\":\"https:\\\/\\\/talleresalquezar.es\\\/en\\\/#website\"},\"datePublished\":\"2025-07-14T14:49:12+00:00\",\"dateModified\":\"2026-02-09T18:20:02+00:00\",\"description\":\"Nuestro proceso productivo est\u00e1 dise\u00f1ado para garantizar la m\u00e1xima calidad en cada etapa de fabricaci\u00f3n.\",\"breadcrumb\":{\"@id\":\"https:\\\/\\\/talleresalquezar.es\\\/en\\\/corporative\\\/resorces\\\/#breadcrumb\"},\"inLanguage\":\"en-US\",\"potentialAction\":[{\"@type\":\"ReadAction\",\"target\":[\"https:\\\/\\\/talleresalquezar.es\\\/en\\\/corporative\\\/resorces\\\/\"]}]},{\"@type\":\"BreadcrumbList\",\"@id\":\"https:\\\/\\\/talleresalquezar.es\\\/en\\\/corporative\\\/resorces\\\/#breadcrumb\",\"itemListElement\":[{\"@type\":\"ListItem\",\"position\":1,\"name\":\"Portada\",\"item\":\"https:\\\/\\\/talleresalquezar.es\\\/en\\\/home\\\/\"},{\"@type\":\"ListItem\",\"position\":2,\"name\":\"Corporative\",\"item\":\"https:\\\/\\\/talleresalquezar.es\\\/en\\\/corporativo\\\/\"},{\"@type\":\"ListItem\",\"position\":3,\"name\":\"RESORCES\"}]},{\"@type\":\"WebSite\",\"@id\":\"https:\\\/\\\/talleresalquezar.es\\\/en\\\/#website\",\"url\":\"https:\\\/\\\/talleresalquezar.es\\\/en\\\/\",\"name\":\"Talleres\u202fAlqu\u00e9zar\",\"description\":\"Talleres\u202fAlqu\u00e9zar dise\u00f1a y fabrica plantas llave en mano para hormig\u00f3n, \u00e1ridos, mortero y reciclaje, con m\u00e1s de 60\u202fa\u00f1os de experiencia en Zaragoza y presencia internacional.\",\"publisher\":{\"@id\":\"https:\\\/\\\/talleresalquezar.es\\\/en\\\/#organization\"},\"alternateName\":\"Talleres Alquezar Zaragoza\",\"potentialAction\":[{\"@type\":\"SearchAction\",\"target\":{\"@type\":\"EntryPoint\",\"urlTemplate\":\"https:\\\/\\\/talleresalquezar.es\\\/en\\\/?s={search_term_string}\"},\"query-input\":{\"@type\":\"PropertyValueSpecification\",\"valueRequired\":true,\"valueName\":\"search_term_string\"}}],\"inLanguage\":\"en-US\"},{\"@type\":\"Organization\",\"@id\":\"https:\\\/\\\/talleresalquezar.es\\\/en\\\/#organization\",\"name\":\"Talleres\u202fAlqu\u00e9zar\",\"alternateName\":\"Talleres\u202fAlqu\u00e9zar Zaragoza\",\"url\":\"https:\\\/\\\/talleresalquezar.es\\\/en\\\/\",\"logo\":{\"@type\":\"ImageObject\",\"inLanguage\":\"en-US\",\"@id\":\"https:\\\/\\\/talleresalquezar.es\\\/en\\\/#\\\/schema\\\/logo\\\/image\\\/\",\"url\":\"https:\\\/\\\/talleresalquezar.es\\\/wp-content\\\/uploads\\\/2025\\\/07\\\/Lofotipo-talleres-alquezar-zaragoza-cintasa.png\",\"contentUrl\":\"https:\\\/\\\/talleresalquezar.es\\\/wp-content\\\/uploads\\\/2025\\\/07\\\/Lofotipo-talleres-alquezar-zaragoza-cintasa.png\",\"width\":400,\"height\":84,\"caption\":\"Talleres\u202fAlqu\u00e9zar\"},\"image\":{\"@id\":\"https:\\\/\\\/talleresalquezar.es\\\/en\\\/#\\\/schema\\\/logo\\\/image\\\/\"}}]}<\/script>\n<!-- \/ Yoast SEO plugin. -->","yoast_head_json":{"title":"RESORCES | Alquezar","description":"Nuestro proceso productivo est\u00e1 dise\u00f1ado para garantizar la m\u00e1xima calidad en cada etapa de fabricaci\u00f3n.","robots":{"index":"index","follow":"follow","max-snippet":"max-snippet:-1","max-image-preview":"max-image-preview:large","max-video-preview":"max-video-preview:-1"},"canonical":"https:\/\/talleresalquezar.es\/en\/corporative\/resorces\/","og_locale":"en_US","og_type":"article","og_title":"RESORCES | Alquezar","og_description":"Nuestro proceso productivo est\u00e1 dise\u00f1ado para garantizar la m\u00e1xima calidad en cada etapa de fabricaci\u00f3n.","og_url":"https:\/\/talleresalquezar.es\/en\/corporative\/resorces\/","og_site_name":"Talleres Alqu\u00e9zar","article_modified_time":"2026-02-09T18:20:02+00:00","og_image":[{"width":400,"height":84,"url":"https:\/\/talleresalquezar.es\/wp-content\/uploads\/2025\/07\/Lofotipo-talleres-alquezar-zaragoza-cintasa.png","type":"image\/png"}],"twitter_card":"summary_large_image","twitter_misc":{"Est. reading time":"1 minute"},"schema":{"@context":"https:\/\/schema.org","@graph":[{"@type":"WebPage","@id":"https:\/\/talleresalquezar.es\/en\/corporative\/resorces\/","url":"https:\/\/talleresalquezar.es\/en\/corporative\/resorces\/","name":"RESORCES | Alquezar","isPartOf":{"@id":"https:\/\/talleresalquezar.es\/en\/#website"},"datePublished":"2025-07-14T14:49:12+00:00","dateModified":"2026-02-09T18:20:02+00:00","description":"Nuestro proceso productivo est\u00e1 dise\u00f1ado para garantizar la m\u00e1xima calidad en cada etapa de fabricaci\u00f3n.","breadcrumb":{"@id":"https:\/\/talleresalquezar.es\/en\/corporative\/resorces\/#breadcrumb"},"inLanguage":"en-US","potentialAction":[{"@type":"ReadAction","target":["https:\/\/talleresalquezar.es\/en\/corporative\/resorces\/"]}]},{"@type":"BreadcrumbList","@id":"https:\/\/talleresalquezar.es\/en\/corporative\/resorces\/#breadcrumb","itemListElement":[{"@type":"ListItem","position":1,"name":"Portada","item":"https:\/\/talleresalquezar.es\/en\/home\/"},{"@type":"ListItem","position":2,"name":"Corporative","item":"https:\/\/talleresalquezar.es\/en\/corporativo\/"},{"@type":"ListItem","position":3,"name":"RESORCES"}]},{"@type":"WebSite","@id":"https:\/\/talleresalquezar.es\/en\/#website","url":"https:\/\/talleresalquezar.es\/en\/","name":"Talleres\u202fAlqu\u00e9zar","description":"Talleres\u202fAlqu\u00e9zar dise\u00f1a y fabrica plantas llave en mano para hormig\u00f3n, \u00e1ridos, mortero y reciclaje, con m\u00e1s de 60\u202fa\u00f1os de experiencia en Zaragoza y presencia internacional.","publisher":{"@id":"https:\/\/talleresalquezar.es\/en\/#organization"},"alternateName":"Talleres Alquezar Zaragoza","potentialAction":[{"@type":"SearchAction","target":{"@type":"EntryPoint","urlTemplate":"https:\/\/talleresalquezar.es\/en\/?s={search_term_string}"},"query-input":{"@type":"PropertyValueSpecification","valueRequired":true,"valueName":"search_term_string"}}],"inLanguage":"en-US"},{"@type":"Organization","@id":"https:\/\/talleresalquezar.es\/en\/#organization","name":"Talleres\u202fAlqu\u00e9zar","alternateName":"Talleres\u202fAlqu\u00e9zar Zaragoza","url":"https:\/\/talleresalquezar.es\/en\/","logo":{"@type":"ImageObject","inLanguage":"en-US","@id":"https:\/\/talleresalquezar.es\/en\/#\/schema\/logo\/image\/","url":"https:\/\/talleresalquezar.es\/wp-content\/uploads\/2025\/07\/Lofotipo-talleres-alquezar-zaragoza-cintasa.png","contentUrl":"https:\/\/talleresalquezar.es\/wp-content\/uploads\/2025\/07\/Lofotipo-talleres-alquezar-zaragoza-cintasa.png","width":400,"height":84,"caption":"Talleres\u202fAlqu\u00e9zar"},"image":{"@id":"https:\/\/talleresalquezar.es\/en\/#\/schema\/logo\/image\/"}}]}},"_links":{"self":[{"href":"https:\/\/talleresalquezar.es\/en\/wp-json\/wp\/v2\/pages\/662","targetHints":{"allow":["GET"]}}],"collection":[{"href":"https:\/\/talleresalquezar.es\/en\/wp-json\/wp\/v2\/pages"}],"about":[{"href":"https:\/\/talleresalquezar.es\/en\/wp-json\/wp\/v2\/types\/page"}],"author":[{"embeddable":true,"href":"https:\/\/talleresalquezar.es\/en\/wp-json\/wp\/v2\/users\/1"}],"replies":[{"embeddable":true,"href":"https:\/\/talleresalquezar.es\/en\/wp-json\/wp\/v2\/comments?post=662"}],"version-history":[{"count":7,"href":"https:\/\/talleresalquezar.es\/en\/wp-json\/wp\/v2\/pages\/662\/revisions"}],"predecessor-version":[{"id":1423,"href":"https:\/\/talleresalquezar.es\/en\/wp-json\/wp\/v2\/pages\/662\/revisions\/1423"}],"up":[{"embeddable":true,"href":"https:\/\/talleresalquezar.es\/en\/wp-json\/wp\/v2\/pages\/678"}],"wp:attachment":[{"href":"https:\/\/talleresalquezar.es\/en\/wp-json\/wp\/v2\/media?parent=662"}],"curies":[{"name":"wp","href":"https:\/\/api.w.org\/{rel}","templated":true}]}}