{"id":668,"date":"2025-07-14T16:50:29","date_gmt":"2025-07-14T14:50:29","guid":{"rendered":"https:\/\/talleresalquezar.es\/engineering\/"},"modified":"2026-02-09T18:58:31","modified_gmt":"2026-02-09T17:58:31","slug":"engineering","status":"publish","type":"page","link":"https:\/\/talleresalquezar.es\/en\/services\/engineering\/","title":{"rendered":"Engineering"},"content":{"rendered":"<section class=\"l-section wpb_row height_small color_primary\"><div class=\"l-section-h i-cf\"><div class=\"g-cols vc_row via_grid cols_1 laptops-cols_inherit tablets-cols_inherit mobiles-cols_1 valign_top type_default stacking_default\"><div class=\"wpb_column vc_column_container\"><div class=\"vc_column-inner\"><h1 class=\"w-text us_custom_eb849559\"><span class=\"w-text-h\"><span class=\"w-text-value\">Engineering<\/span><\/span><\/h1><\/div><\/div><\/div><\/div><\/section><section class=\"l-section wpb_row height_auto\"><div class=\"l-section-h i-cf\"><div class=\"g-cols vc_row via_grid cols_2 laptops-cols_inherit tablets-cols_inherit mobiles-cols_1 valign_middle type_default stacking_default\"><div class=\"wpb_column vc_column_container\"><div class=\"vc_column-inner\"><div class=\"w-separator size_medium\"><\/div><h2 class=\"w-text\"><span class=\"w-text-h\"><span class=\"w-text-value\">Own Engineering and Design: The Key to Innovation at Alquezar<\/span><\/span><\/h2><div class=\"wpb_text_column\"><div class=\"wpb_wrapper\"><p>In Alquezar, own engineering and design are basic pillars that set us apart in the industry. We have a highly specialized technical team that develops innovative solutions to the specific needs of each customer. This skill allows us to guarantee quality, flexibility, and efficiency in every one of our products.<\/p>\n<\/div><\/div><div class=\"w-separator size_medium\"><\/div><\/div><\/div><div class=\"wpb_column vc_column_container stretched\"><div class=\"vc_column-inner\"><div class=\"w-image align_none\"><div class=\"w-image-h\"><img decoding=\"async\" width=\"1024\" height=\"683\" src=\"https:\/\/talleresalquezar.es\/wp-content\/uploads\/2025\/10\/Servicios-ingenieria-1024x683.jpg\" class=\"attachment-large size-large\" alt=\"\" loading=\"lazy\" srcset=\"https:\/\/talleresalquezar.es\/wp-content\/uploads\/2025\/10\/Servicios-ingenieria-1024x683.jpg 1024w, https:\/\/talleresalquezar.es\/wp-content\/uploads\/2025\/10\/Servicios-ingenieria-300x200.jpg 300w, https:\/\/talleresalquezar.es\/wp-content\/uploads\/2025\/10\/Servicios-ingenieria.jpg 1536w\" sizes=\"auto, (max-width: 1024px) 100vw, 1024px\" \/><\/div><\/div><\/div><\/div><\/div><\/div><\/section><section class=\"l-section wpb_row height_medium color_alternate\"><div class=\"l-section-h i-cf\"><div class=\"g-cols vc_row via_grid cols_1 laptops-cols_inherit tablets-cols_inherit mobiles-cols_1 valign_top type_default stacking_default\"><div class=\"wpb_column vc_column_container\"><div class=\"vc_column-inner\"><div class=\"g-cols wpb_row via_grid cols_2 laptops-cols_inherit tablets-cols_inherit mobiles-cols_1 valign_top type_default stacking_default\" style=\"--columns-gap:3rem;\"><div class=\"wpb_column vc_column_container us_custom_a9be633b has_bg_color\"><div class=\"vc_column-inner\"><h2 class=\"w-text\"><span class=\"w-text-h\"><span class=\"w-text-value\">Dedicated solutions for Every ProjectMedida para Cada Proyecto<\/span><\/span><\/h2><div class=\"wpb_text_column\"><div class=\"wpb_wrapper\"><p>Our engineering team works jointly with customers to understand their requirements and turn their ideas into reality. From concept and design to manufacturing and commissioning, we ensure that each plant and machine not only meets technical and safety standards, also maximizing productivity and efficiency for the project in which it will be used.<\/p>\n<\/div><\/div><\/div><\/div><div class=\"wpb_column vc_column_container us_custom_315b8835 has_bg_color\"><div class=\"vc_column-inner\"><h2 class=\"w-text\"><span class=\"w-text-h\"><span class=\"w-text-value\">Full Process Control<\/span><\/span><\/h2><div class=\"wpb_text_column\"><div class=\"wpb_wrapper\"><p>Thanks to our own engineering, Alquezar has full control over the entire product lifecycle. This allows us to offer fully customized solutions, precisely adapted to the specific demands of each industry, improving both performance and profitability.<\/p>\n<\/div><\/div><\/div><\/div><\/div><\/div><\/div><\/div><\/div><\/section><section class=\"l-section wpb_row height_medium\"><div class=\"l-section-h i-cf\"><div class=\"g-cols vc_row via_grid cols_2 laptops-cols_inherit tablets-cols_inherit mobiles-cols_1 valign_top type_default stacking_default\" style=\"--columns-gap:20px;\"><div class=\"wpb_column vc_column_container us_custom_ddcc4fbc\"><div class=\"vc_column-overlay\" style=\"background:var(--color-alt-content-bg)\"><\/div><div class=\"vc_column-inner\"><h2 class=\"w-text\"><span class=\"w-text-h\"><span class=\"w-text-value\">Innovation and Quality at Every Stage<\/span><\/span><\/h2><div class=\"wpb_text_column\"><div class=\"wpb_wrapper\"><p>Every detail matters. That\u2019s why our team designs, tests, and refines each product to ensure high standards of quality and durability. We are committed to continuous innovation, ensuring our technological solutions and remaining at the forefront of the industry.<\/p>\n<p>In Alquezar, we don\u2019t just build machinery \u2014 we design the future of the industry.<\/p>\n<\/div><\/div><\/div><\/div><div class=\"wpb_column vc_column_container\"><div class=\"vc_column-inner\"><div class=\"w-image align_none\"><div class=\"w-image-h\"><img decoding=\"async\" width=\"1024\" height=\"683\" src=\"https:\/\/talleresalquezar.es\/wp-content\/uploads\/2025\/07\/Innovacion-y-Calidad-en-Cada-Etapa-1024x683.jpg\" class=\"attachment-large size-large\" alt=\"Innovaci\u00f3n y Calidad en Cada Etapa\" loading=\"lazy\" srcset=\"https:\/\/talleresalquezar.es\/wp-content\/uploads\/2025\/07\/Innovacion-y-Calidad-en-Cada-Etapa-1024x683.jpg 1024w, https:\/\/talleresalquezar.es\/wp-content\/uploads\/2025\/07\/Innovacion-y-Calidad-en-Cada-Etapa-300x200.jpg 300w, https:\/\/talleresalquezar.es\/wp-content\/uploads\/2025\/07\/Innovacion-y-Calidad-en-Cada-Etapa.jpg 1920w\" sizes=\"auto, (max-width: 1024px) 100vw, 1024px\" \/><\/div><\/div><\/div><\/div><\/div><\/div><\/section>\n","protected":false},"excerpt":{"rendered":"EngineeringOwn Engineering and Design: The Key to Innovation at AlquezarIn Alquezar, own engineering and design are basic pillars that set us apart in the industry. We have a highly specialized technical team that develops innovative solutions to the specific needs of each customer. This skill allows us to guarantee quality, flexibility, and efficiency in every...","protected":false},"author":1,"featured_media":0,"parent":693,"menu_order":0,"comment_status":"closed","ping_status":"closed","template":"","meta":{"footnotes":""},"class_list":["post-668","page","type-page","status-publish","hentry"],"yoast_head":"<!-- This site is optimized with the Yoast SEO plugin v27.3 - https:\/\/yoast.com\/product\/yoast-seo-wordpress\/ -->\n<title>Engineering | Alquezar<\/title>\n<meta name=\"description\" content=\"In Alquezar, own engineering and design are basic pillars that set us apart in the industry.\" \/>\n<meta name=\"robots\" content=\"index, follow, max-snippet:-1, max-image-preview:large, max-video-preview:-1\" \/>\n<link rel=\"canonical\" href=\"https:\/\/talleresalquezar.es\/en\/services\/engineering\/\" \/>\n<meta property=\"og:locale\" content=\"en_US\" \/>\n<meta property=\"og:type\" content=\"article\" \/>\n<meta property=\"og:title\" content=\"Engineering | Alquezar\" \/>\n<meta property=\"og:description\" content=\"In Alquezar, own engineering and design are basic pillars that set us apart in the industry.\" \/>\n<meta property=\"og:url\" content=\"https:\/\/talleresalquezar.es\/en\/services\/engineering\/\" \/>\n<meta property=\"og:site_name\" content=\"Talleres Alqu\u00e9zar\" \/>\n<meta property=\"article:modified_time\" content=\"2026-02-09T17:58:31+00:00\" \/>\n<meta property=\"og:image\" content=\"https:\/\/talleresalquezar.es\/wp-content\/uploads\/2025\/07\/Lofotipo-talleres-alquezar-zaragoza-cintasa.png\" \/>\n\t<meta property=\"og:image:width\" content=\"400\" \/>\n\t<meta property=\"og:image:height\" content=\"84\" \/>\n\t<meta property=\"og:image:type\" content=\"image\/png\" \/>\n<meta name=\"twitter:card\" content=\"summary_large_image\" \/>\n<meta name=\"twitter:label1\" content=\"Est. reading time\" \/>\n\t<meta name=\"twitter:data1\" content=\"2 minutes\" \/>\n<script type=\"application\/ld+json\" class=\"yoast-schema-graph\">{\"@context\":\"https:\\\/\\\/schema.org\",\"@graph\":[{\"@type\":\"WebPage\",\"@id\":\"https:\\\/\\\/talleresalquezar.es\\\/en\\\/services\\\/engineering\\\/\",\"url\":\"https:\\\/\\\/talleresalquezar.es\\\/en\\\/services\\\/engineering\\\/\",\"name\":\"Engineering | Alquezar\",\"isPartOf\":{\"@id\":\"https:\\\/\\\/talleresalquezar.es\\\/en\\\/#website\"},\"datePublished\":\"2025-07-14T14:50:29+00:00\",\"dateModified\":\"2026-02-09T17:58:31+00:00\",\"description\":\"In Alquezar, own engineering and design are basic pillars that set us apart in the industry.\",\"breadcrumb\":{\"@id\":\"https:\\\/\\\/talleresalquezar.es\\\/en\\\/services\\\/engineering\\\/#breadcrumb\"},\"inLanguage\":\"en-US\",\"potentialAction\":[{\"@type\":\"ReadAction\",\"target\":[\"https:\\\/\\\/talleresalquezar.es\\\/en\\\/services\\\/engineering\\\/\"]}]},{\"@type\":\"BreadcrumbList\",\"@id\":\"https:\\\/\\\/talleresalquezar.es\\\/en\\\/services\\\/engineering\\\/#breadcrumb\",\"itemListElement\":[{\"@type\":\"ListItem\",\"position\":1,\"name\":\"Portada\",\"item\":\"https:\\\/\\\/talleresalquezar.es\\\/en\\\/home\\\/\"},{\"@type\":\"ListItem\",\"position\":2,\"name\":\"Services\",\"item\":\"https:\\\/\\\/talleresalquezar.es\\\/en\\\/servicios\\\/\"},{\"@type\":\"ListItem\",\"position\":3,\"name\":\"Engineering\"}]},{\"@type\":\"WebSite\",\"@id\":\"https:\\\/\\\/talleresalquezar.es\\\/en\\\/#website\",\"url\":\"https:\\\/\\\/talleresalquezar.es\\\/en\\\/\",\"name\":\"Talleres\u202fAlqu\u00e9zar\",\"description\":\"Talleres\u202fAlqu\u00e9zar dise\u00f1a y fabrica plantas llave en mano para hormig\u00f3n, \u00e1ridos, mortero y reciclaje, con m\u00e1s de 60\u202fa\u00f1os de experiencia en Zaragoza y presencia internacional.\",\"publisher\":{\"@id\":\"https:\\\/\\\/talleresalquezar.es\\\/en\\\/#organization\"},\"alternateName\":\"Talleres Alquezar Zaragoza\",\"potentialAction\":[{\"@type\":\"SearchAction\",\"target\":{\"@type\":\"EntryPoint\",\"urlTemplate\":\"https:\\\/\\\/talleresalquezar.es\\\/en\\\/?s={search_term_string}\"},\"query-input\":{\"@type\":\"PropertyValueSpecification\",\"valueRequired\":true,\"valueName\":\"search_term_string\"}}],\"inLanguage\":\"en-US\"},{\"@type\":\"Organization\",\"@id\":\"https:\\\/\\\/talleresalquezar.es\\\/en\\\/#organization\",\"name\":\"Talleres\u202fAlqu\u00e9zar\",\"alternateName\":\"Talleres\u202fAlqu\u00e9zar Zaragoza\",\"url\":\"https:\\\/\\\/talleresalquezar.es\\\/en\\\/\",\"logo\":{\"@type\":\"ImageObject\",\"inLanguage\":\"en-US\",\"@id\":\"https:\\\/\\\/talleresalquezar.es\\\/en\\\/#\\\/schema\\\/logo\\\/image\\\/\",\"url\":\"https:\\\/\\\/talleresalquezar.es\\\/wp-content\\\/uploads\\\/2025\\\/07\\\/Lofotipo-talleres-alquezar-zaragoza-cintasa.png\",\"contentUrl\":\"https:\\\/\\\/talleresalquezar.es\\\/wp-content\\\/uploads\\\/2025\\\/07\\\/Lofotipo-talleres-alquezar-zaragoza-cintasa.png\",\"width\":400,\"height\":84,\"caption\":\"Talleres\u202fAlqu\u00e9zar\"},\"image\":{\"@id\":\"https:\\\/\\\/talleresalquezar.es\\\/en\\\/#\\\/schema\\\/logo\\\/image\\\/\"}}]}<\/script>\n<!-- \/ Yoast SEO plugin. -->","yoast_head_json":{"title":"Engineering | Alquezar","description":"In Alquezar, own engineering and design are basic pillars that set us apart in the industry.","robots":{"index":"index","follow":"follow","max-snippet":"max-snippet:-1","max-image-preview":"max-image-preview:large","max-video-preview":"max-video-preview:-1"},"canonical":"https:\/\/talleresalquezar.es\/en\/services\/engineering\/","og_locale":"en_US","og_type":"article","og_title":"Engineering | Alquezar","og_description":"In Alquezar, own engineering and design are basic pillars that set us apart in the industry.","og_url":"https:\/\/talleresalquezar.es\/en\/services\/engineering\/","og_site_name":"Talleres Alqu\u00e9zar","article_modified_time":"2026-02-09T17:58:31+00:00","og_image":[{"width":400,"height":84,"url":"https:\/\/talleresalquezar.es\/wp-content\/uploads\/2025\/07\/Lofotipo-talleres-alquezar-zaragoza-cintasa.png","type":"image\/png"}],"twitter_card":"summary_large_image","twitter_misc":{"Est. reading time":"2 minutes"},"schema":{"@context":"https:\/\/schema.org","@graph":[{"@type":"WebPage","@id":"https:\/\/talleresalquezar.es\/en\/services\/engineering\/","url":"https:\/\/talleresalquezar.es\/en\/services\/engineering\/","name":"Engineering | Alquezar","isPartOf":{"@id":"https:\/\/talleresalquezar.es\/en\/#website"},"datePublished":"2025-07-14T14:50:29+00:00","dateModified":"2026-02-09T17:58:31+00:00","description":"In Alquezar, own engineering and design are basic pillars that set us apart in the industry.","breadcrumb":{"@id":"https:\/\/talleresalquezar.es\/en\/services\/engineering\/#breadcrumb"},"inLanguage":"en-US","potentialAction":[{"@type":"ReadAction","target":["https:\/\/talleresalquezar.es\/en\/services\/engineering\/"]}]},{"@type":"BreadcrumbList","@id":"https:\/\/talleresalquezar.es\/en\/services\/engineering\/#breadcrumb","itemListElement":[{"@type":"ListItem","position":1,"name":"Portada","item":"https:\/\/talleresalquezar.es\/en\/home\/"},{"@type":"ListItem","position":2,"name":"Services","item":"https:\/\/talleresalquezar.es\/en\/servicios\/"},{"@type":"ListItem","position":3,"name":"Engineering"}]},{"@type":"WebSite","@id":"https:\/\/talleresalquezar.es\/en\/#website","url":"https:\/\/talleresalquezar.es\/en\/","name":"Talleres\u202fAlqu\u00e9zar","description":"Talleres\u202fAlqu\u00e9zar dise\u00f1a y fabrica plantas llave en mano para hormig\u00f3n, \u00e1ridos, mortero y reciclaje, con m\u00e1s de 60\u202fa\u00f1os de experiencia en Zaragoza y presencia internacional.","publisher":{"@id":"https:\/\/talleresalquezar.es\/en\/#organization"},"alternateName":"Talleres Alquezar Zaragoza","potentialAction":[{"@type":"SearchAction","target":{"@type":"EntryPoint","urlTemplate":"https:\/\/talleresalquezar.es\/en\/?s={search_term_string}"},"query-input":{"@type":"PropertyValueSpecification","valueRequired":true,"valueName":"search_term_string"}}],"inLanguage":"en-US"},{"@type":"Organization","@id":"https:\/\/talleresalquezar.es\/en\/#organization","name":"Talleres\u202fAlqu\u00e9zar","alternateName":"Talleres\u202fAlqu\u00e9zar Zaragoza","url":"https:\/\/talleresalquezar.es\/en\/","logo":{"@type":"ImageObject","inLanguage":"en-US","@id":"https:\/\/talleresalquezar.es\/en\/#\/schema\/logo\/image\/","url":"https:\/\/talleresalquezar.es\/wp-content\/uploads\/2025\/07\/Lofotipo-talleres-alquezar-zaragoza-cintasa.png","contentUrl":"https:\/\/talleresalquezar.es\/wp-content\/uploads\/2025\/07\/Lofotipo-talleres-alquezar-zaragoza-cintasa.png","width":400,"height":84,"caption":"Talleres\u202fAlqu\u00e9zar"},"image":{"@id":"https:\/\/talleresalquezar.es\/en\/#\/schema\/logo\/image\/"}}]}},"_links":{"self":[{"href":"https:\/\/talleresalquezar.es\/en\/wp-json\/wp\/v2\/pages\/668","targetHints":{"allow":["GET"]}}],"collection":[{"href":"https:\/\/talleresalquezar.es\/en\/wp-json\/wp\/v2\/pages"}],"about":[{"href":"https:\/\/talleresalquezar.es\/en\/wp-json\/wp\/v2\/types\/page"}],"author":[{"embeddable":true,"href":"https:\/\/talleresalquezar.es\/en\/wp-json\/wp\/v2\/users\/1"}],"replies":[{"embeddable":true,"href":"https:\/\/talleresalquezar.es\/en\/wp-json\/wp\/v2\/comments?post=668"}],"version-history":[{"count":4,"href":"https:\/\/talleresalquezar.es\/en\/wp-json\/wp\/v2\/pages\/668\/revisions"}],"predecessor-version":[{"id":1315,"href":"https:\/\/talleresalquezar.es\/en\/wp-json\/wp\/v2\/pages\/668\/revisions\/1315"}],"up":[{"embeddable":true,"href":"https:\/\/talleresalquezar.es\/en\/wp-json\/wp\/v2\/pages\/693"}],"wp:attachment":[{"href":"https:\/\/talleresalquezar.es\/en\/wp-json\/wp\/v2\/media?parent=668"}],"curies":[{"name":"wp","href":"https:\/\/api.w.org\/{rel}","templated":true}]}}