{"id":671,"date":"2025-07-14T16:51:45","date_gmt":"2025-07-14T14:51:45","guid":{"rendered":"https:\/\/talleresalquezar.es\/aftermarket-service\/"},"modified":"2026-02-09T18:58:31","modified_gmt":"2026-02-09T17:58:31","slug":"aftermarket-service","status":"publish","type":"page","link":"https:\/\/talleresalquezar.es\/en\/services\/aftermarket-service\/","title":{"rendered":"Aftermarket Service"},"content":{"rendered":"<section class=\"l-section wpb_row height_small color_primary\"><div class=\"l-section-h i-cf\"><div class=\"g-cols vc_row via_grid cols_1 laptops-cols_inherit tablets-cols_inherit mobiles-cols_1 valign_top type_default stacking_default\"><div class=\"wpb_column vc_column_container\"><div class=\"vc_column-inner\"><h1 class=\"w-text us_custom_eb849559\"><span class=\"w-text-h\"><span class=\"w-text-value\">AFTERmarket<\/span><\/span><\/h1><\/div><\/div><\/div><\/div><\/section><section class=\"l-section wpb_row us_custom_eb849559 height_medium width_custom color_alternate\" style=\"--site-content-width:970px;\"><div class=\"l-section-h i-cf\"><div class=\"g-cols vc_row via_grid cols_1 laptops-cols_inherit tablets-cols_inherit mobiles-cols_1 valign_middle type_default stacking_default\"><div class=\"wpb_column vc_column_container\"><div class=\"vc_column-inner\"><div class=\"w-separator size_medium\"><\/div><h2 class=\"w-text\"><span class=\"w-text-h\"><span class=\"w-text-value\">Aftermarket Service: Maintenance and Technical Support for Optimal Performance<\/span><\/span><\/h2><div class=\"wpb_text_column\"><div class=\"wpb_wrapper\"><p>At <strong>Alquezar,<\/strong> we understand that our clients\u2019 productivity depends on the uninterrupted <strong>performance of their equipment. <\/strong> That\u2019s why we offer an efficient <strong>after-sales service<\/strong> designed to ensure maximum efficiency, minimize downtime, and extend the lifespan of every installation<strong>.<\/strong><\/p>\n<\/div><\/div><\/div><\/div><\/div><\/div><\/section><section class=\"l-section wpb_row height_medium\"><div class=\"l-section-h i-cf\"><div class=\"g-cols vc_row via_grid cols_1 laptops-cols_inherit tablets-cols_inherit mobiles-cols_1 valign_top type_default stacking_default\"><div class=\"wpb_column vc_column_container us_custom_eb849559\"><div class=\"vc_column-inner\"><h2 class=\"w-text\"><span class=\"w-text-h\"><span class=\"w-text-value\">Preventive and Corrective Maintenance<\/span><\/span><\/h2><div class=\"wpb_text_column\"><div class=\"wpb_wrapper\"><p>Prevention is key to avoid unexpected failures and costly downtime. Nuestro servicio de mantenimiento incluye:<\/p>\n<\/div><\/div><div class=\"w-separator size_small\"><\/div><div class=\"g-cols wpb_row us_custom_836f727b has_text_color via_grid cols_2 laptops-cols_inherit tablets-cols_inherit mobiles-cols_1 valign_top type_default stacking_default\" style=\"--columns-gap:3rem;\"><div class=\"wpb_column vc_column_container us_custom_c70c97eb has_bg_color\"><div class=\"vc_column-inner\"><h3 class=\"w-text\"><span class=\"w-text-h\"><span class=\"w-text-value\">Preventive maintenance:<\/span><\/span><\/h3><div class=\"wpb_text_column\"><div class=\"wpb_wrapper\"><p>Regular inspections and scheduled reviews to detect and address potential issues before they become major problems.<\/p>\n<\/div><\/div><\/div><\/div><div class=\"wpb_column vc_column_container us_custom_c70c97eb has_bg_color\"><div class=\"vc_column-inner\"><h3 class=\"w-text\"><span class=\"w-text-h\"><span class=\"w-text-value\">Corrective maintenance:<\/span><\/span><\/h3><div class=\"wpb_text_column\"><div class=\"wpb_wrapper\"><p>\u00b7 Fast and efficient repairs to solve any issue and restore equipment to optimal performance in the shortest time possible.<\/p>\n<\/div><\/div><\/div><\/div><\/div><\/div><\/div><\/div><\/div><\/section><section class=\"l-section wpb_row height_medium color_alternate\"><div class=\"l-section-h i-cf\"><div class=\"g-cols vc_row via_grid cols_2 laptops-cols_inherit tablets-cols_inherit mobiles-cols_1 valign_top type_default stacking_default\"><div class=\"wpb_column vc_column_container\"><div class=\"vc_column-inner\"><h2 class=\"w-text\"><span class=\"w-text-h\"><span class=\"w-text-value\">Specialized Technical Support<\/span><\/span><\/h2><div class=\"wpb_text_column\"><div class=\"wpb_wrapper\"><p><strong>Our team of highly skilled technicians<\/strong> is available to provide quick and effective support whenever needed. With access to advanced technology and diagnostic tools, we ensure:<\/p>\n<\/div><\/div><\/div><\/div><div class=\"wpb_column vc_column_container\"><div class=\"vc_column-inner\"><div class=\"g-cols wpb_row via_grid cols_1 laptops-cols_inherit tablets-cols_inherit mobiles-cols_1 valign_top type_default stacking_default\" style=\"--columns-gap:0.8rem;\"><div class=\"wpb_column vc_column_container\"><div class=\"vc_column-inner\"><div class=\"w-hwrapper valign_top align_none\" style=\"--hwrapper-gap:0.8rem\"><div class=\"w-iconbox iconpos_top style_default color_secondary align_left no_text no_title\"><div class=\"w-iconbox-icon\" style=\"font-size:30px;\"><i class=\"material-icons\">check_circle<\/i><\/div><div class=\"w-iconbox-meta\"><\/div><\/div><div class=\"wpb_text_column\"><div class=\"wpb_wrapper\"><p><strong>Rapid resolution of incidents,<\/strong> minimizing unplanned downtime.<\/p>\n<\/div><\/div><\/div><\/div><\/div><div class=\"wpb_column vc_column_container\"><div class=\"vc_column-inner\"><div class=\"w-hwrapper valign_top align_none\" style=\"--hwrapper-gap:0.8rem\"><div class=\"w-iconbox iconpos_top style_default color_secondary align_left no_text no_title\"><div class=\"w-iconbox-icon\" style=\"font-size:30px;\"><i class=\"material-icons\">check_circle<\/i><\/div><div class=\"w-iconbox-meta\"><\/div><\/div><div class=\"wpb_text_column\"><div class=\"wpb_wrapper\"><p><strong>Remote and on-site attention,<\/strong> depending on the urgency of the problem.<\/p>\n<\/div><\/div><\/div><\/div><\/div><div class=\"wpb_column vc_column_container\"><div class=\"vc_column-inner\"><div class=\"w-hwrapper valign_top align_none\" style=\"--hwrapper-gap:0.8rem\"><div class=\"w-iconbox iconpos_top style_default color_secondary align_left no_text no_title\"><div class=\"w-iconbox-icon\" style=\"font-size:30px;\"><i class=\"material-icons\">check_circle<\/i><\/div><div class=\"w-iconbox-meta\"><\/div><\/div><div class=\"wpb_text_column\"><div class=\"wpb_wrapper\"><p><strong>Worldwide service<\/strong>, ensuring operational continuity at all times.<\/p>\n<\/div><\/div><\/div><\/div><\/div><\/div><\/div><\/div><\/div><\/div><\/section><section class=\"l-section wpb_row height_medium\"><div class=\"l-section-h i-cf\"><div class=\"g-cols vc_row via_grid cols_2 laptops-cols_inherit tablets-cols_inherit mobiles-cols_1 valign_top type_default stacking_default\"><div class=\"wpb_column vc_column_container us_custom_a9be633b has_bg_color\"><div class=\"vc_column-inner\"><h2 class=\"w-text\"><span class=\"w-text-h\"><span class=\"w-text-value\">Spare Parts and Wear Components Supply<\/span><\/span><\/h2><div class=\"wpb_text_column\"><div class=\"wpb_wrapper\"><p>We know how important it is to have quick <strong>access to high-quality spare parts. <\/strong> At <strong>Alquezar<\/strong>, we offer an efficient supply system that guarantees:<\/p>\n<\/div><\/div><div class=\"g-cols wpb_row via_grid cols_1 laptops-cols_inherit tablets-cols_inherit mobiles-cols_1 valign_top type_default stacking_default\" style=\"--columns-gap:0.8rem;\"><div class=\"wpb_column vc_column_container\"><div class=\"vc_column-inner\"><div class=\"w-separator size_small\"><\/div><div class=\"w-hwrapper valign_top align_none\" style=\"--hwrapper-gap:0.8rem\"><div class=\"w-iconbox iconpos_top style_default color_secondary align_left no_text no_title\"><div class=\"w-iconbox-icon\" style=\"font-size:30px;\"><i class=\"material-icons\">check_circle<\/i><\/div><div class=\"w-iconbox-meta\"><\/div><\/div><div class=\"wpb_text_column\"><div class=\"wpb_wrapper\"><p><strong>Rapid resolution of incidents,<\/strong> minimizing unplanned downtime.<\/p>\n<\/div><\/div><\/div><\/div><\/div><div class=\"wpb_column vc_column_container\"><div class=\"vc_column-inner\"><div class=\"w-hwrapper valign_top align_none\" style=\"--hwrapper-gap:0.8rem\"><div class=\"w-iconbox iconpos_top style_default color_secondary align_left no_text no_title\"><div class=\"w-iconbox-icon\" style=\"font-size:30px;\"><i class=\"material-icons\">check_circle<\/i><\/div><div class=\"w-iconbox-meta\"><\/div><\/div><div class=\"wpb_text_column\"><div class=\"wpb_wrapper\"><p><strong>Remote and on-site attention,<\/strong> depending on the urgency of the problem.<\/p>\n<\/div><\/div><\/div><\/div><\/div><div class=\"wpb_column vc_column_container\"><div class=\"vc_column-inner\"><div class=\"w-hwrapper valign_top align_none\" style=\"--hwrapper-gap:0.8rem\"><div class=\"w-iconbox iconpos_top style_default color_secondary align_left no_text no_title\"><div class=\"w-iconbox-icon\" style=\"font-size:30px;\"><i class=\"material-icons\">check_circle<\/i><\/div><div class=\"w-iconbox-meta\"><\/div><\/div><div class=\"wpb_text_column\"><div class=\"wpb_wrapper\"><p><strong>Worldwide service<\/strong>, ensuring operational continuity at all times.<\/p>\n<\/div><\/div><\/div><\/div><\/div><\/div><\/div><\/div><div class=\"wpb_column vc_column_container us_custom_315b8835 has_bg_color\"><div class=\"vc_column-inner\"><h2 class=\"w-text\"><span class=\"w-text-h\"><span class=\"w-text-value\">A Commitment with the efficiency and peace with our customers.<\/span><\/span><\/h2><div class=\"wpb_text_column\"><div class=\"wpb_wrapper\"><p>Our mission doesn\u2019t end with the sale of a machine. We make sure that every equipment part, plant, or structure operates at its full potential throughout its entire service life.<\/p>\n<p><strong>At Alquezar, we offer more than just after-sales service \u2014 we provide a guarantee of performance, efficiency, and security for your business.<\/strong><\/p>\n<\/div><\/div><\/div><\/div><\/div><\/div><\/section>\n","protected":false},"excerpt":{"rendered":"AFTERmarketAftermarket Service: Maintenance and Technical Support for Optimal PerformanceAt Alquezar, we understand that our clients\u2019 productivity depends on the uninterrupted performance of their equipment. That\u2019s why we offer an efficient after-sales service designed to ensure maximum efficiency, minimize downtime, and extend the lifespan of every installation. Preventive and Corrective MaintenancePrevention is key to avoid unexpected...","protected":false},"author":1,"featured_media":0,"parent":693,"menu_order":0,"comment_status":"closed","ping_status":"closed","template":"","meta":{"footnotes":""},"class_list":["post-671","page","type-page","status-publish","hentry"],"yoast_head":"<!-- This site is optimized with the Yoast SEO plugin v27.3 - https:\/\/yoast.com\/product\/yoast-seo-wordpress\/ -->\n<title>Aftermarket Service | Alquezar<\/title>\n<meta name=\"description\" content=\"Alquezar end-to-end services: engineering, manufacturing, installation and commissioning, with technical assistance and after-sales support.\" \/>\n<meta name=\"robots\" content=\"index, follow, max-snippet:-1, max-image-preview:large, max-video-preview:-1\" \/>\n<link rel=\"canonical\" href=\"https:\/\/talleresalquezar.es\/en\/services\/aftermarket-service\/\" \/>\n<meta property=\"og:locale\" content=\"en_US\" \/>\n<meta property=\"og:type\" content=\"article\" \/>\n<meta property=\"og:title\" content=\"Aftermarket Service | Alquezar\" \/>\n<meta property=\"og:description\" content=\"Alquezar end-to-end services: engineering, manufacturing, installation and commissioning, with technical assistance and after-sales support.\" \/>\n<meta property=\"og:url\" content=\"https:\/\/talleresalquezar.es\/en\/services\/aftermarket-service\/\" \/>\n<meta property=\"og:site_name\" content=\"Talleres Alqu\u00e9zar\" \/>\n<meta property=\"article:modified_time\" content=\"2026-02-09T17:58:31+00:00\" \/>\n<meta property=\"og:image\" content=\"https:\/\/talleresalquezar.es\/wp-content\/uploads\/2025\/07\/Lofotipo-talleres-alquezar-zaragoza-cintasa.png\" \/>\n\t<meta property=\"og:image:width\" content=\"400\" \/>\n\t<meta property=\"og:image:height\" content=\"84\" \/>\n\t<meta property=\"og:image:type\" content=\"image\/png\" \/>\n<meta name=\"twitter:card\" content=\"summary_large_image\" \/>\n<meta name=\"twitter:label1\" content=\"Est. reading time\" \/>\n\t<meta name=\"twitter:data1\" content=\"4 minutes\" \/>\n<script type=\"application\/ld+json\" class=\"yoast-schema-graph\">{\"@context\":\"https:\\\/\\\/schema.org\",\"@graph\":[{\"@type\":\"WebPage\",\"@id\":\"https:\\\/\\\/talleresalquezar.es\\\/en\\\/services\\\/aftermarket-service\\\/\",\"url\":\"https:\\\/\\\/talleresalquezar.es\\\/en\\\/services\\\/aftermarket-service\\\/\",\"name\":\"Aftermarket Service | Alquezar\",\"isPartOf\":{\"@id\":\"https:\\\/\\\/talleresalquezar.es\\\/en\\\/#website\"},\"datePublished\":\"2025-07-14T14:51:45+00:00\",\"dateModified\":\"2026-02-09T17:58:31+00:00\",\"description\":\"Alquezar end-to-end services: engineering, manufacturing, installation and commissioning, with technical assistance and after-sales support.\",\"breadcrumb\":{\"@id\":\"https:\\\/\\\/talleresalquezar.es\\\/en\\\/services\\\/aftermarket-service\\\/#breadcrumb\"},\"inLanguage\":\"en-US\",\"potentialAction\":[{\"@type\":\"ReadAction\",\"target\":[\"https:\\\/\\\/talleresalquezar.es\\\/en\\\/services\\\/aftermarket-service\\\/\"]}]},{\"@type\":\"BreadcrumbList\",\"@id\":\"https:\\\/\\\/talleresalquezar.es\\\/en\\\/services\\\/aftermarket-service\\\/#breadcrumb\",\"itemListElement\":[{\"@type\":\"ListItem\",\"position\":1,\"name\":\"Portada\",\"item\":\"https:\\\/\\\/talleresalquezar.es\\\/en\\\/home\\\/\"},{\"@type\":\"ListItem\",\"position\":2,\"name\":\"Services\",\"item\":\"https:\\\/\\\/talleresalquezar.es\\\/en\\\/servicios\\\/\"},{\"@type\":\"ListItem\",\"position\":3,\"name\":\"Aftermarket Service\"}]},{\"@type\":\"WebSite\",\"@id\":\"https:\\\/\\\/talleresalquezar.es\\\/en\\\/#website\",\"url\":\"https:\\\/\\\/talleresalquezar.es\\\/en\\\/\",\"name\":\"Talleres\u202fAlqu\u00e9zar\",\"description\":\"Talleres\u202fAlqu\u00e9zar dise\u00f1a y fabrica plantas llave en mano para hormig\u00f3n, \u00e1ridos, mortero y reciclaje, con m\u00e1s de 60\u202fa\u00f1os de experiencia en Zaragoza y presencia internacional.\",\"publisher\":{\"@id\":\"https:\\\/\\\/talleresalquezar.es\\\/en\\\/#organization\"},\"alternateName\":\"Talleres Alquezar Zaragoza\",\"potentialAction\":[{\"@type\":\"SearchAction\",\"target\":{\"@type\":\"EntryPoint\",\"urlTemplate\":\"https:\\\/\\\/talleresalquezar.es\\\/en\\\/?s={search_term_string}\"},\"query-input\":{\"@type\":\"PropertyValueSpecification\",\"valueRequired\":true,\"valueName\":\"search_term_string\"}}],\"inLanguage\":\"en-US\"},{\"@type\":\"Organization\",\"@id\":\"https:\\\/\\\/talleresalquezar.es\\\/en\\\/#organization\",\"name\":\"Talleres\u202fAlqu\u00e9zar\",\"alternateName\":\"Talleres\u202fAlqu\u00e9zar Zaragoza\",\"url\":\"https:\\\/\\\/talleresalquezar.es\\\/en\\\/\",\"logo\":{\"@type\":\"ImageObject\",\"inLanguage\":\"en-US\",\"@id\":\"https:\\\/\\\/talleresalquezar.es\\\/en\\\/#\\\/schema\\\/logo\\\/image\\\/\",\"url\":\"https:\\\/\\\/talleresalquezar.es\\\/wp-content\\\/uploads\\\/2025\\\/07\\\/Lofotipo-talleres-alquezar-zaragoza-cintasa.png\",\"contentUrl\":\"https:\\\/\\\/talleresalquezar.es\\\/wp-content\\\/uploads\\\/2025\\\/07\\\/Lofotipo-talleres-alquezar-zaragoza-cintasa.png\",\"width\":400,\"height\":84,\"caption\":\"Talleres\u202fAlqu\u00e9zar\"},\"image\":{\"@id\":\"https:\\\/\\\/talleresalquezar.es\\\/en\\\/#\\\/schema\\\/logo\\\/image\\\/\"}}]}<\/script>\n<!-- \/ Yoast SEO plugin. -->","yoast_head_json":{"title":"Aftermarket Service | Alquezar","description":"Alquezar end-to-end services: engineering, manufacturing, installation and commissioning, with technical assistance and after-sales support.","robots":{"index":"index","follow":"follow","max-snippet":"max-snippet:-1","max-image-preview":"max-image-preview:large","max-video-preview":"max-video-preview:-1"},"canonical":"https:\/\/talleresalquezar.es\/en\/services\/aftermarket-service\/","og_locale":"en_US","og_type":"article","og_title":"Aftermarket Service | Alquezar","og_description":"Alquezar end-to-end services: engineering, manufacturing, installation and commissioning, with technical assistance and after-sales support.","og_url":"https:\/\/talleresalquezar.es\/en\/services\/aftermarket-service\/","og_site_name":"Talleres Alqu\u00e9zar","article_modified_time":"2026-02-09T17:58:31+00:00","og_image":[{"width":400,"height":84,"url":"https:\/\/talleresalquezar.es\/wp-content\/uploads\/2025\/07\/Lofotipo-talleres-alquezar-zaragoza-cintasa.png","type":"image\/png"}],"twitter_card":"summary_large_image","twitter_misc":{"Est. reading time":"4 minutes"},"schema":{"@context":"https:\/\/schema.org","@graph":[{"@type":"WebPage","@id":"https:\/\/talleresalquezar.es\/en\/services\/aftermarket-service\/","url":"https:\/\/talleresalquezar.es\/en\/services\/aftermarket-service\/","name":"Aftermarket Service | Alquezar","isPartOf":{"@id":"https:\/\/talleresalquezar.es\/en\/#website"},"datePublished":"2025-07-14T14:51:45+00:00","dateModified":"2026-02-09T17:58:31+00:00","description":"Alquezar end-to-end services: engineering, manufacturing, installation and commissioning, with technical assistance and after-sales support.","breadcrumb":{"@id":"https:\/\/talleresalquezar.es\/en\/services\/aftermarket-service\/#breadcrumb"},"inLanguage":"en-US","potentialAction":[{"@type":"ReadAction","target":["https:\/\/talleresalquezar.es\/en\/services\/aftermarket-service\/"]}]},{"@type":"BreadcrumbList","@id":"https:\/\/talleresalquezar.es\/en\/services\/aftermarket-service\/#breadcrumb","itemListElement":[{"@type":"ListItem","position":1,"name":"Portada","item":"https:\/\/talleresalquezar.es\/en\/home\/"},{"@type":"ListItem","position":2,"name":"Services","item":"https:\/\/talleresalquezar.es\/en\/servicios\/"},{"@type":"ListItem","position":3,"name":"Aftermarket Service"}]},{"@type":"WebSite","@id":"https:\/\/talleresalquezar.es\/en\/#website","url":"https:\/\/talleresalquezar.es\/en\/","name":"Talleres\u202fAlqu\u00e9zar","description":"Talleres\u202fAlqu\u00e9zar dise\u00f1a y fabrica plantas llave en mano para hormig\u00f3n, \u00e1ridos, mortero y reciclaje, con m\u00e1s de 60\u202fa\u00f1os de experiencia en Zaragoza y presencia internacional.","publisher":{"@id":"https:\/\/talleresalquezar.es\/en\/#organization"},"alternateName":"Talleres Alquezar Zaragoza","potentialAction":[{"@type":"SearchAction","target":{"@type":"EntryPoint","urlTemplate":"https:\/\/talleresalquezar.es\/en\/?s={search_term_string}"},"query-input":{"@type":"PropertyValueSpecification","valueRequired":true,"valueName":"search_term_string"}}],"inLanguage":"en-US"},{"@type":"Organization","@id":"https:\/\/talleresalquezar.es\/en\/#organization","name":"Talleres\u202fAlqu\u00e9zar","alternateName":"Talleres\u202fAlqu\u00e9zar Zaragoza","url":"https:\/\/talleresalquezar.es\/en\/","logo":{"@type":"ImageObject","inLanguage":"en-US","@id":"https:\/\/talleresalquezar.es\/en\/#\/schema\/logo\/image\/","url":"https:\/\/talleresalquezar.es\/wp-content\/uploads\/2025\/07\/Lofotipo-talleres-alquezar-zaragoza-cintasa.png","contentUrl":"https:\/\/talleresalquezar.es\/wp-content\/uploads\/2025\/07\/Lofotipo-talleres-alquezar-zaragoza-cintasa.png","width":400,"height":84,"caption":"Talleres\u202fAlqu\u00e9zar"},"image":{"@id":"https:\/\/talleresalquezar.es\/en\/#\/schema\/logo\/image\/"}}]}},"_links":{"self":[{"href":"https:\/\/talleresalquezar.es\/en\/wp-json\/wp\/v2\/pages\/671","targetHints":{"allow":["GET"]}}],"collection":[{"href":"https:\/\/talleresalquezar.es\/en\/wp-json\/wp\/v2\/pages"}],"about":[{"href":"https:\/\/talleresalquezar.es\/en\/wp-json\/wp\/v2\/types\/page"}],"author":[{"embeddable":true,"href":"https:\/\/talleresalquezar.es\/en\/wp-json\/wp\/v2\/users\/1"}],"replies":[{"embeddable":true,"href":"https:\/\/talleresalquezar.es\/en\/wp-json\/wp\/v2\/comments?post=671"}],"version-history":[{"count":3,"href":"https:\/\/talleresalquezar.es\/en\/wp-json\/wp\/v2\/pages\/671\/revisions"}],"predecessor-version":[{"id":881,"href":"https:\/\/talleresalquezar.es\/en\/wp-json\/wp\/v2\/pages\/671\/revisions\/881"}],"up":[{"embeddable":true,"href":"https:\/\/talleresalquezar.es\/en\/wp-json\/wp\/v2\/pages\/693"}],"wp:attachment":[{"href":"https:\/\/talleresalquezar.es\/en\/wp-json\/wp\/v2\/media?parent=671"}],"curies":[{"name":"wp","href":"https:\/\/api.w.org\/{rel}","templated":true}]}}