{"id":674,"date":"2025-07-14T16:51:19","date_gmt":"2025-07-14T14:51:19","guid":{"rendered":"https:\/\/talleresalquezar.es\/assembly-and-comissioning\/"},"modified":"2026-02-09T18:58:31","modified_gmt":"2026-02-09T17:58:31","slug":"assembly-and-comissioning","status":"publish","type":"page","link":"https:\/\/talleresalquezar.es\/en\/services\/assembly-and-comissioning\/","title":{"rendered":"ASSEMBLY AND COMISSIONING"},"content":{"rendered":"<section class=\"l-section wpb_row height_small color_primary\"><div class=\"l-section-h i-cf\"><div class=\"g-cols vc_row via_grid cols_1 laptops-cols_inherit tablets-cols_inherit mobiles-cols_1 valign_top type_default stacking_default\"><div class=\"wpb_column vc_column_container\"><div class=\"vc_column-inner\"><h1 class=\"w-text us_custom_eb849559\"><span class=\"w-text-h\"><span class=\"w-text-value\">ASSEMBLY AND COMISSIONING<\/span><\/span><\/h1><\/div><\/div><\/div><\/div><\/section><section class=\"l-section wpb_row height_auto\"><div class=\"l-section-h i-cf\"><div class=\"g-cols vc_row via_grid cols_2 laptops-cols_inherit tablets-cols_inherit mobiles-cols_1 valign_middle type_default stacking_default\"><div class=\"wpb_column vc_column_container\"><div class=\"vc_column-inner\"><div class=\"w-separator size_medium\"><\/div><h2 class=\"w-text\"><span class=\"w-text-h\"><span class=\"w-text-value\">Assembly and Commissioning: Turnkey Projects for a Perfect Start-up<\/span><\/span><\/h2><div class=\"wpb_text_column\"><div class=\"wpb_wrapper\"><p><strong>At Alquezar<\/strong>, we understand that every project is unique and demands flawless execution. That\u2019s why we offer a comprehensive a<strong>ssembly and commissioning<\/strong> service, ensuring that every installation is fully operational from day one and performs at its highest capacity.<\/p>\n<\/div><\/div><div class=\"w-separator size_medium\"><\/div><\/div><\/div><div class=\"wpb_column vc_column_container stretched\"><div class=\"vc_column-inner\"><div class=\"w-image align_none\"><div class=\"w-image-h\"><img decoding=\"async\" width=\"1024\" height=\"768\" src=\"https:\/\/talleresalquezar.es\/wp-content\/uploads\/2025\/07\/Montaje-y-P.Marcha-2-1024x768.jpg\" class=\"attachment-large size-large\" alt=\"Proyectos Llave en Mano para un Arranque Perfecto\" loading=\"lazy\" srcset=\"https:\/\/talleresalquezar.es\/wp-content\/uploads\/2025\/07\/Montaje-y-P.Marcha-2-1024x768.jpg 1024w, https:\/\/talleresalquezar.es\/wp-content\/uploads\/2025\/07\/Montaje-y-P.Marcha-2-300x225.jpg 300w, https:\/\/talleresalquezar.es\/wp-content\/uploads\/2025\/07\/Montaje-y-P.Marcha-2.jpg 1920w\" sizes=\"auto, (max-width: 1024px) 100vw, 1024px\" \/><\/div><\/div><\/div><\/div><\/div><\/div><\/section><section class=\"l-section wpb_row height_medium\"><div class=\"l-section-h i-cf\"><div class=\"g-cols vc_row via_grid cols_2 laptops-cols_inherit tablets-cols_inherit mobiles-cols_1 valign_top type_default stacking_default\"><div class=\"wpb_column vc_column_container\"><div class=\"vc_column-inner\"><h2 class=\"w-text\"><span class=\"w-text-h\"><span class=\"w-text-value\">From Design to Commissioning, we handle everything <\/span><\/span><\/h2><div class=\"wpb_text_column\"><div class=\"wpb_wrapper\"><p>From planning to final optimization, our team of experts takes care of every stage of the process:<\/p>\n<\/div><\/div><\/div><\/div><div class=\"wpb_column vc_column_container\"><div class=\"vc_column-inner\"><div class=\"g-cols wpb_row via_grid cols_1 laptops-cols_inherit tablets-cols_inherit mobiles-cols_1 valign_top type_default stacking_default\" style=\"--columns-gap:0.8rem;\"><div class=\"wpb_column vc_column_container\"><div class=\"vc_column-inner\"><div class=\"w-hwrapper valign_top align_none\" style=\"--hwrapper-gap:0.8rem\"><div class=\"w-iconbox iconpos_top style_default color_secondary align_left no_text no_title\"><div class=\"w-iconbox-icon\" style=\"font-size:30px;\"><i class=\"material-icons\">check_circle<\/i><\/div><div class=\"w-iconbox-meta\"><\/div><\/div><div class=\"wpb_text_column\"><div class=\"wpb_wrapper\"><p><strong>Installation assembly<\/strong>, carried out by specialized technicians to ensure precision and safety.<\/p>\n<\/div><\/div><\/div><\/div><\/div><div class=\"wpb_column vc_column_container\"><div class=\"vc_column-inner\"><div class=\"w-hwrapper valign_top align_none\" style=\"--hwrapper-gap:0.8rem\"><div class=\"w-iconbox iconpos_top style_default color_secondary align_left no_text no_title\"><div class=\"w-iconbox-icon\" style=\"font-size:30px;\"><i class=\"material-icons\">check_circle<\/i><\/div><div class=\"w-iconbox-meta\"><\/div><\/div><div class=\"wpb_text_column\"><div class=\"wpb_wrapper\"><p><strong>Component adjustments<\/strong> and calibration for optimal operation.<\/p>\n<\/div><\/div><\/div><\/div><\/div><div class=\"wpb_column vc_column_container\"><div class=\"vc_column-inner\"><div class=\"w-hwrapper valign_top align_none\" style=\"--hwrapper-gap:0.8rem\"><div class=\"w-iconbox iconpos_top style_default color_secondary align_left no_text no_title\"><div class=\"w-iconbox-icon\" style=\"font-size:30px;\"><i class=\"material-icons\">check_circle<\/i><\/div><div class=\"w-iconbox-meta\"><\/div><\/div><div class=\"wpb_text_column\"><div class=\"wpb_wrapper\"><p><strong>Thorough operational testing<\/strong> to guarantee maximum efficiency from the very first use.<\/p>\n<\/div><\/div><\/div><\/div><\/div><div class=\"wpb_column vc_column_container\"><div class=\"vc_column-inner\"><div class=\"w-hwrapper valign_top align_none\" style=\"--hwrapper-gap:0.8rem\"><div class=\"w-iconbox iconpos_top style_default color_secondary align_left no_text no_title\"><div class=\"w-iconbox-icon\" style=\"font-size:30px;\"><i class=\"material-icons\">check_circle<\/i><\/div><div class=\"w-iconbox-meta\"><\/div><\/div><div class=\"wpb_text_column\"><div class=\"wpb_wrapper\"><p><strong>Operator training<\/strong>, providing on-site teams with the knowledge needed to maximize the performance of the installation.<\/p>\n<\/div><\/div><\/div><\/div><\/div><\/div><\/div><\/div><\/div><\/div><\/section><section class=\"l-section wpb_row height_medium color_alternate\"><div class=\"l-section-h i-cf\"><div class=\"g-cols vc_row via_grid cols_1 laptops-cols_inherit tablets-cols_inherit mobiles-cols_1 valign_top type_default stacking_default\"><div class=\"wpb_column vc_column_container us_custom_eb849559\"><div class=\"vc_column-inner\"><h2 class=\"w-text\"><span class=\"w-text-h\"><span class=\"w-text-value\"> Full customer Peace of Mind<\/span><\/span><\/h2><div class=\"wpb_text_column\"><div class=\"wpb_wrapper\"><p>With our <strong>turnkey service,<\/strong> we eliminate concerns and ensure a smooth transition. We handle every technical and l<strong>ogistical detail<\/strong> so our clients can focus on what truly matters: <strong>production and growth.<\/strong><\/p>\n<\/div><\/div><div class=\"w-separator size_small\"><\/div><div class=\"g-cols wpb_row us_custom_836f727b has_text_color via_grid cols_2 laptops-cols_inherit tablets-cols_inherit mobiles-cols_1 valign_top type_default stacking_default\" style=\"--columns-gap:3rem;\"><div class=\"wpb_column vc_column_container us_custom_c70c97eb has_bg_color\"><div class=\"vc_column-inner\"><div class=\"wpb_text_column\"><div class=\"wpb_wrapper\"><p><strong>Customized solutions<\/strong>, adapted to the specific needs of each project.<\/p>\n<\/div><\/div><\/div><\/div><div class=\"wpb_column vc_column_container us_custom_c70c97eb has_bg_color\"><div class=\"vc_column-inner\"><div class=\"wpb_text_column\"><div class=\"wpb_wrapper\"><p><strong>On-time delivery and strict quality standards<\/strong>, ensuring an efficient and hassle-free installation.<\/p>\n<\/div><\/div><\/div><\/div><\/div><\/div><\/div><\/div><\/div><\/section><section class=\"l-section wpb_row height_medium\"><div class=\"l-section-h i-cf\"><div class=\"g-cols vc_row via_grid cols_2 laptops-cols_inherit tablets-cols_inherit mobiles-cols_1 valign_top type_default stacking_default\" style=\"--columns-gap:20px;\"><div class=\"wpb_column vc_column_container\"><div class=\"vc_column-inner\"><div class=\"g-cols wpb_row us_custom_ddcc4fbc via_grid cols_1 laptops-cols_inherit tablets-cols_inherit mobiles-cols_1 valign_top type_default stacking_default\" style=\"--columns-gap:3rem;\"><div class=\"wpb_column vc_column_container\"><div class=\"vc_column-inner\"><h2 class=\"w-text\"><span class=\"w-text-h\"><span class=\"w-text-value\">Professional Assembly \u2014 Wherever You Are<\/span><\/span><\/h2><div class=\"wpb_text_column\"><div class=\"wpb_wrapper\"><p>Our commitment to excellence knows no country borders. <strong>At Alquezar<\/strong>, we bring our experience and professionalism to an international scale, guaranteeing the same quality and precision in every installation, wherever it may be.<\/p>\n<\/div><\/div><\/div><\/div><\/div><div class=\"g-cols wpb_row via_grid cols_1 laptops-cols_inherit tablets-cols_inherit mobiles-cols_1 valign_top type_default stacking_default\" style=\"--columns-gap:0.8rem;\"><div class=\"wpb_column vc_column_container\"><div class=\"vc_column-inner\"><div class=\"w-separator size_small\"><\/div><div class=\"w-hwrapper valign_top align_none\" style=\"--hwrapper-gap:0.8rem\"><div class=\"w-iconbox iconpos_top style_default color_secondary align_left no_text no_title\"><div class=\"w-iconbox-icon\" style=\"font-size:30px;\"><i class=\"material-icons\">check_circle<\/i><\/div><div class=\"w-iconbox-meta\"><\/div><\/div><div class=\"wpb_text_column\"><div class=\"wpb_wrapper\"><p><strong>Global coverage:<\/strong> Deployment capabilities anywhere in the world.<\/p>\n<\/div><\/div><\/div><\/div><\/div><div class=\"wpb_column vc_column_container\"><div class=\"vc_column-inner\"><div class=\"w-hwrapper valign_top align_none\" style=\"--hwrapper-gap:0.8rem\"><div class=\"w-iconbox iconpos_top style_default color_secondary align_left no_text no_title\"><div class=\"w-iconbox-icon\" style=\"font-size:30px;\"><i class=\"material-icons\">check_circle<\/i><\/div><div class=\"w-iconbox-meta\"><\/div><\/div><div class=\"wpb_text_column\"><div class=\"wpb_wrapper\"><p><strong>Support infrastructure<\/strong>: Assistance and guidance at every stage of assembly.<\/p>\n<\/div><\/div><\/div><\/div><\/div><div class=\"wpb_column vc_column_container\"><div class=\"vc_column-inner\"><div class=\"w-hwrapper valign_top align_none\" style=\"--hwrapper-gap:0.8rem\"><div class=\"w-iconbox iconpos_top style_default color_secondary align_left no_text no_title\"><div class=\"w-iconbox-icon\" style=\"font-size:30px;\"><i class=\"material-icons\">check_circle<\/i><\/div><div class=\"w-iconbox-meta\"><\/div><\/div><div class=\"wpb_text_column\"><div class=\"wpb_wrapper\"><p><strong>Commitment to innovation:<\/strong> Implementation of latest technologies in every project.<\/p>\n<\/div><\/div><\/div><\/div><\/div><\/div><\/div><\/div><div class=\"wpb_column vc_column_container\"><div class=\"vc_column-inner\"><div class=\"w-image align_none\"><div class=\"w-image-h\"><img decoding=\"async\" width=\"1024\" height=\"576\" src=\"https:\/\/talleresalquezar.es\/wp-content\/uploads\/2025\/07\/Montaje-y-P.Marcha-1-1024x576.jpg\" class=\"attachment-large size-large\" alt=\"Montaje profesional, est\u00e9s donde est\u00e9s\" loading=\"lazy\" srcset=\"https:\/\/talleresalquezar.es\/wp-content\/uploads\/2025\/07\/Montaje-y-P.Marcha-1-1024x576.jpg 1024w, https:\/\/talleresalquezar.es\/wp-content\/uploads\/2025\/07\/Montaje-y-P.Marcha-1-300x169.jpg 300w, https:\/\/talleresalquezar.es\/wp-content\/uploads\/2025\/07\/Montaje-y-P.Marcha-1.jpg 1600w\" sizes=\"auto, (max-width: 1024px) 100vw, 1024px\" \/><\/div><\/div><\/div><\/div><\/div><\/div><\/section>\n","protected":false},"excerpt":{"rendered":"ASSEMBLY AND COMISSIONINGAssembly and Commissioning: Turnkey Projects for a Perfect Start-upAt Alquezar, we understand that every project is unique and demands flawless execution. That\u2019s why we offer a comprehensive assembly and commissioning service, ensuring that every installation is fully operational from day one and performs at its highest capacity. From Design to Commissioning, we handle...","protected":false},"author":1,"featured_media":0,"parent":693,"menu_order":0,"comment_status":"closed","ping_status":"closed","template":"","meta":{"footnotes":""},"class_list":["post-674","page","type-page","status-publish","hentry"],"yoast_head":"<!-- This site is optimized with the Yoast SEO plugin v27.3 - https:\/\/yoast.com\/product\/yoast-seo-wordpress\/ -->\n<title>ASSEMBLY AND COMISSIONING | Alquezar<\/title>\n<meta name=\"description\" content=\"At Alquezar , we understand that every project is unique and demands flawless execution.\" \/>\n<meta name=\"robots\" content=\"index, follow, max-snippet:-1, max-image-preview:large, max-video-preview:-1\" \/>\n<link rel=\"canonical\" href=\"https:\/\/talleresalquezar.es\/en\/services\/assembly-and-comissioning\/\" \/>\n<meta property=\"og:locale\" content=\"en_US\" \/>\n<meta property=\"og:type\" content=\"article\" \/>\n<meta property=\"og:title\" content=\"ASSEMBLY AND COMISSIONING | Alquezar\" \/>\n<meta property=\"og:description\" content=\"At Alquezar , we understand that every project is unique and demands flawless execution.\" \/>\n<meta property=\"og:url\" content=\"https:\/\/talleresalquezar.es\/en\/services\/assembly-and-comissioning\/\" \/>\n<meta property=\"og:site_name\" content=\"Talleres Alqu\u00e9zar\" \/>\n<meta property=\"article:modified_time\" content=\"2026-02-09T17:58:31+00:00\" \/>\n<meta property=\"og:image\" content=\"https:\/\/talleresalquezar.es\/wp-content\/uploads\/2025\/07\/Lofotipo-talleres-alquezar-zaragoza-cintasa.png\" \/>\n\t<meta property=\"og:image:width\" content=\"400\" \/>\n\t<meta property=\"og:image:height\" content=\"84\" \/>\n\t<meta property=\"og:image:type\" content=\"image\/png\" \/>\n<meta name=\"twitter:card\" content=\"summary_large_image\" \/>\n<meta name=\"twitter:label1\" content=\"Est. reading time\" \/>\n\t<meta name=\"twitter:data1\" content=\"4 minutes\" \/>\n<script type=\"application\/ld+json\" class=\"yoast-schema-graph\">{\"@context\":\"https:\\\/\\\/schema.org\",\"@graph\":[{\"@type\":\"WebPage\",\"@id\":\"https:\\\/\\\/talleresalquezar.es\\\/en\\\/services\\\/assembly-and-comissioning\\\/\",\"url\":\"https:\\\/\\\/talleresalquezar.es\\\/en\\\/services\\\/assembly-and-comissioning\\\/\",\"name\":\"ASSEMBLY AND COMISSIONING | Alquezar\",\"isPartOf\":{\"@id\":\"https:\\\/\\\/talleresalquezar.es\\\/en\\\/#website\"},\"datePublished\":\"2025-07-14T14:51:19+00:00\",\"dateModified\":\"2026-02-09T17:58:31+00:00\",\"description\":\"At Alquezar , we understand that every project is unique and demands flawless execution.\",\"breadcrumb\":{\"@id\":\"https:\\\/\\\/talleresalquezar.es\\\/en\\\/services\\\/assembly-and-comissioning\\\/#breadcrumb\"},\"inLanguage\":\"en-US\",\"potentialAction\":[{\"@type\":\"ReadAction\",\"target\":[\"https:\\\/\\\/talleresalquezar.es\\\/en\\\/services\\\/assembly-and-comissioning\\\/\"]}]},{\"@type\":\"BreadcrumbList\",\"@id\":\"https:\\\/\\\/talleresalquezar.es\\\/en\\\/services\\\/assembly-and-comissioning\\\/#breadcrumb\",\"itemListElement\":[{\"@type\":\"ListItem\",\"position\":1,\"name\":\"Portada\",\"item\":\"https:\\\/\\\/talleresalquezar.es\\\/en\\\/home\\\/\"},{\"@type\":\"ListItem\",\"position\":2,\"name\":\"Services\",\"item\":\"https:\\\/\\\/talleresalquezar.es\\\/en\\\/servicios\\\/\"},{\"@type\":\"ListItem\",\"position\":3,\"name\":\"ASSEMBLY AND COMISSIONING\"}]},{\"@type\":\"WebSite\",\"@id\":\"https:\\\/\\\/talleresalquezar.es\\\/en\\\/#website\",\"url\":\"https:\\\/\\\/talleresalquezar.es\\\/en\\\/\",\"name\":\"Talleres\u202fAlqu\u00e9zar\",\"description\":\"Talleres\u202fAlqu\u00e9zar dise\u00f1a y fabrica plantas llave en mano para hormig\u00f3n, \u00e1ridos, mortero y reciclaje, con m\u00e1s de 60\u202fa\u00f1os de experiencia en Zaragoza y presencia internacional.\",\"publisher\":{\"@id\":\"https:\\\/\\\/talleresalquezar.es\\\/en\\\/#organization\"},\"alternateName\":\"Talleres Alquezar Zaragoza\",\"potentialAction\":[{\"@type\":\"SearchAction\",\"target\":{\"@type\":\"EntryPoint\",\"urlTemplate\":\"https:\\\/\\\/talleresalquezar.es\\\/en\\\/?s={search_term_string}\"},\"query-input\":{\"@type\":\"PropertyValueSpecification\",\"valueRequired\":true,\"valueName\":\"search_term_string\"}}],\"inLanguage\":\"en-US\"},{\"@type\":\"Organization\",\"@id\":\"https:\\\/\\\/talleresalquezar.es\\\/en\\\/#organization\",\"name\":\"Talleres\u202fAlqu\u00e9zar\",\"alternateName\":\"Talleres\u202fAlqu\u00e9zar Zaragoza\",\"url\":\"https:\\\/\\\/talleresalquezar.es\\\/en\\\/\",\"logo\":{\"@type\":\"ImageObject\",\"inLanguage\":\"en-US\",\"@id\":\"https:\\\/\\\/talleresalquezar.es\\\/en\\\/#\\\/schema\\\/logo\\\/image\\\/\",\"url\":\"https:\\\/\\\/talleresalquezar.es\\\/wp-content\\\/uploads\\\/2025\\\/07\\\/Lofotipo-talleres-alquezar-zaragoza-cintasa.png\",\"contentUrl\":\"https:\\\/\\\/talleresalquezar.es\\\/wp-content\\\/uploads\\\/2025\\\/07\\\/Lofotipo-talleres-alquezar-zaragoza-cintasa.png\",\"width\":400,\"height\":84,\"caption\":\"Talleres\u202fAlqu\u00e9zar\"},\"image\":{\"@id\":\"https:\\\/\\\/talleresalquezar.es\\\/en\\\/#\\\/schema\\\/logo\\\/image\\\/\"}}]}<\/script>\n<!-- \/ Yoast SEO plugin. -->","yoast_head_json":{"title":"ASSEMBLY AND COMISSIONING | Alquezar","description":"At Alquezar , we understand that every project is unique and demands flawless execution.","robots":{"index":"index","follow":"follow","max-snippet":"max-snippet:-1","max-image-preview":"max-image-preview:large","max-video-preview":"max-video-preview:-1"},"canonical":"https:\/\/talleresalquezar.es\/en\/services\/assembly-and-comissioning\/","og_locale":"en_US","og_type":"article","og_title":"ASSEMBLY AND COMISSIONING | Alquezar","og_description":"At Alquezar , we understand that every project is unique and demands flawless execution.","og_url":"https:\/\/talleresalquezar.es\/en\/services\/assembly-and-comissioning\/","og_site_name":"Talleres Alqu\u00e9zar","article_modified_time":"2026-02-09T17:58:31+00:00","og_image":[{"width":400,"height":84,"url":"https:\/\/talleresalquezar.es\/wp-content\/uploads\/2025\/07\/Lofotipo-talleres-alquezar-zaragoza-cintasa.png","type":"image\/png"}],"twitter_card":"summary_large_image","twitter_misc":{"Est. reading time":"4 minutes"},"schema":{"@context":"https:\/\/schema.org","@graph":[{"@type":"WebPage","@id":"https:\/\/talleresalquezar.es\/en\/services\/assembly-and-comissioning\/","url":"https:\/\/talleresalquezar.es\/en\/services\/assembly-and-comissioning\/","name":"ASSEMBLY AND COMISSIONING | Alquezar","isPartOf":{"@id":"https:\/\/talleresalquezar.es\/en\/#website"},"datePublished":"2025-07-14T14:51:19+00:00","dateModified":"2026-02-09T17:58:31+00:00","description":"At Alquezar , we understand that every project is unique and demands flawless execution.","breadcrumb":{"@id":"https:\/\/talleresalquezar.es\/en\/services\/assembly-and-comissioning\/#breadcrumb"},"inLanguage":"en-US","potentialAction":[{"@type":"ReadAction","target":["https:\/\/talleresalquezar.es\/en\/services\/assembly-and-comissioning\/"]}]},{"@type":"BreadcrumbList","@id":"https:\/\/talleresalquezar.es\/en\/services\/assembly-and-comissioning\/#breadcrumb","itemListElement":[{"@type":"ListItem","position":1,"name":"Portada","item":"https:\/\/talleresalquezar.es\/en\/home\/"},{"@type":"ListItem","position":2,"name":"Services","item":"https:\/\/talleresalquezar.es\/en\/servicios\/"},{"@type":"ListItem","position":3,"name":"ASSEMBLY AND COMISSIONING"}]},{"@type":"WebSite","@id":"https:\/\/talleresalquezar.es\/en\/#website","url":"https:\/\/talleresalquezar.es\/en\/","name":"Talleres\u202fAlqu\u00e9zar","description":"Talleres\u202fAlqu\u00e9zar dise\u00f1a y fabrica plantas llave en mano para hormig\u00f3n, \u00e1ridos, mortero y reciclaje, con m\u00e1s de 60\u202fa\u00f1os de experiencia en Zaragoza y presencia internacional.","publisher":{"@id":"https:\/\/talleresalquezar.es\/en\/#organization"},"alternateName":"Talleres Alquezar Zaragoza","potentialAction":[{"@type":"SearchAction","target":{"@type":"EntryPoint","urlTemplate":"https:\/\/talleresalquezar.es\/en\/?s={search_term_string}"},"query-input":{"@type":"PropertyValueSpecification","valueRequired":true,"valueName":"search_term_string"}}],"inLanguage":"en-US"},{"@type":"Organization","@id":"https:\/\/talleresalquezar.es\/en\/#organization","name":"Talleres\u202fAlqu\u00e9zar","alternateName":"Talleres\u202fAlqu\u00e9zar Zaragoza","url":"https:\/\/talleresalquezar.es\/en\/","logo":{"@type":"ImageObject","inLanguage":"en-US","@id":"https:\/\/talleresalquezar.es\/en\/#\/schema\/logo\/image\/","url":"https:\/\/talleresalquezar.es\/wp-content\/uploads\/2025\/07\/Lofotipo-talleres-alquezar-zaragoza-cintasa.png","contentUrl":"https:\/\/talleresalquezar.es\/wp-content\/uploads\/2025\/07\/Lofotipo-talleres-alquezar-zaragoza-cintasa.png","width":400,"height":84,"caption":"Talleres\u202fAlqu\u00e9zar"},"image":{"@id":"https:\/\/talleresalquezar.es\/en\/#\/schema\/logo\/image\/"}}]}},"_links":{"self":[{"href":"https:\/\/talleresalquezar.es\/en\/wp-json\/wp\/v2\/pages\/674","targetHints":{"allow":["GET"]}}],"collection":[{"href":"https:\/\/talleresalquezar.es\/en\/wp-json\/wp\/v2\/pages"}],"about":[{"href":"https:\/\/talleresalquezar.es\/en\/wp-json\/wp\/v2\/types\/page"}],"author":[{"embeddable":true,"href":"https:\/\/talleresalquezar.es\/en\/wp-json\/wp\/v2\/users\/1"}],"replies":[{"embeddable":true,"href":"https:\/\/talleresalquezar.es\/en\/wp-json\/wp\/v2\/comments?post=674"}],"version-history":[{"count":3,"href":"https:\/\/talleresalquezar.es\/en\/wp-json\/wp\/v2\/pages\/674\/revisions"}],"predecessor-version":[{"id":878,"href":"https:\/\/talleresalquezar.es\/en\/wp-json\/wp\/v2\/pages\/674\/revisions\/878"}],"up":[{"embeddable":true,"href":"https:\/\/talleresalquezar.es\/en\/wp-json\/wp\/v2\/pages\/693"}],"wp:attachment":[{"href":"https:\/\/talleresalquezar.es\/en\/wp-json\/wp\/v2\/media?parent=674"}],"curies":[{"name":"wp","href":"https:\/\/api.w.org\/{rel}","templated":true}]}}