{"id":1140,"date":"2025-07-14T16:53:04","date_gmt":"2025-07-14T14:53:04","guid":{"rendered":"https:\/\/talleresalquezar.es\/secteurs\/granulats\/"},"modified":"2026-02-09T18:58:50","modified_gmt":"2026-02-09T17:58:50","slug":"granulats","status":"publish","type":"page","link":"https:\/\/talleresalquezar.es\/fr\/secteurs\/granulats\/","title":{"rendered":"Granulats"},"content":{"rendered":"<section class=\"l-section wpb_row height_small color_primary\"><div class=\"l-section-h i-cf\"><div class=\"g-cols vc_row via_grid cols_1 laptops-cols_inherit tablets-cols_inherit mobiles-cols_1 valign_top type_default stacking_default\"><div class=\"wpb_column vc_column_container\"><div class=\"vc_column-inner\"><h1 class=\"w-text us_custom_eb849559\"><span class=\"w-text-h\"><span class=\"w-text-value\">GRANULATS<\/span><\/span><\/h1><\/div><\/div><\/div><\/div><\/section><section class=\"l-section wpb_row height_medium\"><div class=\"l-section-h i-cf\"><div class=\"g-cols vc_row via_grid cols_1 laptops-cols_inherit tablets-cols_inherit mobiles-cols_1 valign_top type_default stacking_default\"><div class=\"wpb_column vc_column_container\"><div class=\"vc_column-inner\"><div class=\"w-grid us_grid type_grid layout_158 cols_2 preload_style_spinner ratio_custom\" id=\"us_grid_1\" style=\"--columns:2;--gap:0.7rem;--item-ratio:0.1;\" data-filterable=\"true\"><style>@media (max-width:900px){#us_grid_1{--columns:1!important}}.layout_158 .w-grid-item-h{}.layout_158 .usg_post_title_1{transition-duration:0.3s;transform-origin:50% 50%;transform:scale(1) translate(0%,0%)}.layout_158 .w-grid-item-h:focus-within .usg_post_title_1,.layout_158 .w-grid-item-h:hover .usg_post_title_1{transform:scale(1) translate(0%,0%);opacity:1;background:var(--color-content-secondary)!important}.layout_158 .usg_post_title_1{color:var(--color-content-bg)!important;background:var(--color-content-primary)!important;padding:4vw 2vw 4vw 2vw!important}<\/style><div class=\"w-grid-list\">\t<article class=\"w-grid-item size_1x1 post-1443 post type-post status-publish format-standard has-post-thumbnail hentry category-non-categorise\" data-id=\"1443\">\r\n\t\t<div class=\"w-grid-item-h\">\r\n\t\t\t\t\t\t\t<a href=\"https:\/\/talleresalquezar.es\/fr\/alquezar-avec-une-nouvelle-identite-participera-a-smopyc-saragossealquezar-renovada-y-con-nueva-imagen-participara-en-smopyc-zaragoza\/\" class=\"w-grid-item-anchor\" aria-label=\"Alquezar, avec une nouvelle identit\u00e9, participera \u00e0 SMOPYC SaragosseAlquezar, renovada y con nueva imagen, participar\u00e1 en SMOPYC Zaragoza\"><\/a>\r\n\t\t\t\t\t\t<h2 class=\"w-post-elm post_title usg_post_title_1 has_text_color entry-title color_link_inherit\">Alquezar, avec une nouvelle identit\u00e9, participera \u00e0 SMOPYC SaragosseAlquezar, renovada y con nueva imagen, participar\u00e1 en SMOPYC Zaragoza<\/h2>\t\t<\/div>\r\n\t\t\t<\/article>\r\n\t<article class=\"w-grid-item size_1x1 post-1271 post type-post status-publish format-standard has-post-thumbnail hentry category-non-categorise tag-beton tag-foires\" data-id=\"1271\">\r\n\t\t<div class=\"w-grid-item-h\">\r\n\t\t\t\t\t\t\t<a href=\"https:\/\/talleresalquezar.es\/fr\/lusine-ogerko-recompensee-au-congres-anefhop\/\" class=\"w-grid-item-anchor\" aria-label=\"L\u2019usine OGERKO r\u00e9compens\u00e9e au Congr\u00e8s ANEFHOP\"><\/a>\r\n\t\t\t\t\t\t<h2 class=\"w-post-elm post_title usg_post_title_1 has_text_color entry-title color_link_inherit\">L\u2019usine OGERKO r\u00e9compens\u00e9e au Congr\u00e8s ANEFHOP<\/h2>\t\t<\/div>\r\n\t\t\t<\/article>\r\n\t<article class=\"w-grid-item size_1x1 post-1274 post type-post status-publish format-standard has-post-thumbnail hentry category-non-categorise\" data-id=\"1274\">\r\n\t\t<div class=\"w-grid-item-h\">\r\n\t\t\t\t\t\t\t<a href=\"https:\/\/talleresalquezar.es\/fr\/1er-congres-du-beton-anefhop\/\" class=\"w-grid-item-anchor\" aria-label=\"1er Congr\u00e8s du B\u00e9ton ANEFHOP\"><\/a>\r\n\t\t\t\t\t\t<h2 class=\"w-post-elm post_title usg_post_title_1 has_text_color entry-title color_link_inherit\">1er Congr\u00e8s du B\u00e9ton ANEFHOP<\/h2>\t\t<\/div>\r\n\t\t\t<\/article>\r\n\t<article class=\"w-grid-item size_1x1 post-1277 post type-post status-publish format-standard has-post-thumbnail hentry category-installations-de-granulats tag-concassage tag-cribles-a-disques tag-granulats tag-lavage tag-laveurs-de-pierres tag-traitement-de-leau\" data-id=\"1277\">\r\n\t\t<div class=\"w-grid-item-h\">\r\n\t\t\t\t\t\t\t<a href=\"https:\/\/talleresalquezar.es\/fr\/montage-dune-installation-de-lavage\/\" class=\"w-grid-item-anchor\" aria-label=\"Montage d\u2019une installation de lavage\"><\/a>\r\n\t\t\t\t\t\t<h2 class=\"w-post-elm post_title usg_post_title_1 has_text_color entry-title color_link_inherit\">Montage d\u2019une installation de lavage<\/h2>\t\t<\/div>\r\n\t\t\t<\/article>\r\n<\/div>\t<div class=\"w-grid-preloader\">\r\n\t\t<div class=\"g-preloader type_1\">\r\n\t\t\t<div><\/div>\r\n\t\t<\/div>\r\n\t<\/div>\r\n\t\t<div class=\"w-grid-json hidden\" onclick='return {&quot;action&quot;:&quot;us_ajax_grid&quot;,&quot;infinite_scroll&quot;:0,&quot;max_num_pages&quot;:5,&quot;pagination&quot;:&quot;none&quot;,&quot;template_vars&quot;:{&quot;columns&quot;:&quot;2&quot;,&quot;exclude_items&quot;:&quot;none&quot;,&quot;img_size&quot;:&quot;default&quot;,&quot;ignore_items_size&quot;:0,&quot;items_layout&quot;:&quot;158&quot;,&quot;items_offset&quot;:&quot;1&quot;,&quot;load_animation&quot;:&quot;none&quot;,&quot;overriding_link&quot;:&quot;%7B%22type%22%3A%22post%22%7D&quot;,&quot;post_id&quot;:0,&quot;query_args&quot;:{&quot;post_parent&quot;:0,&quot;post_type&quot;:&quot;any&quot;,&quot;ignore_sticky_posts&quot;:1,&quot;posts_per_page&quot;:&quot;4&quot;},&quot;orderby_query_args&quot;:{&quot;orderby&quot;:{&quot;menu_order&quot;:&quot;ASC&quot;},&quot;order&quot;:&quot;ASC&quot;},&quot;type&quot;:&quot;grid&quot;,&quot;us_grid_post_type&quot;:&quot;current_child_pages&quot;,&quot;us_grid_ajax_index&quot;:1,&quot;us_grid_filter_query_string&quot;:null,&quot;us_grid_index&quot;:1,&quot;page_args&quot;:[],&quot;lang&quot;:&quot;fr&quot;}}'><\/div>\r\n\t<\/div><\/div><\/div><\/div><\/div><\/section>\n","protected":false},"excerpt":{"rendered":"ALQUEZAR est en train d\u2019achever le montage d\u2019une installation compl\u00e8te de lavage de granulats, comprenant des cribles \u00e0 disques, des laveurs de pierres, un syst\u00e8me de lavage de sables, le traitement de l\u2019eau de lavage, des s\u00e9parateurs optiques et des stockages avec convoyeurs tripper, pour le groupe CALCINOR.","protected":false},"author":1,"featured_media":0,"parent":783,"menu_order":0,"comment_status":"closed","ping_status":"closed","template":"","meta":{"footnotes":""},"class_list":["post-1140","page","type-page","status-publish","hentry"],"yoast_head":"<!-- This site is optimized with the Yoast SEO plugin v27.4 - https:\/\/yoast.com\/product\/yoast-seo-wordpress\/ -->\n<title>Granulats | Granulats | Alqu\u00e9zar<\/title>\n<meta name=\"description\" content=\"Solutions Alqu\u00e9zar pour granulats : ing\u00e9nierie, fabrication, montage et mise en service. Installations adapt\u00e9es \u00e0 chaque projet.\" \/>\n<meta name=\"robots\" content=\"index, follow, max-snippet:-1, max-image-preview:large, max-video-preview:-1\" \/>\n<link rel=\"canonical\" href=\"https:\/\/talleresalquezar.es\/fr\/secteurs\/granulats\/\" \/>\n<meta property=\"og:locale\" content=\"fr_FR\" \/>\n<meta property=\"og:type\" content=\"article\" \/>\n<meta property=\"og:title\" content=\"Granulats | Granulats | Alqu\u00e9zar\" \/>\n<meta property=\"og:description\" content=\"Solutions Alqu\u00e9zar pour granulats : ing\u00e9nierie, fabrication, montage et mise en service. Installations adapt\u00e9es \u00e0 chaque projet.\" \/>\n<meta property=\"og:url\" content=\"https:\/\/talleresalquezar.es\/fr\/secteurs\/granulats\/\" \/>\n<meta property=\"og:site_name\" content=\"Talleres Alqu\u00e9zar\" \/>\n<meta property=\"article:modified_time\" content=\"2026-02-09T17:58:50+00:00\" \/>\n<meta property=\"og:image\" content=\"https:\/\/talleresalquezar.es\/wp-content\/uploads\/2025\/07\/Lofotipo-talleres-alquezar-zaragoza-cintasa.png\" \/>\n\t<meta property=\"og:image:width\" content=\"400\" \/>\n\t<meta property=\"og:image:height\" content=\"84\" \/>\n\t<meta property=\"og:image:type\" content=\"image\/png\" \/>\n<meta name=\"twitter:card\" content=\"summary_large_image\" \/>\n<script type=\"application\/ld+json\" class=\"yoast-schema-graph\">{\"@context\":\"https:\\\/\\\/schema.org\",\"@graph\":[{\"@type\":\"WebPage\",\"@id\":\"https:\\\/\\\/talleresalquezar.es\\\/fr\\\/secteurs\\\/granulats\\\/\",\"url\":\"https:\\\/\\\/talleresalquezar.es\\\/fr\\\/secteurs\\\/granulats\\\/\",\"name\":\"Granulats | Granulats | Alqu\u00e9zar\",\"isPartOf\":{\"@id\":\"https:\\\/\\\/talleresalquezar.es\\\/fr\\\/#website\"},\"datePublished\":\"2025-07-14T14:53:04+00:00\",\"dateModified\":\"2026-02-09T17:58:50+00:00\",\"description\":\"Solutions Alqu\u00e9zar pour granulats : ing\u00e9nierie, fabrication, montage et mise en service. Installations adapt\u00e9es \u00e0 chaque projet.\",\"breadcrumb\":{\"@id\":\"https:\\\/\\\/talleresalquezar.es\\\/fr\\\/secteurs\\\/granulats\\\/#breadcrumb\"},\"inLanguage\":\"fr-FR\",\"potentialAction\":[{\"@type\":\"ReadAction\",\"target\":[\"https:\\\/\\\/talleresalquezar.es\\\/fr\\\/secteurs\\\/granulats\\\/\"]}]},{\"@type\":\"BreadcrumbList\",\"@id\":\"https:\\\/\\\/talleresalquezar.es\\\/fr\\\/secteurs\\\/granulats\\\/#breadcrumb\",\"itemListElement\":[{\"@type\":\"ListItem\",\"position\":1,\"name\":\"Portada\",\"item\":\"https:\\\/\\\/talleresalquezar.es\\\/fr\\\/\"},{\"@type\":\"ListItem\",\"position\":2,\"name\":\"Secteurs\",\"item\":\"https:\\\/\\\/talleresalquezar.es\\\/fr\\\/sectores\\\/\"},{\"@type\":\"ListItem\",\"position\":3,\"name\":\"Granulats\"}]},{\"@type\":\"WebSite\",\"@id\":\"https:\\\/\\\/talleresalquezar.es\\\/fr\\\/#website\",\"url\":\"https:\\\/\\\/talleresalquezar.es\\\/fr\\\/\",\"name\":\"Talleres\u202fAlqu\u00e9zar\",\"description\":\"Talleres\u202fAlqu\u00e9zar dise\u00f1a y fabrica plantas llave en mano para hormig\u00f3n, \u00e1ridos, mortero y reciclaje, con m\u00e1s de 60\u202fa\u00f1os de experiencia en Zaragoza y presencia internacional.\",\"publisher\":{\"@id\":\"https:\\\/\\\/talleresalquezar.es\\\/fr\\\/#organization\"},\"alternateName\":\"Talleres Alquezar Zaragoza\",\"potentialAction\":[{\"@type\":\"SearchAction\",\"target\":{\"@type\":\"EntryPoint\",\"urlTemplate\":\"https:\\\/\\\/talleresalquezar.es\\\/fr\\\/?s={search_term_string}\"},\"query-input\":{\"@type\":\"PropertyValueSpecification\",\"valueRequired\":true,\"valueName\":\"search_term_string\"}}],\"inLanguage\":\"fr-FR\"},{\"@type\":\"Organization\",\"@id\":\"https:\\\/\\\/talleresalquezar.es\\\/fr\\\/#organization\",\"name\":\"Talleres\u202fAlqu\u00e9zar\",\"alternateName\":\"Talleres\u202fAlqu\u00e9zar Zaragoza\",\"url\":\"https:\\\/\\\/talleresalquezar.es\\\/fr\\\/\",\"logo\":{\"@type\":\"ImageObject\",\"inLanguage\":\"fr-FR\",\"@id\":\"https:\\\/\\\/talleresalquezar.es\\\/fr\\\/#\\\/schema\\\/logo\\\/image\\\/\",\"url\":\"https:\\\/\\\/talleresalquezar.es\\\/wp-content\\\/uploads\\\/2025\\\/07\\\/Lofotipo-talleres-alquezar-zaragoza-cintasa.png\",\"contentUrl\":\"https:\\\/\\\/talleresalquezar.es\\\/wp-content\\\/uploads\\\/2025\\\/07\\\/Lofotipo-talleres-alquezar-zaragoza-cintasa.png\",\"width\":400,\"height\":84,\"caption\":\"Talleres\u202fAlqu\u00e9zar\"},\"image\":{\"@id\":\"https:\\\/\\\/talleresalquezar.es\\\/fr\\\/#\\\/schema\\\/logo\\\/image\\\/\"}}]}<\/script>\n<!-- \/ Yoast SEO plugin. -->","yoast_head_json":{"title":"Granulats | Granulats | Alqu\u00e9zar","description":"Solutions Alqu\u00e9zar pour granulats : ing\u00e9nierie, fabrication, montage et mise en service. Installations adapt\u00e9es \u00e0 chaque projet.","robots":{"index":"index","follow":"follow","max-snippet":"max-snippet:-1","max-image-preview":"max-image-preview:large","max-video-preview":"max-video-preview:-1"},"canonical":"https:\/\/talleresalquezar.es\/fr\/secteurs\/granulats\/","og_locale":"fr_FR","og_type":"article","og_title":"Granulats | Granulats | Alqu\u00e9zar","og_description":"Solutions Alqu\u00e9zar pour granulats : ing\u00e9nierie, fabrication, montage et mise en service. Installations adapt\u00e9es \u00e0 chaque projet.","og_url":"https:\/\/talleresalquezar.es\/fr\/secteurs\/granulats\/","og_site_name":"Talleres Alqu\u00e9zar","article_modified_time":"2026-02-09T17:58:50+00:00","og_image":[{"width":400,"height":84,"url":"https:\/\/talleresalquezar.es\/wp-content\/uploads\/2025\/07\/Lofotipo-talleres-alquezar-zaragoza-cintasa.png","type":"image\/png"}],"twitter_card":"summary_large_image","schema":{"@context":"https:\/\/schema.org","@graph":[{"@type":"WebPage","@id":"https:\/\/talleresalquezar.es\/fr\/secteurs\/granulats\/","url":"https:\/\/talleresalquezar.es\/fr\/secteurs\/granulats\/","name":"Granulats | Granulats | Alqu\u00e9zar","isPartOf":{"@id":"https:\/\/talleresalquezar.es\/fr\/#website"},"datePublished":"2025-07-14T14:53:04+00:00","dateModified":"2026-02-09T17:58:50+00:00","description":"Solutions Alqu\u00e9zar pour granulats : ing\u00e9nierie, fabrication, montage et mise en service. Installations adapt\u00e9es \u00e0 chaque projet.","breadcrumb":{"@id":"https:\/\/talleresalquezar.es\/fr\/secteurs\/granulats\/#breadcrumb"},"inLanguage":"fr-FR","potentialAction":[{"@type":"ReadAction","target":["https:\/\/talleresalquezar.es\/fr\/secteurs\/granulats\/"]}]},{"@type":"BreadcrumbList","@id":"https:\/\/talleresalquezar.es\/fr\/secteurs\/granulats\/#breadcrumb","itemListElement":[{"@type":"ListItem","position":1,"name":"Portada","item":"https:\/\/talleresalquezar.es\/fr\/"},{"@type":"ListItem","position":2,"name":"Secteurs","item":"https:\/\/talleresalquezar.es\/fr\/sectores\/"},{"@type":"ListItem","position":3,"name":"Granulats"}]},{"@type":"WebSite","@id":"https:\/\/talleresalquezar.es\/fr\/#website","url":"https:\/\/talleresalquezar.es\/fr\/","name":"Talleres\u202fAlqu\u00e9zar","description":"Talleres\u202fAlqu\u00e9zar dise\u00f1a y fabrica plantas llave en mano para hormig\u00f3n, \u00e1ridos, mortero y reciclaje, con m\u00e1s de 60\u202fa\u00f1os de experiencia en Zaragoza y presencia internacional.","publisher":{"@id":"https:\/\/talleresalquezar.es\/fr\/#organization"},"alternateName":"Talleres Alquezar Zaragoza","potentialAction":[{"@type":"SearchAction","target":{"@type":"EntryPoint","urlTemplate":"https:\/\/talleresalquezar.es\/fr\/?s={search_term_string}"},"query-input":{"@type":"PropertyValueSpecification","valueRequired":true,"valueName":"search_term_string"}}],"inLanguage":"fr-FR"},{"@type":"Organization","@id":"https:\/\/talleresalquezar.es\/fr\/#organization","name":"Talleres\u202fAlqu\u00e9zar","alternateName":"Talleres\u202fAlqu\u00e9zar Zaragoza","url":"https:\/\/talleresalquezar.es\/fr\/","logo":{"@type":"ImageObject","inLanguage":"fr-FR","@id":"https:\/\/talleresalquezar.es\/fr\/#\/schema\/logo\/image\/","url":"https:\/\/talleresalquezar.es\/wp-content\/uploads\/2025\/07\/Lofotipo-talleres-alquezar-zaragoza-cintasa.png","contentUrl":"https:\/\/talleresalquezar.es\/wp-content\/uploads\/2025\/07\/Lofotipo-talleres-alquezar-zaragoza-cintasa.png","width":400,"height":84,"caption":"Talleres\u202fAlqu\u00e9zar"},"image":{"@id":"https:\/\/talleresalquezar.es\/fr\/#\/schema\/logo\/image\/"}}]}},"_links":{"self":[{"href":"https:\/\/talleresalquezar.es\/fr\/wp-json\/wp\/v2\/pages\/1140","targetHints":{"allow":["GET"]}}],"collection":[{"href":"https:\/\/talleresalquezar.es\/fr\/wp-json\/wp\/v2\/pages"}],"about":[{"href":"https:\/\/talleresalquezar.es\/fr\/wp-json\/wp\/v2\/types\/page"}],"author":[{"embeddable":true,"href":"https:\/\/talleresalquezar.es\/fr\/wp-json\/wp\/v2\/users\/1"}],"replies":[{"embeddable":true,"href":"https:\/\/talleresalquezar.es\/fr\/wp-json\/wp\/v2\/comments?post=1140"}],"version-history":[{"count":2,"href":"https:\/\/talleresalquezar.es\/fr\/wp-json\/wp\/v2\/pages\/1140\/revisions"}],"predecessor-version":[{"id":1142,"href":"https:\/\/talleresalquezar.es\/fr\/wp-json\/wp\/v2\/pages\/1140\/revisions\/1142"}],"up":[{"embeddable":true,"href":"https:\/\/talleresalquezar.es\/fr\/wp-json\/wp\/v2\/pages\/783"}],"wp:attachment":[{"href":"https:\/\/talleresalquezar.es\/fr\/wp-json\/wp\/v2\/media?parent=1140"}],"curies":[{"name":"wp","href":"https:\/\/api.w.org\/{rel}","templated":true}]}}