{"id":1146,"date":"2025-07-14T16:55:52","date_gmt":"2025-07-14T14:55:52","guid":{"rendered":"https:\/\/talleresalquezar.es\/secteurs\/granulats\/classement-et-separation\/"},"modified":"2026-02-09T18:58:51","modified_gmt":"2026-02-09T17:58:51","slug":"classement-et-separation","status":"publish","type":"page","link":"https:\/\/talleresalquezar.es\/fr\/secteurs\/granulats\/classement-et-separation\/","title":{"rendered":"Classement et S\u00e9paration"},"content":{"rendered":"<section class=\"l-section wpb_row height_small color_primary\"><div class=\"l-section-h i-cf\"><div class=\"g-cols vc_row via_grid cols_1 laptops-cols_inherit tablets-cols_inherit mobiles-cols_1 valign_top type_default stacking_default\"><div class=\"wpb_column vc_column_container\"><div class=\"vc_column-inner\"><h1 class=\"w-text us_custom_eb849559\"><span class=\"w-text-h\"><span class=\"w-text-value\">GRANULATS \/ CLASSEMENT ET S\u00c9PARATION<\/span><\/span><\/h1><\/div><\/div><\/div><\/div><\/section><section class=\"l-section wpb_row us_custom_afb91a52 height_auto width_custom color_alternate\" style=\"--site-content-width:1060px;\"><div class=\"l-section-h i-cf\"><div class=\"g-cols vc_row via_grid cols_1 laptops-cols_inherit tablets-cols_inherit mobiles-cols_1 valign_middle type_default stacking_default\"><div class=\"wpb_column vc_column_container\"><div class=\"vc_column-inner\"><div class=\"w-separator size_medium\"><\/div><div class=\"wpb_text_column\"><div class=\"wpb_wrapper\"><p>Chez Alqu\u00e9zar, nous concevons et fabriquons des cribles pour toutes sortes de solutions de classification. Nos diff\u00e9rents mod\u00e8les couvrent l\u2019ensemble du spectre granulom\u00e9trique, depuis le criblage primaire jusqu\u2019\u00e0 la s\u00e9paration des mat\u00e9riaux fins, garantissant des courbes granulom\u00e9triques constantes et des niveaux de production \u00e9lev\u00e9s, tout en s\u2019adaptant \u00e0 tout processus de s\u00e9lection et type de mat\u00e9riau.<\/p>\n<\/div><\/div><div class=\"w-separator size_medium\"><\/div><\/div><\/div><\/div><\/div><\/section><section class=\"l-section wpb_row height_medium\"><div class=\"l-section-h i-cf\"><div class=\"g-cols vc_row via_grid cols_2 laptops-cols_inherit tablets-cols_inherit mobiles-cols_1 valign_top type_default stacking_default\"><div class=\"wpb_column vc_column_container us_custom_a9be633b has_bg_color\"><div class=\"vc_column-inner\"><h2 class=\"w-text\"><span class=\"w-text-h\"><span class=\"w-text-value\">CRIBLES PRIMAIRES:<\/span><\/span><\/h2><div class=\"wpb_text_column\"><div class=\"wpb_wrapper\"><p>Chez Alqu\u00e9zar, nous concevons des cribles primaires offrant une solution robuste pour le criblage des granulats dans les travaux lourds, les coupes interm\u00e9diaires et l\u2019obtention de produits propres et de qualit\u00e9 pour les traitements suivants.<\/p>\n<ul>\n<li>Cribles \u00e0 rouleaux s\u00e9rie CR<\/li>\n<li>Pr\u00e9-cribles<\/li>\n<li>Cribles \u00e0 barres<\/li>\n<\/ul>\n<\/div><\/div><\/div><\/div><div class=\"wpb_column vc_column_container us_custom_315b8835 has_bg_color\"><div class=\"vc_column-inner\"><h2 class=\"w-text\"><span class=\"w-text-h\"><span class=\"w-text-value\">CRIBLES SECONDAIRES:<\/span><\/span><\/h2><div class=\"wpb_text_column\"><div class=\"wpb_wrapper\"><p>Chez Alqu\u00e9zar, nous concevons des cribles secondaires permettant une pr\u00e9cision de coupe \u00e9lev\u00e9e, propos\u00e9s dans diff\u00e9rents formats selon les besoins du client.<\/p>\n<ul>\n<li>Cribles inclin\u00e9s s\u00e9rie CT<\/li>\n<li>Cribles horizontaux s\u00e9rie CTH<\/li>\n<li>Cribles \u00e0 disques s\u00e9rie CRL<\/li>\n<\/ul>\n<\/div><\/div><\/div><\/div><\/div><\/div><\/section><section class=\"l-section wpb_row height_medium color_alternate\"><div class=\"l-section-h i-cf\"><div class=\"g-cols vc_row via_grid cols_2 laptops-cols_inherit tablets-cols_inherit mobiles-cols_1 valign_top type_default stacking_default\"><div class=\"wpb_column vc_column_container us_custom_c70c97eb has_bg_color\"><div class=\"vc_column-inner\"><h2 class=\"w-text\"><span class=\"w-text-h\"><span class=\"w-text-value\">CRIBLES TERTIAIRES:<\/span><\/span><\/h2><div class=\"wpb_text_column us_custom_836f727b has_text_color\"><div class=\"wpb_wrapper\"><p>Chez Alqu\u00e9zar, nous concevons des cribles tertiaires pour une pr\u00e9cision maximale dans l\u2019obtention d\u2019un produit \u00e0 la granulom\u00e9trie parfaite en fin de processus de criblage.<\/p>\n<ul>\n<li>Cribles inclin\u00e9s probabilistes<\/li>\n<li>R\u00e9partiteurs vibrants<\/li>\n<\/ul>\n<\/div><\/div><\/div><\/div><div class=\"wpb_column vc_column_container us_custom_315b8835 has_bg_color\"><div class=\"vc_column-inner\"><h2 class=\"w-text\"><span class=\"w-text-h\"><span class=\"w-text-value\">CRIBLES \u00c0 ASPIRATION:<\/span><\/span><\/h2><div class=\"wpb_text_column\"><div class=\"wpb_wrapper\"><p>Chez Alqu\u00e9zar, nous concevons des cribles pour le classement par aspiration, permettant de s\u00e9parer les fractions granulom\u00e9triques les plus fines dans la plage des microns.<\/p>\n<ul>\n<li>Cribles avec s\u00e9parateur statique vertical conique<\/li>\n<li>Cribles avec s\u00e9parateur statique vertical en V<\/li>\n<\/ul>\n<\/div><\/div><\/div><\/div><\/div><\/div><\/section><section class=\"l-section wpb_row height_medium\"><div class=\"l-section-h i-cf\"><div class=\"g-cols vc_row via_grid cols_1 laptops-cols_inherit tablets-cols_inherit mobiles-cols_1 valign_top type_default stacking_default\"><div class=\"wpb_column vc_column_container\"><div class=\"vc_column-inner\"><div class=\"w-gallery fit_cover type_grid action_popup_image ratio_1x1 count_5\" style=\"--columns:5;--items-gap:10px;\"><div class=\"w-gallery-list\"><div class=\"w-gallery-item\"><div class=\"w-gallery-item-img\"><img decoding=\"async\" width=\"1024\" height=\"472\" src=\"https:\/\/talleresalquezar.es\/wp-content\/uploads\/2025\/07\/Clasificacion-y-seleccion-1024x472.jpg\" class=\"attachment-large size-large\" alt=\"\" srcset=\"https:\/\/talleresalquezar.es\/wp-content\/uploads\/2025\/07\/Clasificacion-y-seleccion-1024x472.jpg 1024w, https:\/\/talleresalquezar.es\/wp-content\/uploads\/2025\/07\/Clasificacion-y-seleccion-300x138.jpg 300w, https:\/\/talleresalquezar.es\/wp-content\/uploads\/2025\/07\/Clasificacion-y-seleccion.jpg 2000w\" sizes=\"(max-width: 1024px) 100vw, 1024px\" \/><\/div><a class=\"w-gallery-item-link\" aria-label=\"Clasificacion y seleccion\" href=\"https:\/\/talleresalquezar.es\/wp-content\/uploads\/2025\/07\/Clasificacion-y-seleccion.jpg\"><\/a><\/div><div class=\"w-gallery-item\"><div class=\"w-gallery-item-img\"><img decoding=\"async\" width=\"1024\" height=\"472\" src=\"https:\/\/talleresalquezar.es\/wp-content\/uploads\/2025\/07\/Cribas-1-1024x472.jpg\" class=\"attachment-large size-large\" alt=\"\" srcset=\"https:\/\/talleresalquezar.es\/wp-content\/uploads\/2025\/07\/Cribas-1-1024x472.jpg 1024w, https:\/\/talleresalquezar.es\/wp-content\/uploads\/2025\/07\/Cribas-1-300x138.jpg 300w, https:\/\/talleresalquezar.es\/wp-content\/uploads\/2025\/07\/Cribas-1.jpg 2000w\" sizes=\"(max-width: 1024px) 100vw, 1024px\" \/><\/div><a class=\"w-gallery-item-link\" aria-label=\"Cribas (1)\" href=\"https:\/\/talleresalquezar.es\/wp-content\/uploads\/2025\/07\/Cribas-1.jpg\"><\/a><\/div><div class=\"w-gallery-item\"><div class=\"w-gallery-item-img\"><img decoding=\"async\" width=\"1024\" height=\"768\" src=\"https:\/\/talleresalquezar.es\/wp-content\/uploads\/2025\/07\/Cribas-2-1024x768.jpg\" class=\"attachment-large size-large\" alt=\"\" srcset=\"https:\/\/talleresalquezar.es\/wp-content\/uploads\/2025\/07\/Cribas-2-1024x768.jpg 1024w, https:\/\/talleresalquezar.es\/wp-content\/uploads\/2025\/07\/Cribas-2-300x225.jpg 300w, https:\/\/talleresalquezar.es\/wp-content\/uploads\/2025\/07\/Cribas-2.jpg 2048w\" sizes=\"(max-width: 1024px) 100vw, 1024px\" \/><\/div><a class=\"w-gallery-item-link\" aria-label=\"Cribas (2)\" href=\"https:\/\/talleresalquezar.es\/wp-content\/uploads\/2025\/07\/Cribas-2.jpg\"><\/a><\/div><div class=\"w-gallery-item\"><div class=\"w-gallery-item-img\"><img decoding=\"async\" width=\"768\" height=\"1024\" src=\"https:\/\/talleresalquezar.es\/wp-content\/uploads\/2025\/07\/Cribas-3-768x1024.jpg\" class=\"attachment-large size-large\" alt=\"\" srcset=\"https:\/\/talleresalquezar.es\/wp-content\/uploads\/2025\/07\/Cribas-3-768x1024.jpg 768w, https:\/\/talleresalquezar.es\/wp-content\/uploads\/2025\/07\/Cribas-3-225x300.jpg 225w, https:\/\/talleresalquezar.es\/wp-content\/uploads\/2025\/07\/Cribas-3.jpg 1440w\" sizes=\"(max-width: 768px) 100vw, 768px\" \/><\/div><a class=\"w-gallery-item-link\" aria-label=\"Cribas (3)\" href=\"https:\/\/talleresalquezar.es\/wp-content\/uploads\/2025\/07\/Cribas-3.jpg\"><\/a><\/div><div class=\"w-gallery-item\"><div class=\"w-gallery-item-img\"><img decoding=\"async\" width=\"576\" height=\"1024\" src=\"https:\/\/talleresalquezar.es\/wp-content\/uploads\/2025\/07\/Cribas-4-576x1024.jpg\" class=\"attachment-large size-large\" alt=\"\" srcset=\"https:\/\/talleresalquezar.es\/wp-content\/uploads\/2025\/07\/Cribas-4-576x1024.jpg 576w, https:\/\/talleresalquezar.es\/wp-content\/uploads\/2025\/07\/Cribas-4-169x300.jpg 169w, https:\/\/talleresalquezar.es\/wp-content\/uploads\/2025\/07\/Cribas-4.jpg 1080w\" sizes=\"(max-width: 576px) 100vw, 576px\" \/><\/div><a class=\"w-gallery-item-link\" aria-label=\"Cribas (4)\" href=\"https:\/\/talleresalquezar.es\/wp-content\/uploads\/2025\/07\/Cribas-4.jpg\"><\/a><\/div><\/div><\/div><\/div><\/div><\/div><\/div><\/section><section class=\"l-section wpb_row us_custom_c477b050 height_medium width_custom color_alternate\" style=\"--site-content-width:1060px;\"><div class=\"l-section-h i-cf\"><div class=\"g-cols vc_row via_grid cols_2 laptops-cols_inherit tablets-cols_inherit mobiles-cols_1 valign_top type_default stacking_default\"><div class=\"wpb_column vc_column_container\"><div class=\"vc_column-inner\"><h2 class=\"w-text\"><span class=\"w-text-h\"><span class=\"w-text-value\">S\u00c9PARATEURS M\u00c9TALLIQUES:<\/span><\/span><\/h2><div class=\"wpb_text_column\"><div class=\"wpb_wrapper\"><p>Chez Alqu\u00e9zar, nous proposons des solutions avanc\u00e9es de d\u00e9tection et de s\u00e9paration magn\u00e9tique, con\u00e7ues pour am\u00e9liorer l\u2019efficacit\u00e9 des processus industriels en \u00e9liminant les mat\u00e9riaux ferreux de mani\u00e8re pr\u00e9cise et efficace. Nos \u00e9quipements garantissent une production plus propre, prot\u00e8gent les machines et optimisent la qualit\u00e9 du produit final.<\/p>\n<\/div><\/div><\/div><\/div><div class=\"wpb_column vc_column_container\"><div class=\"vc_column-inner\"><div class=\"w-separator size_medium\"><\/div><div class=\"wpb_text_column\"><div class=\"wpb_wrapper\"><ul>\n<li>S\u00e9parateurs magn\u00e9tiques \u00e0 aimant permanent<\/li>\n<li>S\u00e9parateurs magn\u00e9tiques \u00e9lectromagn\u00e9tiques<\/li>\n<li>S\u00e9parateurs magn\u00e9tiques avec bande transporteuse<\/li>\n<li>S\u00e9parateurs magn\u00e9tiques \u00e0 canaux<\/li>\n<\/ul>\n<\/div><\/div><\/div><\/div><\/div><\/div><\/section>\n","protected":false},"excerpt":{"rendered":"GRANULATS \/ CLASSEMENT ET S\u00c9PARATIONChez Alqu\u00e9zar, nous concevons et fabriquons des cribles pour toutes sortes de solutions de classification. Nos diff\u00e9rents mod\u00e8les couvrent l\u2019ensemble du spectre granulom\u00e9trique, depuis le criblage primaire jusqu\u2019\u00e0 la s\u00e9paration des mat\u00e9riaux fins, garantissant des courbes granulom\u00e9triques constantes et des niveaux de production \u00e9lev\u00e9s, tout en s\u2019adaptant \u00e0 tout processus de...","protected":false},"author":1,"featured_media":0,"parent":1140,"menu_order":0,"comment_status":"closed","ping_status":"closed","template":"","meta":{"footnotes":""},"class_list":["post-1146","page","type-page","status-publish","hentry"],"yoast_head":"<!-- This site is optimized with the Yoast SEO plugin v27.4 - https:\/\/yoast.com\/product\/yoast-seo-wordpress\/ -->\n<title>Classement et S\u00e9paration | Granulats | Alqu\u00e9zar<\/title>\n<meta name=\"description\" content=\"Chez Alqu\u00e9zar, nous concevons et fabriquons des cribles pour toutes sortes de solutions de classification.\" \/>\n<meta name=\"robots\" content=\"index, follow, max-snippet:-1, max-image-preview:large, max-video-preview:-1\" \/>\n<link rel=\"canonical\" href=\"https:\/\/talleresalquezar.es\/fr\/secteurs\/granulats\/classement-et-separation\/\" \/>\n<meta property=\"og:locale\" content=\"fr_FR\" \/>\n<meta property=\"og:type\" content=\"article\" \/>\n<meta property=\"og:title\" content=\"Classement et S\u00e9paration | Granulats | Alqu\u00e9zar\" \/>\n<meta property=\"og:description\" content=\"Chez Alqu\u00e9zar, nous concevons et fabriquons des cribles pour toutes sortes de solutions de classification.\" \/>\n<meta property=\"og:url\" content=\"https:\/\/talleresalquezar.es\/fr\/secteurs\/granulats\/classement-et-separation\/\" \/>\n<meta property=\"og:site_name\" content=\"Talleres Alqu\u00e9zar\" \/>\n<meta property=\"article:modified_time\" content=\"2026-02-09T17:58:51+00:00\" \/>\n<meta property=\"og:image\" content=\"https:\/\/talleresalquezar.es\/wp-content\/uploads\/2025\/07\/Lofotipo-talleres-alquezar-zaragoza-cintasa.png\" \/>\n\t<meta property=\"og:image:width\" content=\"400\" \/>\n\t<meta property=\"og:image:height\" content=\"84\" \/>\n\t<meta property=\"og:image:type\" content=\"image\/png\" \/>\n<meta name=\"twitter:card\" content=\"summary_large_image\" \/>\n<meta name=\"twitter:label1\" content=\"Dur\u00e9e de lecture estim\u00e9e\" \/>\n\t<meta name=\"twitter:data1\" content=\"2 minutes\" \/>\n<script type=\"application\/ld+json\" class=\"yoast-schema-graph\">{\"@context\":\"https:\\\/\\\/schema.org\",\"@graph\":[{\"@type\":\"WebPage\",\"@id\":\"https:\\\/\\\/talleresalquezar.es\\\/fr\\\/secteurs\\\/granulats\\\/classement-et-separation\\\/\",\"url\":\"https:\\\/\\\/talleresalquezar.es\\\/fr\\\/secteurs\\\/granulats\\\/classement-et-separation\\\/\",\"name\":\"Classement et S\u00e9paration | Granulats | Alqu\u00e9zar\",\"isPartOf\":{\"@id\":\"https:\\\/\\\/talleresalquezar.es\\\/fr\\\/#website\"},\"datePublished\":\"2025-07-14T14:55:52+00:00\",\"dateModified\":\"2026-02-09T17:58:51+00:00\",\"description\":\"Chez Alqu\u00e9zar, nous concevons et fabriquons des cribles pour toutes sortes de solutions de classification.\",\"breadcrumb\":{\"@id\":\"https:\\\/\\\/talleresalquezar.es\\\/fr\\\/secteurs\\\/granulats\\\/classement-et-separation\\\/#breadcrumb\"},\"inLanguage\":\"fr-FR\",\"potentialAction\":[{\"@type\":\"ReadAction\",\"target\":[\"https:\\\/\\\/talleresalquezar.es\\\/fr\\\/secteurs\\\/granulats\\\/classement-et-separation\\\/\"]}]},{\"@type\":\"BreadcrumbList\",\"@id\":\"https:\\\/\\\/talleresalquezar.es\\\/fr\\\/secteurs\\\/granulats\\\/classement-et-separation\\\/#breadcrumb\",\"itemListElement\":[{\"@type\":\"ListItem\",\"position\":1,\"name\":\"Portada\",\"item\":\"https:\\\/\\\/talleresalquezar.es\\\/fr\\\/\"},{\"@type\":\"ListItem\",\"position\":2,\"name\":\"Secteurs\",\"item\":\"https:\\\/\\\/talleresalquezar.es\\\/fr\\\/sectores\\\/\"},{\"@type\":\"ListItem\",\"position\":3,\"name\":\"Granulats\",\"item\":\"https:\\\/\\\/talleresalquezar.es\\\/fr\\\/sectores\\\/aridos\\\/\"},{\"@type\":\"ListItem\",\"position\":4,\"name\":\"Classement et S\u00e9paration\"}]},{\"@type\":\"WebSite\",\"@id\":\"https:\\\/\\\/talleresalquezar.es\\\/fr\\\/#website\",\"url\":\"https:\\\/\\\/talleresalquezar.es\\\/fr\\\/\",\"name\":\"Talleres\u202fAlqu\u00e9zar\",\"description\":\"Talleres\u202fAlqu\u00e9zar dise\u00f1a y fabrica plantas llave en mano para hormig\u00f3n, \u00e1ridos, mortero y reciclaje, con m\u00e1s de 60\u202fa\u00f1os de experiencia en Zaragoza y presencia internacional.\",\"publisher\":{\"@id\":\"https:\\\/\\\/talleresalquezar.es\\\/fr\\\/#organization\"},\"alternateName\":\"Talleres Alquezar Zaragoza\",\"potentialAction\":[{\"@type\":\"SearchAction\",\"target\":{\"@type\":\"EntryPoint\",\"urlTemplate\":\"https:\\\/\\\/talleresalquezar.es\\\/fr\\\/?s={search_term_string}\"},\"query-input\":{\"@type\":\"PropertyValueSpecification\",\"valueRequired\":true,\"valueName\":\"search_term_string\"}}],\"inLanguage\":\"fr-FR\"},{\"@type\":\"Organization\",\"@id\":\"https:\\\/\\\/talleresalquezar.es\\\/fr\\\/#organization\",\"name\":\"Talleres\u202fAlqu\u00e9zar\",\"alternateName\":\"Talleres\u202fAlqu\u00e9zar Zaragoza\",\"url\":\"https:\\\/\\\/talleresalquezar.es\\\/fr\\\/\",\"logo\":{\"@type\":\"ImageObject\",\"inLanguage\":\"fr-FR\",\"@id\":\"https:\\\/\\\/talleresalquezar.es\\\/fr\\\/#\\\/schema\\\/logo\\\/image\\\/\",\"url\":\"https:\\\/\\\/talleresalquezar.es\\\/wp-content\\\/uploads\\\/2025\\\/07\\\/Lofotipo-talleres-alquezar-zaragoza-cintasa.png\",\"contentUrl\":\"https:\\\/\\\/talleresalquezar.es\\\/wp-content\\\/uploads\\\/2025\\\/07\\\/Lofotipo-talleres-alquezar-zaragoza-cintasa.png\",\"width\":400,\"height\":84,\"caption\":\"Talleres\u202fAlqu\u00e9zar\"},\"image\":{\"@id\":\"https:\\\/\\\/talleresalquezar.es\\\/fr\\\/#\\\/schema\\\/logo\\\/image\\\/\"}}]}<\/script>\n<!-- \/ Yoast SEO plugin. -->","yoast_head_json":{"title":"Classement et S\u00e9paration | Granulats | Alqu\u00e9zar","description":"Chez Alqu\u00e9zar, nous concevons et fabriquons des cribles pour toutes sortes de solutions de classification.","robots":{"index":"index","follow":"follow","max-snippet":"max-snippet:-1","max-image-preview":"max-image-preview:large","max-video-preview":"max-video-preview:-1"},"canonical":"https:\/\/talleresalquezar.es\/fr\/secteurs\/granulats\/classement-et-separation\/","og_locale":"fr_FR","og_type":"article","og_title":"Classement et S\u00e9paration | Granulats | Alqu\u00e9zar","og_description":"Chez Alqu\u00e9zar, nous concevons et fabriquons des cribles pour toutes sortes de solutions de classification.","og_url":"https:\/\/talleresalquezar.es\/fr\/secteurs\/granulats\/classement-et-separation\/","og_site_name":"Talleres Alqu\u00e9zar","article_modified_time":"2026-02-09T17:58:51+00:00","og_image":[{"width":400,"height":84,"url":"https:\/\/talleresalquezar.es\/wp-content\/uploads\/2025\/07\/Lofotipo-talleres-alquezar-zaragoza-cintasa.png","type":"image\/png"}],"twitter_card":"summary_large_image","twitter_misc":{"Dur\u00e9e de lecture estim\u00e9e":"2 minutes"},"schema":{"@context":"https:\/\/schema.org","@graph":[{"@type":"WebPage","@id":"https:\/\/talleresalquezar.es\/fr\/secteurs\/granulats\/classement-et-separation\/","url":"https:\/\/talleresalquezar.es\/fr\/secteurs\/granulats\/classement-et-separation\/","name":"Classement et S\u00e9paration | Granulats | Alqu\u00e9zar","isPartOf":{"@id":"https:\/\/talleresalquezar.es\/fr\/#website"},"datePublished":"2025-07-14T14:55:52+00:00","dateModified":"2026-02-09T17:58:51+00:00","description":"Chez Alqu\u00e9zar, nous concevons et fabriquons des cribles pour toutes sortes de solutions de classification.","breadcrumb":{"@id":"https:\/\/talleresalquezar.es\/fr\/secteurs\/granulats\/classement-et-separation\/#breadcrumb"},"inLanguage":"fr-FR","potentialAction":[{"@type":"ReadAction","target":["https:\/\/talleresalquezar.es\/fr\/secteurs\/granulats\/classement-et-separation\/"]}]},{"@type":"BreadcrumbList","@id":"https:\/\/talleresalquezar.es\/fr\/secteurs\/granulats\/classement-et-separation\/#breadcrumb","itemListElement":[{"@type":"ListItem","position":1,"name":"Portada","item":"https:\/\/talleresalquezar.es\/fr\/"},{"@type":"ListItem","position":2,"name":"Secteurs","item":"https:\/\/talleresalquezar.es\/fr\/sectores\/"},{"@type":"ListItem","position":3,"name":"Granulats","item":"https:\/\/talleresalquezar.es\/fr\/sectores\/aridos\/"},{"@type":"ListItem","position":4,"name":"Classement et S\u00e9paration"}]},{"@type":"WebSite","@id":"https:\/\/talleresalquezar.es\/fr\/#website","url":"https:\/\/talleresalquezar.es\/fr\/","name":"Talleres\u202fAlqu\u00e9zar","description":"Talleres\u202fAlqu\u00e9zar dise\u00f1a y fabrica plantas llave en mano para hormig\u00f3n, \u00e1ridos, mortero y reciclaje, con m\u00e1s de 60\u202fa\u00f1os de experiencia en Zaragoza y presencia internacional.","publisher":{"@id":"https:\/\/talleresalquezar.es\/fr\/#organization"},"alternateName":"Talleres Alquezar Zaragoza","potentialAction":[{"@type":"SearchAction","target":{"@type":"EntryPoint","urlTemplate":"https:\/\/talleresalquezar.es\/fr\/?s={search_term_string}"},"query-input":{"@type":"PropertyValueSpecification","valueRequired":true,"valueName":"search_term_string"}}],"inLanguage":"fr-FR"},{"@type":"Organization","@id":"https:\/\/talleresalquezar.es\/fr\/#organization","name":"Talleres\u202fAlqu\u00e9zar","alternateName":"Talleres\u202fAlqu\u00e9zar Zaragoza","url":"https:\/\/talleresalquezar.es\/fr\/","logo":{"@type":"ImageObject","inLanguage":"fr-FR","@id":"https:\/\/talleresalquezar.es\/fr\/#\/schema\/logo\/image\/","url":"https:\/\/talleresalquezar.es\/wp-content\/uploads\/2025\/07\/Lofotipo-talleres-alquezar-zaragoza-cintasa.png","contentUrl":"https:\/\/talleresalquezar.es\/wp-content\/uploads\/2025\/07\/Lofotipo-talleres-alquezar-zaragoza-cintasa.png","width":400,"height":84,"caption":"Talleres\u202fAlqu\u00e9zar"},"image":{"@id":"https:\/\/talleresalquezar.es\/fr\/#\/schema\/logo\/image\/"}}]}},"_links":{"self":[{"href":"https:\/\/talleresalquezar.es\/fr\/wp-json\/wp\/v2\/pages\/1146","targetHints":{"allow":["GET"]}}],"collection":[{"href":"https:\/\/talleresalquezar.es\/fr\/wp-json\/wp\/v2\/pages"}],"about":[{"href":"https:\/\/talleresalquezar.es\/fr\/wp-json\/wp\/v2\/types\/page"}],"author":[{"embeddable":true,"href":"https:\/\/talleresalquezar.es\/fr\/wp-json\/wp\/v2\/users\/1"}],"replies":[{"embeddable":true,"href":"https:\/\/talleresalquezar.es\/fr\/wp-json\/wp\/v2\/comments?post=1146"}],"version-history":[{"count":7,"href":"https:\/\/talleresalquezar.es\/fr\/wp-json\/wp\/v2\/pages\/1146\/revisions"}],"predecessor-version":[{"id":1238,"href":"https:\/\/talleresalquezar.es\/fr\/wp-json\/wp\/v2\/pages\/1146\/revisions\/1238"}],"up":[{"embeddable":true,"href":"https:\/\/talleresalquezar.es\/fr\/wp-json\/wp\/v2\/pages\/1140"}],"wp:attachment":[{"href":"https:\/\/talleresalquezar.es\/fr\/wp-json\/wp\/v2\/media?parent=1146"}],"curies":[{"name":"wp","href":"https:\/\/api.w.org\/{rel}","templated":true}]}}