{"id":1149,"date":"2025-07-14T16:56:13","date_gmt":"2025-07-14T14:56:13","guid":{"rendered":"https:\/\/talleresalquezar.es\/secteurs\/granulats\/lavage\/"},"modified":"2026-02-09T18:58:51","modified_gmt":"2026-02-09T17:58:51","slug":"lavage","status":"publish","type":"page","link":"https:\/\/talleresalquezar.es\/fr\/secteurs\/granulats\/lavage\/","title":{"rendered":"Lavage"},"content":{"rendered":"<section class=\"l-section wpb_row height_small color_primary\"><div class=\"l-section-h i-cf\"><div class=\"g-cols vc_row via_grid cols_1 laptops-cols_inherit tablets-cols_inherit mobiles-cols_1 valign_top type_default stacking_default\"><div class=\"wpb_column vc_column_container\"><div class=\"vc_column-inner\"><h1 class=\"w-text us_custom_eb849559\"><span class=\"w-text-h\"><span class=\"w-text-value\">GRANULATS \/ LAVAGE<\/span><\/span><\/h1><\/div><\/div><\/div><\/div><\/section><section class=\"l-section wpb_row height_auto\"><div class=\"l-section-h i-cf\"><div class=\"g-cols vc_row via_grid cols_2 laptops-cols_inherit tablets-cols_inherit mobiles-cols_1 valign_middle type_default stacking_default\"><div class=\"wpb_column vc_column_container\"><div class=\"vc_column-inner\"><div class=\"wpb_text_column\"><div class=\"wpb_wrapper\"><p>Pour obtenir un produit final exempt d\u2019impuret\u00e9s et optimal pour la distribution, nous recommandons de r\u00e9aliser des op\u00e9rations de lavage lors du traitement des mat\u00e9riaux.<\/p>\n<\/div><\/div><\/div><\/div><div class=\"wpb_column vc_column_container stretched\"><div class=\"vc_column-inner\"><div class=\"w-image align_none\"><div class=\"w-image-h\"><img decoding=\"async\" width=\"1024\" height=\"510\" src=\"https:\/\/talleresalquezar.es\/wp-content\/uploads\/2025\/07\/Lavado-1024x510.jpg\" class=\"attachment-large size-large\" alt=\"Lavado\" loading=\"lazy\" srcset=\"https:\/\/talleresalquezar.es\/wp-content\/uploads\/2025\/07\/Lavado-1024x510.jpg 1024w, https:\/\/talleresalquezar.es\/wp-content\/uploads\/2025\/07\/Lavado-300x149.jpg 300w, https:\/\/talleresalquezar.es\/wp-content\/uploads\/2025\/07\/Lavado.jpg 1920w\" sizes=\"auto, (max-width: 1024px) 100vw, 1024px\" \/><\/div><\/div><\/div><\/div><\/div><\/div><\/section><section class=\"l-section wpb_row height_medium\"><div class=\"l-section-h i-cf\"><div class=\"g-cols vc_row via_grid cols_1 laptops-cols_inherit tablets-cols_inherit mobiles-cols_1 valign_top type_default reversed stacking_default\"><div class=\"wpb_column vc_column_container us_custom_4848d876 has_bg_color\"><div class=\"vc_column-inner\"><div class=\"g-cols wpb_row via_grid cols_2 laptops-cols_inherit tablets-cols_inherit mobiles-cols_1 valign_middle type_default stacking_default\" style=\"--columns-gap:3rem;\"><div class=\"wpb_column vc_column_container\"><div class=\"vc_column-inner\"><div class=\"w-image align_none\"><div class=\"w-image-h\"><img decoding=\"async\" width=\"1024\" height=\"472\" src=\"https:\/\/talleresalquezar.es\/wp-content\/uploads\/2025\/07\/Tromel-1024x472.jpg\" class=\"attachment-large size-large\" alt=\"\" loading=\"lazy\" srcset=\"https:\/\/talleresalquezar.es\/wp-content\/uploads\/2025\/07\/Tromel-1024x472.jpg 1024w, https:\/\/talleresalquezar.es\/wp-content\/uploads\/2025\/07\/Tromel-300x138.jpg 300w, https:\/\/talleresalquezar.es\/wp-content\/uploads\/2025\/07\/Tromel.jpg 2048w\" sizes=\"auto, (max-width: 1024px) 100vw, 1024px\" \/><\/div><\/div><\/div><\/div><div class=\"wpb_column vc_column_container\"><div class=\"vc_column-inner\"><h2 class=\"w-text\"><span class=\"w-text-h\"><span class=\"w-text-value\">TROMMELS<\/span><\/span><\/h2><div class=\"wpb_text_column\"><div class=\"wpb_wrapper\"><p>Chez Alquezar, nous misons sur l\u2019innovation et la performance avec nos trommels de lavage de granulats TSL, con\u00e7us pour offrir un lavage efficace et pr\u00e9cis dans les carri\u00e8res et gravi\u00e8res. Gr\u00e2ce \u00e0 leur technologie avanc\u00e9e, ils \u00e9liminent les impuret\u00e9s adh\u00e9rentes sans alt\u00e9rer la granulom\u00e9trie du mat\u00e9riau, garantissant des r\u00e9sultats optimaux et une rentabilit\u00e9 maximale. Notre gamme de trommels va de 30 \u00e0 300 m\u00b3\/h.<\/p>\n<\/div><\/div><\/div><\/div><\/div><\/div><\/div><\/div><\/div><\/section><section class=\"l-section wpb_row height_auto color_alternate\"><div class=\"l-section-h i-cf\"><div class=\"g-cols vc_row via_grid cols_2 laptops-cols_inherit tablets-cols_inherit mobiles-cols_1 valign_middle type_default stacking_default\"><div class=\"wpb_column vc_column_container\"><div class=\"vc_column-inner\"><h2 class=\"w-text\"><span class=\"w-text-h\"><span class=\"w-text-value\">LAVEURS DE PIERRES<\/span><\/span><\/h2><div class=\"wpb_text_column\"><div class=\"wpb_wrapper\"><p>Chez Alquezar, nous concevons et fabriquons des laveurs de pierres qui assurent un nettoyage efficace des granulats naturels, argiles, boues et autres impuret\u00e9s adh\u00e9rentes \u00e0 la roche, en appliquant un processus d\u2019agitation contr\u00f4l\u00e9e. Nos laveurs sont \u00e9quip\u00e9s de pales, de vis de lavage ou de cylindres rotatifs qui d\u00e9tachent efficacement les impuret\u00e9s, afin d\u2019obtenir un granulat parfaitement propre. Notre gamme de laveurs va de 100 \u00e0 300 m\u00b3\/h.<\/p>\n<\/div><\/div><\/div><\/div><div class=\"wpb_column vc_column_container stretched\"><div class=\"vc_column-inner\"><div class=\"w-image align_none\"><div class=\"w-image-h\"><img decoding=\"async\" width=\"1024\" height=\"768\" src=\"https:\/\/talleresalquezar.es\/wp-content\/uploads\/2025\/10\/A08131-FO-03-1024x768.jpg\" class=\"attachment-large size-large\" alt=\"\" loading=\"lazy\" srcset=\"https:\/\/talleresalquezar.es\/wp-content\/uploads\/2025\/10\/A08131-FO-03-1024x768.jpg 1024w, https:\/\/talleresalquezar.es\/wp-content\/uploads\/2025\/10\/A08131-FO-03-300x225.jpg 300w, https:\/\/talleresalquezar.es\/wp-content\/uploads\/2025\/10\/A08131-FO-03.jpg 1920w\" sizes=\"auto, (max-width: 1024px) 100vw, 1024px\" \/><\/div><\/div><\/div><\/div><\/div><\/div><\/section><section class=\"l-section wpb_row height_medium\"><div class=\"l-section-h i-cf\"><div class=\"g-cols vc_row via_grid cols_1 laptops-cols_inherit tablets-cols_inherit mobiles-cols_1 valign_top type_default reversed stacking_default\"><div class=\"wpb_column vc_column_container us_custom_4848d876 has_bg_color\"><div class=\"vc_column-inner\"><div class=\"g-cols wpb_row us_custom_a9be633b via_grid cols_2 laptops-cols_inherit tablets-cols_inherit mobiles-cols_1 valign_middle type_default stacking_default\" style=\"--columns-gap:3rem;\"><div class=\"wpb_column vc_column_container\"><div class=\"vc_column-inner\"><div class=\"w-image align_none\"><div class=\"w-image-h\"><img decoding=\"async\" width=\"1024\" height=\"768\" src=\"https:\/\/talleresalquezar.es\/wp-content\/uploads\/2025\/07\/Hidrociclones-1024x768.jpg\" class=\"attachment-large size-large\" alt=\"Hidrociclones\" loading=\"lazy\" srcset=\"https:\/\/talleresalquezar.es\/wp-content\/uploads\/2025\/07\/Hidrociclones-1024x768.jpg 1024w, https:\/\/talleresalquezar.es\/wp-content\/uploads\/2025\/07\/Hidrociclones-300x225.jpg 300w, https:\/\/talleresalquezar.es\/wp-content\/uploads\/2025\/07\/Hidrociclones.jpg 2048w\" sizes=\"auto, (max-width: 1024px) 100vw, 1024px\" \/><\/div><\/div><\/div><\/div><div class=\"wpb_column vc_column_container\"><div class=\"vc_column-inner\"><h2 class=\"w-text\"><span class=\"w-text-h\"><span class=\"w-text-value\">HIDROCICLONES<\/span><\/span><\/h2><div class=\"wpb_text_column\"><div class=\"wpb_wrapper\"><p>Chez Alquezar, nous proposons des \u00e9quipements de r\u00e9cup\u00e9ration de sable de derni\u00e8re g\u00e9n\u00e9ration, con\u00e7us pour optimiser le processus de lavage et la r\u00e9cup\u00e9ration des sables contenus dans l\u2019eau issue du lavage des granulats. Gr\u00e2ce \u00e0 la technologie de cyclonage, nous parvenons \u00e0 une s\u00e9paration efficace des impuret\u00e9s telles que les argiles et les boues, garantissant des sables propres et de haute qualit\u00e9. Le m\u00eame processus permet \u00e9galement le drainage de l\u2019eau \u00e0 l\u2019aide de cribles de d\u00e9shydratation avec toiles en polyur\u00e9thane. Notre gamme d\u2019hydrocyclones va de 100 \u00e0 600 m\u00b3\/h.<\/p>\n<\/div><\/div><\/div><\/div><\/div><\/div><\/div><\/div><\/div><\/section><section class=\"l-section wpb_row height_medium color_alternate\"><div class=\"l-section-h i-cf\"><div class=\"g-cols vc_row via_grid cols_1 laptops-cols_inherit tablets-cols_inherit mobiles-cols_1 valign_top type_default reversed stacking_default\"><div class=\"wpb_column vc_column_container us_custom_4848d876 has_bg_color\"><div class=\"vc_column-inner\"><div class=\"g-cols wpb_row us_custom_315b8835 via_grid cols_2 laptops-cols_inherit tablets-cols_inherit mobiles-cols_1 valign_middle type_default stacking_default\" style=\"--columns-gap:3rem;\"><div class=\"wpb_column vc_column_container us_custom_315b8835 has_bg_color\"><div class=\"vc_column-inner\"><h2 class=\"w-text\"><span class=\"w-text-h\"><span class=\"w-text-value\">CRIBLES SECONDAIRES AVEC DOUCHES<\/span><\/span><\/h2><div class=\"wpb_text_column\"><div class=\"wpb_wrapper\"><p>Chez Alquezar, nous concevons des cribles secondaires permettant une coupe pr\u00e9cise et de qualit\u00e9, propos\u00e9s en diff\u00e9rents formats selon les besoins du client. Nous int\u00e9grons des syst\u00e8mes de douches dans les processus de lavage pour garantir un granulat propre, sans fines adh\u00e9rentes.<\/p>\n<ul>\n<li>Cribles inclin\u00e9s s\u00e9rie CT avec douches de lavage<\/li>\n<li>Cribles horizontaux s\u00e9rie CTH avec douches de lavageCribas Inclinadas serie CT con Duchas de lavado.<\/li>\n<\/ul>\n<\/div><\/div><\/div><\/div><div class=\"wpb_column vc_column_container\"><div class=\"vc_column-inner\"><div class=\"w-image align_none\"><div class=\"w-image-h\"><img decoding=\"async\" width=\"1024\" height=\"768\" src=\"https:\/\/talleresalquezar.es\/wp-content\/uploads\/2025\/07\/Criba-con-duchas-1024x768.jpg\" class=\"attachment-large size-large\" alt=\"\" loading=\"lazy\" srcset=\"https:\/\/talleresalquezar.es\/wp-content\/uploads\/2025\/07\/Criba-con-duchas-1024x768.jpg 1024w, https:\/\/talleresalquezar.es\/wp-content\/uploads\/2025\/07\/Criba-con-duchas-300x225.jpg 300w, https:\/\/talleresalquezar.es\/wp-content\/uploads\/2025\/07\/Criba-con-duchas.jpg 1920w\" sizes=\"auto, (max-width: 1024px) 100vw, 1024px\" \/><\/div><\/div><\/div><\/div><\/div><\/div><\/div><\/div><\/div><\/section>\n","protected":false},"excerpt":{"rendered":"GRANULATS \/ LAVAGEPour obtenir un produit final exempt d\u2019impuret\u00e9s et optimal pour la distribution, nous recommandons de r\u00e9aliser des op\u00e9rations de lavage lors du traitement des mat\u00e9riaux. TROMMELSChez Alquezar, nous misons sur l\u2019innovation et la performance avec nos trommels de lavage de granulats TSL, con\u00e7us pour offrir un lavage efficace et pr\u00e9cis dans les carri\u00e8res...","protected":false},"author":1,"featured_media":0,"parent":1140,"menu_order":0,"comment_status":"closed","ping_status":"closed","template":"","meta":{"footnotes":""},"class_list":["post-1149","page","type-page","status-publish","hentry"],"yoast_head":"<!-- This site is optimized with the Yoast SEO plugin v27.5 - https:\/\/yoast.com\/product\/yoast-seo-wordpress\/ -->\n<title>Lavage | Granulats | Alqu\u00e9zar<\/title>\n<meta name=\"description\" content=\"Pour obtenir un produit final exempt d\u2019impuret\u00e9s et optimal pour la distribution, nous recommandons de r\u00e9aliser des op\u00e9rations de lavage lors du traitement\u2026\" \/>\n<meta name=\"robots\" content=\"index, follow, max-snippet:-1, max-image-preview:large, max-video-preview:-1\" \/>\n<link rel=\"canonical\" href=\"https:\/\/talleresalquezar.es\/fr\/secteurs\/granulats\/lavage\/\" \/>\n<meta property=\"og:locale\" content=\"fr_FR\" \/>\n<meta property=\"og:type\" content=\"article\" \/>\n<meta property=\"og:title\" content=\"Lavage | Granulats | Alqu\u00e9zar\" \/>\n<meta property=\"og:description\" content=\"Pour obtenir un produit final exempt d\u2019impuret\u00e9s et optimal pour la distribution, nous recommandons de r\u00e9aliser des op\u00e9rations de lavage lors du traitement\u2026\" \/>\n<meta property=\"og:url\" content=\"https:\/\/talleresalquezar.es\/fr\/secteurs\/granulats\/lavage\/\" \/>\n<meta property=\"og:site_name\" content=\"Talleres Alqu\u00e9zar\" \/>\n<meta property=\"article:modified_time\" content=\"2026-02-09T17:58:51+00:00\" \/>\n<meta property=\"og:image\" content=\"https:\/\/talleresalquezar.es\/wp-content\/uploads\/2025\/07\/Lofotipo-talleres-alquezar-zaragoza-cintasa.png\" \/>\n\t<meta property=\"og:image:width\" content=\"400\" \/>\n\t<meta property=\"og:image:height\" content=\"84\" \/>\n\t<meta property=\"og:image:type\" content=\"image\/png\" \/>\n<meta name=\"twitter:card\" content=\"summary_large_image\" \/>\n<meta name=\"twitter:label1\" content=\"Dur\u00e9e de lecture estim\u00e9e\" \/>\n\t<meta name=\"twitter:data1\" content=\"2 minutes\" \/>\n<script type=\"application\/ld+json\" class=\"yoast-schema-graph\">{\"@context\":\"https:\\\/\\\/schema.org\",\"@graph\":[{\"@type\":\"WebPage\",\"@id\":\"https:\\\/\\\/talleresalquezar.es\\\/fr\\\/secteurs\\\/granulats\\\/lavage\\\/\",\"url\":\"https:\\\/\\\/talleresalquezar.es\\\/fr\\\/secteurs\\\/granulats\\\/lavage\\\/\",\"name\":\"Lavage | Granulats | Alqu\u00e9zar\",\"isPartOf\":{\"@id\":\"https:\\\/\\\/talleresalquezar.es\\\/fr\\\/#website\"},\"datePublished\":\"2025-07-14T14:56:13+00:00\",\"dateModified\":\"2026-02-09T17:58:51+00:00\",\"description\":\"Pour obtenir un produit final exempt d\u2019impuret\u00e9s et optimal pour la distribution, nous recommandons de r\u00e9aliser des op\u00e9rations de lavage lors du traitement\u2026\",\"breadcrumb\":{\"@id\":\"https:\\\/\\\/talleresalquezar.es\\\/fr\\\/secteurs\\\/granulats\\\/lavage\\\/#breadcrumb\"},\"inLanguage\":\"fr-FR\",\"potentialAction\":[{\"@type\":\"ReadAction\",\"target\":[\"https:\\\/\\\/talleresalquezar.es\\\/fr\\\/secteurs\\\/granulats\\\/lavage\\\/\"]}]},{\"@type\":\"BreadcrumbList\",\"@id\":\"https:\\\/\\\/talleresalquezar.es\\\/fr\\\/secteurs\\\/granulats\\\/lavage\\\/#breadcrumb\",\"itemListElement\":[{\"@type\":\"ListItem\",\"position\":1,\"name\":\"Portada\",\"item\":\"https:\\\/\\\/talleresalquezar.es\\\/fr\\\/\"},{\"@type\":\"ListItem\",\"position\":2,\"name\":\"Secteurs\",\"item\":\"https:\\\/\\\/talleresalquezar.es\\\/fr\\\/sectores\\\/\"},{\"@type\":\"ListItem\",\"position\":3,\"name\":\"Granulats\",\"item\":\"https:\\\/\\\/talleresalquezar.es\\\/fr\\\/sectores\\\/aridos\\\/\"},{\"@type\":\"ListItem\",\"position\":4,\"name\":\"Lavage\"}]},{\"@type\":\"WebSite\",\"@id\":\"https:\\\/\\\/talleresalquezar.es\\\/fr\\\/#website\",\"url\":\"https:\\\/\\\/talleresalquezar.es\\\/fr\\\/\",\"name\":\"Talleres\u202fAlqu\u00e9zar\",\"description\":\"Talleres\u202fAlqu\u00e9zar dise\u00f1a y fabrica plantas llave en mano para hormig\u00f3n, \u00e1ridos, mortero y reciclaje, con m\u00e1s de 60\u202fa\u00f1os de experiencia en Zaragoza y presencia internacional.\",\"publisher\":{\"@id\":\"https:\\\/\\\/talleresalquezar.es\\\/fr\\\/#organization\"},\"alternateName\":\"Talleres Alquezar Zaragoza\",\"potentialAction\":[{\"@type\":\"SearchAction\",\"target\":{\"@type\":\"EntryPoint\",\"urlTemplate\":\"https:\\\/\\\/talleresalquezar.es\\\/fr\\\/?s={search_term_string}\"},\"query-input\":{\"@type\":\"PropertyValueSpecification\",\"valueRequired\":true,\"valueName\":\"search_term_string\"}}],\"inLanguage\":\"fr-FR\"},{\"@type\":\"Organization\",\"@id\":\"https:\\\/\\\/talleresalquezar.es\\\/fr\\\/#organization\",\"name\":\"Talleres\u202fAlqu\u00e9zar\",\"alternateName\":\"Talleres\u202fAlqu\u00e9zar Zaragoza\",\"url\":\"https:\\\/\\\/talleresalquezar.es\\\/fr\\\/\",\"logo\":{\"@type\":\"ImageObject\",\"inLanguage\":\"fr-FR\",\"@id\":\"https:\\\/\\\/talleresalquezar.es\\\/fr\\\/#\\\/schema\\\/logo\\\/image\\\/\",\"url\":\"https:\\\/\\\/talleresalquezar.es\\\/wp-content\\\/uploads\\\/2025\\\/07\\\/Lofotipo-talleres-alquezar-zaragoza-cintasa.png\",\"contentUrl\":\"https:\\\/\\\/talleresalquezar.es\\\/wp-content\\\/uploads\\\/2025\\\/07\\\/Lofotipo-talleres-alquezar-zaragoza-cintasa.png\",\"width\":400,\"height\":84,\"caption\":\"Talleres\u202fAlqu\u00e9zar\"},\"image\":{\"@id\":\"https:\\\/\\\/talleresalquezar.es\\\/fr\\\/#\\\/schema\\\/logo\\\/image\\\/\"}}]}<\/script>\n<!-- \/ Yoast SEO plugin. -->","yoast_head_json":{"title":"Lavage | Granulats | Alqu\u00e9zar","description":"Pour obtenir un produit final exempt d\u2019impuret\u00e9s et optimal pour la distribution, nous recommandons de r\u00e9aliser des op\u00e9rations de lavage lors du traitement\u2026","robots":{"index":"index","follow":"follow","max-snippet":"max-snippet:-1","max-image-preview":"max-image-preview:large","max-video-preview":"max-video-preview:-1"},"canonical":"https:\/\/talleresalquezar.es\/fr\/secteurs\/granulats\/lavage\/","og_locale":"fr_FR","og_type":"article","og_title":"Lavage | Granulats | Alqu\u00e9zar","og_description":"Pour obtenir un produit final exempt d\u2019impuret\u00e9s et optimal pour la distribution, nous recommandons de r\u00e9aliser des op\u00e9rations de lavage lors du traitement\u2026","og_url":"https:\/\/talleresalquezar.es\/fr\/secteurs\/granulats\/lavage\/","og_site_name":"Talleres Alqu\u00e9zar","article_modified_time":"2026-02-09T17:58:51+00:00","og_image":[{"width":400,"height":84,"url":"https:\/\/talleresalquezar.es\/wp-content\/uploads\/2025\/07\/Lofotipo-talleres-alquezar-zaragoza-cintasa.png","type":"image\/png"}],"twitter_card":"summary_large_image","twitter_misc":{"Dur\u00e9e de lecture estim\u00e9e":"2 minutes"},"schema":{"@context":"https:\/\/schema.org","@graph":[{"@type":"WebPage","@id":"https:\/\/talleresalquezar.es\/fr\/secteurs\/granulats\/lavage\/","url":"https:\/\/talleresalquezar.es\/fr\/secteurs\/granulats\/lavage\/","name":"Lavage | Granulats | Alqu\u00e9zar","isPartOf":{"@id":"https:\/\/talleresalquezar.es\/fr\/#website"},"datePublished":"2025-07-14T14:56:13+00:00","dateModified":"2026-02-09T17:58:51+00:00","description":"Pour obtenir un produit final exempt d\u2019impuret\u00e9s et optimal pour la distribution, nous recommandons de r\u00e9aliser des op\u00e9rations de lavage lors du traitement\u2026","breadcrumb":{"@id":"https:\/\/talleresalquezar.es\/fr\/secteurs\/granulats\/lavage\/#breadcrumb"},"inLanguage":"fr-FR","potentialAction":[{"@type":"ReadAction","target":["https:\/\/talleresalquezar.es\/fr\/secteurs\/granulats\/lavage\/"]}]},{"@type":"BreadcrumbList","@id":"https:\/\/talleresalquezar.es\/fr\/secteurs\/granulats\/lavage\/#breadcrumb","itemListElement":[{"@type":"ListItem","position":1,"name":"Portada","item":"https:\/\/talleresalquezar.es\/fr\/"},{"@type":"ListItem","position":2,"name":"Secteurs","item":"https:\/\/talleresalquezar.es\/fr\/sectores\/"},{"@type":"ListItem","position":3,"name":"Granulats","item":"https:\/\/talleresalquezar.es\/fr\/sectores\/aridos\/"},{"@type":"ListItem","position":4,"name":"Lavage"}]},{"@type":"WebSite","@id":"https:\/\/talleresalquezar.es\/fr\/#website","url":"https:\/\/talleresalquezar.es\/fr\/","name":"Talleres\u202fAlqu\u00e9zar","description":"Talleres\u202fAlqu\u00e9zar dise\u00f1a y fabrica plantas llave en mano para hormig\u00f3n, \u00e1ridos, mortero y reciclaje, con m\u00e1s de 60\u202fa\u00f1os de experiencia en Zaragoza y presencia internacional.","publisher":{"@id":"https:\/\/talleresalquezar.es\/fr\/#organization"},"alternateName":"Talleres Alquezar Zaragoza","potentialAction":[{"@type":"SearchAction","target":{"@type":"EntryPoint","urlTemplate":"https:\/\/talleresalquezar.es\/fr\/?s={search_term_string}"},"query-input":{"@type":"PropertyValueSpecification","valueRequired":true,"valueName":"search_term_string"}}],"inLanguage":"fr-FR"},{"@type":"Organization","@id":"https:\/\/talleresalquezar.es\/fr\/#organization","name":"Talleres\u202fAlqu\u00e9zar","alternateName":"Talleres\u202fAlqu\u00e9zar Zaragoza","url":"https:\/\/talleresalquezar.es\/fr\/","logo":{"@type":"ImageObject","inLanguage":"fr-FR","@id":"https:\/\/talleresalquezar.es\/fr\/#\/schema\/logo\/image\/","url":"https:\/\/talleresalquezar.es\/wp-content\/uploads\/2025\/07\/Lofotipo-talleres-alquezar-zaragoza-cintasa.png","contentUrl":"https:\/\/talleresalquezar.es\/wp-content\/uploads\/2025\/07\/Lofotipo-talleres-alquezar-zaragoza-cintasa.png","width":400,"height":84,"caption":"Talleres\u202fAlqu\u00e9zar"},"image":{"@id":"https:\/\/talleresalquezar.es\/fr\/#\/schema\/logo\/image\/"}}]}},"_links":{"self":[{"href":"https:\/\/talleresalquezar.es\/fr\/wp-json\/wp\/v2\/pages\/1149","targetHints":{"allow":["GET"]}}],"collection":[{"href":"https:\/\/talleresalquezar.es\/fr\/wp-json\/wp\/v2\/pages"}],"about":[{"href":"https:\/\/talleresalquezar.es\/fr\/wp-json\/wp\/v2\/types\/page"}],"author":[{"embeddable":true,"href":"https:\/\/talleresalquezar.es\/fr\/wp-json\/wp\/v2\/users\/1"}],"replies":[{"embeddable":true,"href":"https:\/\/talleresalquezar.es\/fr\/wp-json\/wp\/v2\/comments?post=1149"}],"version-history":[{"count":4,"href":"https:\/\/talleresalquezar.es\/fr\/wp-json\/wp\/v2\/pages\/1149\/revisions"}],"predecessor-version":[{"id":1228,"href":"https:\/\/talleresalquezar.es\/fr\/wp-json\/wp\/v2\/pages\/1149\/revisions\/1228"}],"up":[{"embeddable":true,"href":"https:\/\/talleresalquezar.es\/fr\/wp-json\/wp\/v2\/pages\/1140"}],"wp:attachment":[{"href":"https:\/\/talleresalquezar.es\/fr\/wp-json\/wp\/v2\/media?parent=1149"}],"curies":[{"name":"wp","href":"https:\/\/api.w.org\/{rel}","templated":true}]}}