{"id":1158,"date":"2025-07-14T17:05:44","date_gmt":"2025-07-14T15:05:44","guid":{"rendered":"https:\/\/talleresalquezar.es\/secteurs\/beton\/dose\/"},"modified":"2026-02-09T18:58:54","modified_gmt":"2026-02-09T17:58:54","slug":"dose","status":"publish","type":"page","link":"https:\/\/talleresalquezar.es\/fr\/secteurs\/beton\/dose\/","title":{"rendered":"Dos\u00e9"},"content":{"rendered":"<section class=\"l-section wpb_row height_small color_primary\"><div class=\"l-section-h i-cf\"><div class=\"g-cols vc_row via_grid cols_1 laptops-cols_inherit tablets-cols_inherit mobiles-cols_1 valign_top type_default stacking_default\"><div class=\"wpb_column vc_column_container\"><div class=\"vc_column-inner\"><h1 class=\"w-text us_custom_eb849559\"><span class=\"w-text-h\"><span class=\"w-text-value\">B\u00c9TON \/ DOS\u00c9 EN CENTRALE<\/span><\/span><\/h1><\/div><\/div><\/div><\/div><\/section><section class=\"l-section wpb_row height_auto\"><div class=\"l-section-h i-cf\"><div class=\"g-cols vc_row via_grid cols_2 laptops-cols_1 tablets-cols_1 mobiles-cols_1 valign_middle type_default stacking_default\"><div class=\"wpb_column vc_column_container\"><div class=\"vc_column-inner\"><div class=\"w-separator size_medium\"><\/div><h2 class=\"w-text\"><span class=\"w-text-h\"><span class=\"w-text-value\">Avantages cl\u00e9s de nos centrales de dosage:<\/span><\/span><\/h2><div class=\"wpb_text_column\"><div class=\"wpb_wrapper\"><p data-start=\"159\" data-end=\"339\">Chez Alquezar, nous concevons des centrales de production de b\u00e9ton dos\u00e9 en usine, garantissant un approvisionnement rapide, efficace et \u00e9conomique pour tout type de projet de construction.<\/p>\n<p data-start=\"341\" data-end=\"506\">Nos centrales de dosage sont con\u00e7ues pour offrir un m\u00e9lange homog\u00e8ne et pr\u00e9cis, permettant de r\u00e9duire les co\u00fbts sans compromettre la qualit\u00e9 du produit final.<\/p>\n<ul>\n<li data-start=\"341\" data-end=\"506\">Production optimis\u00e9e, assurant une rapidit\u00e9 et une efficacit\u00e9 accrues sur le chantier<\/li>\n<li data-start=\"341\" data-end=\"506\">Co\u00fbt r\u00e9duit, id\u00e9al pour les applications n\u00e9cessitant un approvisionnement constant en b\u00e9ton<\/li>\n<li data-start=\"341\" data-end=\"506\">Haute pr\u00e9cision de dosage, garantissant un m\u00e9lange uniforme et coh\u00e9rent<\/li>\n<li data-start=\"341\" data-end=\"506\">Adaptabilit\u00e9 \u00e0 diff\u00e9rents besoins, avec des options modulaires et personnalis\u00e9es<\/li>\n<\/ul>\n<\/div><\/div><div class=\"w-separator size_medium\"><\/div><\/div><\/div><div class=\"wpb_column vc_column_container stretched\"><div class=\"vc_column-inner\"><div class=\"w-image align_none\"><div class=\"w-image-h\"><img decoding=\"async\" width=\"1920\" height=\"1440\" src=\"https:\/\/talleresalquezar.es\/wp-content\/uploads\/2025\/07\/A150117-FO-76.jpg\" class=\"attachment-full size-full\" alt=\"A150117-FO-76\" loading=\"lazy\" srcset=\"https:\/\/talleresalquezar.es\/wp-content\/uploads\/2025\/07\/A150117-FO-76.jpg 1920w, https:\/\/talleresalquezar.es\/wp-content\/uploads\/2025\/07\/A150117-FO-76-300x225.jpg 300w, https:\/\/talleresalquezar.es\/wp-content\/uploads\/2025\/07\/A150117-FO-76-1024x768.jpg 1024w\" sizes=\"auto, (max-width: 1920px) 100vw, 1920px\" \/><\/div><\/div><\/div><\/div><\/div><\/div><\/section><section class=\"l-section wpb_row us_custom_eb849559 height_medium color_alternate\"><div class=\"l-section-h i-cf\"><div class=\"g-cols vc_row via_grid cols_1 laptops-cols_inherit tablets-cols_inherit mobiles-cols_1 valign_top type_default stacking_default\"><div class=\"wpb_column vc_column_container\"><div class=\"vc_column-inner\"><h2 class=\"w-text\"><span class=\"w-text-h\"><span class=\"w-text-value\">Types de centrales<\/span><\/span><\/h2><div class=\"wpb_text_column\"><div class=\"wpb_wrapper\"><p>Ofrecemos la misma tipolog\u00eda de planta que la de hormig\u00f3n dosificado, pero incorporando la amasadora requerida por el cliente, para cada aplicaci\u00f3n requerida.<\/p>\n<\/div><\/div><\/div><\/div><\/div><\/div><\/section><section class=\"l-section wpb_row height_medium color_alternate\"><div class=\"l-section-h i-cf\"><div class=\"g-cols vc_row via_grid cols_2 laptops-cols_inherit tablets-cols_inherit mobiles-cols_1 valign_top type_default stacking_default\"><div class=\"wpb_column vc_column_container us_custom_c70c97eb has_bg_color\"><div class=\"vc_column-inner\"><h2 class=\"w-text\"><span class=\"w-text-h\"><span class=\"w-text-value\">Centrales Verticales:<\/span><\/span><\/h2><div class=\"wpb_text_column us_custom_836f727b has_text_color\"><div class=\"wpb_wrapper\"><ul>\n<li data-start=\"964\" data-end=\"1053\">\n<p data-start=\"966\" data-end=\"1053\">Stockage des granulats dans la partie sup\u00e9rieure de la centrale, supprimant les temps de levage<\/p>\n<\/li>\n<li data-start=\"1056\" data-end=\"1138\">\n<p data-start=\"1058\" data-end=\"1138\">Haute productivit\u00e9 gr\u00e2ce \u00e0 une disposition optimis\u00e9e des mat\u00e9riaux<\/p>\n<\/li>\n<li data-start=\"1141\" data-end=\"1255\">\n<p data-start=\"1143\" data-end=\"1255\">\u00c9l\u00e9vation des granulats par bandes transporteuses ou \u00e9l\u00e9vateurs \u00e0 godets, optimisant l\u2019espace disponible<\/p>\n<\/li>\n<\/ul>\n<\/div><\/div><\/div><\/div><div class=\"wpb_column vc_column_container us_custom_315b8835 has_bg_color\"><div class=\"vc_column-inner\"><h2 class=\"w-text\"><span class=\"w-text-h\"><span class=\"w-text-value\">Centrales Horizontales:<\/span><\/span><\/h2><div class=\"wpb_text_column\"><div class=\"wpb_wrapper\"><ul>\n<li data-start=\"1289\" data-end=\"1407\">\n<p data-start=\"1291\" data-end=\"1407\">Stockage des granulats dans des tr\u00e9mies au niveau du sol, facilitant le chargement par pelle, camion ou bandes.<\/p>\n<\/li>\n<li data-start=\"1410\" data-end=\"1525\">\n<p data-start=\"1412\" data-end=\"1525\">\u00c9l\u00e9vation des granulats vers la zone de malaxage par bande transporteuse ou skip, assurant un flux continu.<\/p>\n<\/li>\n<\/ul>\n<\/div><\/div><\/div><\/div><\/div><\/div><\/section><section class=\"l-section wpb_row height_medium\"><div class=\"l-section-h i-cf\"><div class=\"g-cols vc_row via_grid cols_2 laptops-cols_inherit tablets-cols_inherit mobiles-cols_1 valign_top type_default stacking_default\"><div class=\"wpb_column vc_column_container us_custom_a9be633b has_bg_color\"><div class=\"vc_column-inner\"><h2 class=\"w-text\"><span class=\"w-text-h\"><span class=\"w-text-value\">Centrales Modulaires:<\/span><\/span><\/h2><div class=\"wpb_text_column\"><div class=\"wpb_wrapper\"><p data-start=\"1529\" data-end=\"1716\">Les centrales modulaires Alquezar sont la solution id\u00e9ale pour les projets temporaires n\u00e9cessitant d\u00e9montage et d\u00e9placement apr\u00e8s leur ex\u00e9cution.<\/p>\n<ul data-start=\"1719\" data-end=\"2077\">\n<li data-start=\"1719\" data-end=\"1845\">\n<p data-start=\"1721\" data-end=\"1845\">Conception modulaire avec composants pr\u00e9assembl\u00e9s, assurant compatibilit\u00e9 et rapidit\u00e9 de montage.<\/p>\n<\/li>\n<li data-start=\"1848\" data-end=\"1958\">\n<p data-start=\"1850\" data-end=\"1958\">Transport optimis\u00e9, \u00e0 l\u2019aide de conteneurs, plateformes et flat-racks<\/p>\n<\/li>\n<li data-start=\"1961\" data-end=\"2077\">\n<p data-start=\"1963\" data-end=\"2077\">Montage rapide et simple, r\u00e9duisant les temps d\u2019assemblage, le personnel n\u00e9cessaire et les moyens de levage auxiliaires.<\/p>\n<\/li>\n<\/ul>\n<\/div><\/div><\/div><\/div><div class=\"wpb_column vc_column_container us_custom_315b8835 has_bg_color\"><div class=\"vc_column-inner\"><h2 class=\"w-text\"><span class=\"w-text-h\"><span class=\"w-text-value\">Centrales Mobiles:<\/span><\/span><\/h2><div class=\"wpb_text_column\"><div class=\"wpb_wrapper\"><p data-start=\"2103\" data-end=\"2269\">Les centrales mobiles Alquezar sont con\u00e7ues pour les projets n\u00e9cessitant des d\u00e9placements fr\u00e9quents, r\u00e9duisant au minimum les temps d\u2019installation et facilitant le transport.<\/p>\n<ul data-start=\"2271\" data-end=\"2689\" data-is-only-node=\"\" data-is-last-node=\"\">\n<li data-start=\"2271\" data-end=\"2461\">\n<p data-start=\"2273\" data-end=\"2300\"><strong data-start=\"2273\" data-end=\"2298\">Transport efficace:<\/strong><\/p>\n<ul data-start=\"2303\" data-end=\"2461\">\n<li data-start=\"2303\" data-end=\"2389\">\n<p data-start=\"2305\" data-end=\"2389\">Conception avec ch\u00e2ssis autoportant, permettant le transport avec une simple t\u00eate tractrice.<\/p>\n<\/li>\n<li data-start=\"2392\" data-end=\"2461\">\n<p data-start=\"2394\" data-end=\"2461\">Modules compacts pour une logistique simple et sans complications.<\/p>\n<\/li>\n<\/ul>\n<\/li>\n<li data-start=\"2463\" data-end=\"2689\" data-is-last-node=\"\">\n<p data-start=\"2465\" data-end=\"2507\"><strong data-start=\"2465\" data-end=\"2505\">Montage rapide et sans complications:<\/strong><\/p>\n<ul data-start=\"2510\" data-end=\"2689\" data-is-last-node=\"\">\n<li data-start=\"2510\" data-end=\"2599\">\n<p data-start=\"2512\" data-end=\"2599\">Une fois positionn\u00e9s, les modules autoportants s\u2019ajustent \u00e0 leur emplacement de travail<\/p>\n<\/li>\n<li data-start=\"2602\" data-end=\"2689\" data-is-last-node=\"\">\n<p data-start=\"2604\" data-end=\"2689\" data-is-last-node=\"\">Installation rapide des silos \u00e0 ciment, permettant une mise en service imm\u00e9diate<\/p>\n<\/li>\n<\/ul>\n<\/li>\n<\/ul>\n<\/div><\/div><\/div><\/div><\/div><\/div><\/section>\n","protected":false},"excerpt":{"rendered":"B\u00c9TON \/ DOS\u00c9 EN CENTRALEAvantages cl\u00e9s de nos centrales de dosage:Chez Alquezar, nous concevons des centrales de production de b\u00e9ton dos\u00e9 en usine, garantissant un approvisionnement rapide, efficace et \u00e9conomique pour tout type de projet de construction. Nos centrales de dosage sont con\u00e7ues pour offrir un m\u00e9lange homog\u00e8ne et pr\u00e9cis, permettant de r\u00e9duire les co\u00fbts...","protected":false},"author":1,"featured_media":0,"parent":1155,"menu_order":0,"comment_status":"closed","ping_status":"closed","template":"","meta":{"footnotes":""},"class_list":["post-1158","page","type-page","status-publish","hentry"],"yoast_head":"<!-- This site is optimized with the Yoast SEO plugin v27.4 - https:\/\/yoast.com\/product\/yoast-seo-wordpress\/ -->\n<title>Dos\u00e9 | B\u00e9ton | Alqu\u00e9zar<\/title>\n<meta name=\"description\" content=\"Chez Alquezar, nous concevons des centrales de production de b\u00e9ton dos\u00e9 en usine, garantissant un approvisionnement rapide, efficace et \u00e9conomique pour tout\u2026\" \/>\n<meta name=\"robots\" content=\"index, follow, max-snippet:-1, max-image-preview:large, max-video-preview:-1\" \/>\n<link rel=\"canonical\" href=\"https:\/\/talleresalquezar.es\/fr\/secteurs\/beton\/dose\/\" \/>\n<meta property=\"og:locale\" content=\"fr_FR\" \/>\n<meta property=\"og:type\" content=\"article\" \/>\n<meta property=\"og:title\" content=\"Dos\u00e9 | B\u00e9ton | Alqu\u00e9zar\" \/>\n<meta property=\"og:description\" content=\"Chez Alquezar, nous concevons des centrales de production de b\u00e9ton dos\u00e9 en usine, garantissant un approvisionnement rapide, efficace et \u00e9conomique pour tout\u2026\" \/>\n<meta property=\"og:url\" content=\"https:\/\/talleresalquezar.es\/fr\/secteurs\/beton\/dose\/\" \/>\n<meta property=\"og:site_name\" content=\"Talleres Alqu\u00e9zar\" \/>\n<meta property=\"article:modified_time\" content=\"2026-02-09T17:58:54+00:00\" \/>\n<meta property=\"og:image\" content=\"https:\/\/talleresalquezar.es\/wp-content\/uploads\/2025\/07\/Lofotipo-talleres-alquezar-zaragoza-cintasa.png\" \/>\n\t<meta property=\"og:image:width\" content=\"400\" \/>\n\t<meta property=\"og:image:height\" content=\"84\" \/>\n\t<meta property=\"og:image:type\" content=\"image\/png\" \/>\n<meta name=\"twitter:card\" content=\"summary_large_image\" \/>\n<meta name=\"twitter:label1\" content=\"Dur\u00e9e de lecture estim\u00e9e\" \/>\n\t<meta name=\"twitter:data1\" content=\"2 minutes\" \/>\n<script type=\"application\/ld+json\" class=\"yoast-schema-graph\">{\"@context\":\"https:\\\/\\\/schema.org\",\"@graph\":[{\"@type\":\"WebPage\",\"@id\":\"https:\\\/\\\/talleresalquezar.es\\\/fr\\\/secteurs\\\/beton\\\/dose\\\/\",\"url\":\"https:\\\/\\\/talleresalquezar.es\\\/fr\\\/secteurs\\\/beton\\\/dose\\\/\",\"name\":\"Dos\u00e9 | B\u00e9ton | Alqu\u00e9zar\",\"isPartOf\":{\"@id\":\"https:\\\/\\\/talleresalquezar.es\\\/fr\\\/#website\"},\"datePublished\":\"2025-07-14T15:05:44+00:00\",\"dateModified\":\"2026-02-09T17:58:54+00:00\",\"description\":\"Chez Alquezar, nous concevons des centrales de production de b\u00e9ton dos\u00e9 en usine, garantissant un approvisionnement rapide, efficace et \u00e9conomique pour tout\u2026\",\"breadcrumb\":{\"@id\":\"https:\\\/\\\/talleresalquezar.es\\\/fr\\\/secteurs\\\/beton\\\/dose\\\/#breadcrumb\"},\"inLanguage\":\"fr-FR\",\"potentialAction\":[{\"@type\":\"ReadAction\",\"target\":[\"https:\\\/\\\/talleresalquezar.es\\\/fr\\\/secteurs\\\/beton\\\/dose\\\/\"]}]},{\"@type\":\"BreadcrumbList\",\"@id\":\"https:\\\/\\\/talleresalquezar.es\\\/fr\\\/secteurs\\\/beton\\\/dose\\\/#breadcrumb\",\"itemListElement\":[{\"@type\":\"ListItem\",\"position\":1,\"name\":\"Portada\",\"item\":\"https:\\\/\\\/talleresalquezar.es\\\/fr\\\/\"},{\"@type\":\"ListItem\",\"position\":2,\"name\":\"Secteurs\",\"item\":\"https:\\\/\\\/talleresalquezar.es\\\/fr\\\/sectores\\\/\"},{\"@type\":\"ListItem\",\"position\":3,\"name\":\"B\u00e9ton\",\"item\":\"https:\\\/\\\/talleresalquezar.es\\\/fr\\\/sectores\\\/hormigon\\\/\"},{\"@type\":\"ListItem\",\"position\":4,\"name\":\"Dos\u00e9\"}]},{\"@type\":\"WebSite\",\"@id\":\"https:\\\/\\\/talleresalquezar.es\\\/fr\\\/#website\",\"url\":\"https:\\\/\\\/talleresalquezar.es\\\/fr\\\/\",\"name\":\"Talleres\u202fAlqu\u00e9zar\",\"description\":\"Talleres\u202fAlqu\u00e9zar dise\u00f1a y fabrica plantas llave en mano para hormig\u00f3n, \u00e1ridos, mortero y reciclaje, con m\u00e1s de 60\u202fa\u00f1os de experiencia en Zaragoza y presencia internacional.\",\"publisher\":{\"@id\":\"https:\\\/\\\/talleresalquezar.es\\\/fr\\\/#organization\"},\"alternateName\":\"Talleres Alquezar Zaragoza\",\"potentialAction\":[{\"@type\":\"SearchAction\",\"target\":{\"@type\":\"EntryPoint\",\"urlTemplate\":\"https:\\\/\\\/talleresalquezar.es\\\/fr\\\/?s={search_term_string}\"},\"query-input\":{\"@type\":\"PropertyValueSpecification\",\"valueRequired\":true,\"valueName\":\"search_term_string\"}}],\"inLanguage\":\"fr-FR\"},{\"@type\":\"Organization\",\"@id\":\"https:\\\/\\\/talleresalquezar.es\\\/fr\\\/#organization\",\"name\":\"Talleres\u202fAlqu\u00e9zar\",\"alternateName\":\"Talleres\u202fAlqu\u00e9zar Zaragoza\",\"url\":\"https:\\\/\\\/talleresalquezar.es\\\/fr\\\/\",\"logo\":{\"@type\":\"ImageObject\",\"inLanguage\":\"fr-FR\",\"@id\":\"https:\\\/\\\/talleresalquezar.es\\\/fr\\\/#\\\/schema\\\/logo\\\/image\\\/\",\"url\":\"https:\\\/\\\/talleresalquezar.es\\\/wp-content\\\/uploads\\\/2025\\\/07\\\/Lofotipo-talleres-alquezar-zaragoza-cintasa.png\",\"contentUrl\":\"https:\\\/\\\/talleresalquezar.es\\\/wp-content\\\/uploads\\\/2025\\\/07\\\/Lofotipo-talleres-alquezar-zaragoza-cintasa.png\",\"width\":400,\"height\":84,\"caption\":\"Talleres\u202fAlqu\u00e9zar\"},\"image\":{\"@id\":\"https:\\\/\\\/talleresalquezar.es\\\/fr\\\/#\\\/schema\\\/logo\\\/image\\\/\"}}]}<\/script>\n<!-- \/ Yoast SEO plugin. -->","yoast_head_json":{"title":"Dos\u00e9 | B\u00e9ton | Alqu\u00e9zar","description":"Chez Alquezar, nous concevons des centrales de production de b\u00e9ton dos\u00e9 en usine, garantissant un approvisionnement rapide, efficace et \u00e9conomique pour tout\u2026","robots":{"index":"index","follow":"follow","max-snippet":"max-snippet:-1","max-image-preview":"max-image-preview:large","max-video-preview":"max-video-preview:-1"},"canonical":"https:\/\/talleresalquezar.es\/fr\/secteurs\/beton\/dose\/","og_locale":"fr_FR","og_type":"article","og_title":"Dos\u00e9 | B\u00e9ton | Alqu\u00e9zar","og_description":"Chez Alquezar, nous concevons des centrales de production de b\u00e9ton dos\u00e9 en usine, garantissant un approvisionnement rapide, efficace et \u00e9conomique pour tout\u2026","og_url":"https:\/\/talleresalquezar.es\/fr\/secteurs\/beton\/dose\/","og_site_name":"Talleres Alqu\u00e9zar","article_modified_time":"2026-02-09T17:58:54+00:00","og_image":[{"width":400,"height":84,"url":"https:\/\/talleresalquezar.es\/wp-content\/uploads\/2025\/07\/Lofotipo-talleres-alquezar-zaragoza-cintasa.png","type":"image\/png"}],"twitter_card":"summary_large_image","twitter_misc":{"Dur\u00e9e de lecture estim\u00e9e":"2 minutes"},"schema":{"@context":"https:\/\/schema.org","@graph":[{"@type":"WebPage","@id":"https:\/\/talleresalquezar.es\/fr\/secteurs\/beton\/dose\/","url":"https:\/\/talleresalquezar.es\/fr\/secteurs\/beton\/dose\/","name":"Dos\u00e9 | B\u00e9ton | Alqu\u00e9zar","isPartOf":{"@id":"https:\/\/talleresalquezar.es\/fr\/#website"},"datePublished":"2025-07-14T15:05:44+00:00","dateModified":"2026-02-09T17:58:54+00:00","description":"Chez Alquezar, nous concevons des centrales de production de b\u00e9ton dos\u00e9 en usine, garantissant un approvisionnement rapide, efficace et \u00e9conomique pour tout\u2026","breadcrumb":{"@id":"https:\/\/talleresalquezar.es\/fr\/secteurs\/beton\/dose\/#breadcrumb"},"inLanguage":"fr-FR","potentialAction":[{"@type":"ReadAction","target":["https:\/\/talleresalquezar.es\/fr\/secteurs\/beton\/dose\/"]}]},{"@type":"BreadcrumbList","@id":"https:\/\/talleresalquezar.es\/fr\/secteurs\/beton\/dose\/#breadcrumb","itemListElement":[{"@type":"ListItem","position":1,"name":"Portada","item":"https:\/\/talleresalquezar.es\/fr\/"},{"@type":"ListItem","position":2,"name":"Secteurs","item":"https:\/\/talleresalquezar.es\/fr\/sectores\/"},{"@type":"ListItem","position":3,"name":"B\u00e9ton","item":"https:\/\/talleresalquezar.es\/fr\/sectores\/hormigon\/"},{"@type":"ListItem","position":4,"name":"Dos\u00e9"}]},{"@type":"WebSite","@id":"https:\/\/talleresalquezar.es\/fr\/#website","url":"https:\/\/talleresalquezar.es\/fr\/","name":"Talleres\u202fAlqu\u00e9zar","description":"Talleres\u202fAlqu\u00e9zar dise\u00f1a y fabrica plantas llave en mano para hormig\u00f3n, \u00e1ridos, mortero y reciclaje, con m\u00e1s de 60\u202fa\u00f1os de experiencia en Zaragoza y presencia internacional.","publisher":{"@id":"https:\/\/talleresalquezar.es\/fr\/#organization"},"alternateName":"Talleres Alquezar Zaragoza","potentialAction":[{"@type":"SearchAction","target":{"@type":"EntryPoint","urlTemplate":"https:\/\/talleresalquezar.es\/fr\/?s={search_term_string}"},"query-input":{"@type":"PropertyValueSpecification","valueRequired":true,"valueName":"search_term_string"}}],"inLanguage":"fr-FR"},{"@type":"Organization","@id":"https:\/\/talleresalquezar.es\/fr\/#organization","name":"Talleres\u202fAlqu\u00e9zar","alternateName":"Talleres\u202fAlqu\u00e9zar Zaragoza","url":"https:\/\/talleresalquezar.es\/fr\/","logo":{"@type":"ImageObject","inLanguage":"fr-FR","@id":"https:\/\/talleresalquezar.es\/fr\/#\/schema\/logo\/image\/","url":"https:\/\/talleresalquezar.es\/wp-content\/uploads\/2025\/07\/Lofotipo-talleres-alquezar-zaragoza-cintasa.png","contentUrl":"https:\/\/talleresalquezar.es\/wp-content\/uploads\/2025\/07\/Lofotipo-talleres-alquezar-zaragoza-cintasa.png","width":400,"height":84,"caption":"Talleres\u202fAlqu\u00e9zar"},"image":{"@id":"https:\/\/talleresalquezar.es\/fr\/#\/schema\/logo\/image\/"}}]}},"_links":{"self":[{"href":"https:\/\/talleresalquezar.es\/fr\/wp-json\/wp\/v2\/pages\/1158","targetHints":{"allow":["GET"]}}],"collection":[{"href":"https:\/\/talleresalquezar.es\/fr\/wp-json\/wp\/v2\/pages"}],"about":[{"href":"https:\/\/talleresalquezar.es\/fr\/wp-json\/wp\/v2\/types\/page"}],"author":[{"embeddable":true,"href":"https:\/\/talleresalquezar.es\/fr\/wp-json\/wp\/v2\/users\/1"}],"replies":[{"embeddable":true,"href":"https:\/\/talleresalquezar.es\/fr\/wp-json\/wp\/v2\/comments?post=1158"}],"version-history":[{"count":3,"href":"https:\/\/talleresalquezar.es\/fr\/wp-json\/wp\/v2\/pages\/1158\/revisions"}],"predecessor-version":[{"id":1204,"href":"https:\/\/talleresalquezar.es\/fr\/wp-json\/wp\/v2\/pages\/1158\/revisions\/1204"}],"up":[{"embeddable":true,"href":"https:\/\/talleresalquezar.es\/fr\/wp-json\/wp\/v2\/pages\/1155"}],"wp:attachment":[{"href":"https:\/\/talleresalquezar.es\/fr\/wp-json\/wp\/v2\/media?parent=1158"}],"curies":[{"name":"wp","href":"https:\/\/api.w.org\/{rel}","templated":true}]}}