{"id":1161,"date":"2025-07-14T17:06:05","date_gmt":"2025-07-14T15:06:05","guid":{"rendered":"https:\/\/talleresalquezar.es\/secteurs\/beton\/malaxe\/"},"modified":"2026-02-09T18:58:54","modified_gmt":"2026-02-09T17:58:54","slug":"malaxe","status":"publish","type":"page","link":"https:\/\/talleresalquezar.es\/fr\/secteurs\/beton\/malaxe\/","title":{"rendered":"Malax\u00e9"},"content":{"rendered":"<section class=\"l-section wpb_row height_small color_primary\"><div class=\"l-section-h i-cf\"><div class=\"g-cols vc_row via_grid cols_1 laptops-cols_inherit tablets-cols_inherit mobiles-cols_1 valign_top type_default stacking_default\"><div class=\"wpb_column vc_column_container\"><div class=\"vc_column-inner\"><h1 class=\"w-text us_custom_eb849559\"><span class=\"w-text-h\"><span class=\"w-text-value\">B\u00c9TON \/ MALAX\u00c9 EN CENTRALE<\/span><\/span><\/h1><\/div><\/div><\/div><\/div><\/section><section class=\"l-section wpb_row height_auto\"><div class=\"l-section-h i-cf\"><div class=\"g-cols vc_row via_grid cols_2 laptops-cols_1 tablets-cols_1 mobiles-cols_1 valign_middle type_default stacking_default\"><div class=\"wpb_column vc_column_container\"><div class=\"vc_column-inner\"><div class=\"w-separator size_medium\"><\/div><h2 class=\"w-text\"><span class=\"w-text-h\"><span class=\"w-text-value\">Technologie de malaxage haute performance<\/span><\/span><\/h2><div class=\"wpb_text_column\"><div class=\"wpb_wrapper\"><p>Chez Alquezar, nous concevons des centrales pour la production de b\u00e9ton malax\u00e9 en usine, garantissant un m\u00e9lange homog\u00e8ne et de haute qualit\u00e9 pour tout type d\u2019application dans la construction.<\/p>\n<p>Nos installations peuvent int\u00e9grer diff\u00e9rents types de malaxeurs, selon les besoins de chaque projet:<\/p>\n<ul>\n<li>Malaxeurs plan\u00e9taires: Id\u00e9aux pour la production de b\u00e9ton de haute qualit\u00e9, notamment dans les produits pr\u00e9fabriqu\u00e9s.<\/li>\n<li>Malaxeurs \u00e0 double arbre horizontal: Offrent un rendement \u00e9lev\u00e9 et une grande capacit\u00e9 de malaxage, parfaits pour les productions intensives.<\/li>\n<\/ul>\n<\/div><\/div><div class=\"w-separator size_medium\"><\/div><\/div><\/div><div class=\"wpb_column vc_column_container stretched\"><div class=\"vc_column-inner\"><div class=\"w-image align_none\"><div class=\"w-image-h\"><img decoding=\"async\" width=\"1920\" height=\"1440\" src=\"https:\/\/talleresalquezar.es\/wp-content\/uploads\/2025\/07\/A14119-FO-047.jpg\" class=\"attachment-full size-full\" alt=\"HORMIG\u00d3N AMASADO\" loading=\"lazy\" srcset=\"https:\/\/talleresalquezar.es\/wp-content\/uploads\/2025\/07\/A14119-FO-047.jpg 1920w, https:\/\/talleresalquezar.es\/wp-content\/uploads\/2025\/07\/A14119-FO-047-300x225.jpg 300w, https:\/\/talleresalquezar.es\/wp-content\/uploads\/2025\/07\/A14119-FO-047-1024x768.jpg 1024w\" sizes=\"auto, (max-width: 1920px) 100vw, 1920px\" \/><\/div><\/div><\/div><\/div><\/div><\/div><\/section><section class=\"l-section wpb_row us_custom_eb849559 height_medium color_alternate\"><div class=\"l-section-h i-cf\"><div class=\"g-cols vc_row via_grid cols_1 laptops-cols_inherit tablets-cols_inherit mobiles-cols_1 valign_top type_default stacking_default\"><div class=\"wpb_column vc_column_container\"><div class=\"vc_column-inner\"><h2 class=\"w-text\"><span class=\"w-text-h\"><span class=\"w-text-value\">Types de centrales<\/span><\/span><\/h2><div class=\"wpb_text_column\"><div class=\"wpb_wrapper\"><p>Nous proposons les m\u00eames typologies que pour le b\u00e9ton dos\u00e9, mais en y int\u00e9grant le malaxeur requis selon l\u2019application:<\/p>\n<\/div><\/div><\/div><\/div><\/div><\/div><\/section><section class=\"l-section wpb_row height_medium\"><div class=\"l-section-h i-cf\"><div class=\"g-cols vc_row via_grid cols_1 laptops-cols_inherit tablets-cols_inherit mobiles-cols_1 valign_top type_default reversed stacking_default\"><div class=\"wpb_column vc_column_container us_custom_4848d876 has_bg_color\"><div class=\"vc_column-inner\"><div class=\"g-cols wpb_row via_grid cols_1-3 laptops-cols_1-3 tablets-cols_1 mobiles-cols_1 valign_middle type_default stacking_default\" style=\"--columns-gap:3rem;\"><div class=\"wpb_column vc_column_container\"><div class=\"vc_column-inner\"><div class=\"w-image align_none\"><div class=\"w-image-h\"><img decoding=\"async\" width=\"597\" height=\"800\" src=\"https:\/\/talleresalquezar.es\/wp-content\/uploads\/2025\/07\/A12133-FO-025.jpg\" class=\"attachment-full size-full\" alt=\"Plantas Verticales\" loading=\"lazy\" srcset=\"https:\/\/talleresalquezar.es\/wp-content\/uploads\/2025\/07\/A12133-FO-025.jpg 597w, https:\/\/talleresalquezar.es\/wp-content\/uploads\/2025\/07\/A12133-FO-025-224x300.jpg 224w\" sizes=\"auto, (max-width: 597px) 100vw, 597px\" \/><\/div><\/div><\/div><\/div><div class=\"wpb_column vc_column_container\"><div class=\"vc_column-inner\"><h3 class=\"w-text\"><span class=\"w-text-h\"><span class=\"w-text-value\">Centrales Verticales:<\/span><\/span><\/h3><div class=\"wpb_text_column\"><div class=\"wpb_wrapper\"><ul>\n<li>Stockage des granulats dans la partie sup\u00e9rieure de la centrale, supprimant les temps de levage<\/li>\n<li>Haute productivit\u00e9 gr\u00e2ce \u00e0 une disposition optimis\u00e9e des mat\u00e9riaux<\/li>\n<li>\u00c9l\u00e9vation des granulats par bandes transporteuses ou \u00e9l\u00e9vateurs \u00e0 godets, optimisant l\u2019espace disponible.<\/li>\n<\/ul>\n<\/div><\/div><\/div><\/div><\/div><\/div><\/div><\/div><\/div><\/section><section class=\"l-section wpb_row height_medium color_alternate\"><div class=\"l-section-h i-cf\"><div class=\"g-cols vc_row via_grid cols_1 laptops-cols_inherit tablets-cols_inherit mobiles-cols_1 valign_middle type_default stacking_default\"><div class=\"wpb_column vc_column_container\"><div class=\"vc_column-inner\"><div class=\"g-cols wpb_row us_custom_315b8835 via_grid cols_2 laptops-cols_2 tablets-cols_1 mobiles-cols_1 valign_top type_default stacking_default\" style=\"--columns-gap:10px;\"><div class=\"wpb_column vc_column_container us_custom_315b8835 has_bg_color\"><div class=\"vc_column-inner\"><h3 class=\"w-text\"><span class=\"w-text-h\"><span class=\"w-text-value\">Centrales Horizontales<\/span><\/span><\/h3><div class=\"wpb_text_column\"><div class=\"wpb_wrapper\"><ul>\n<li>Stockage des granulats dans des tr\u00e9mies au niveau du sol, facilitant le chargement par pelle, camion ou bandes.<\/li>\n<li>\u00c9l\u00e9vation des granulats vers la zone de malaxage par bande transporteuse ou skip, assurant un flux continu.<\/li>\n<\/ul>\n<\/div><\/div><\/div><\/div><div class=\"wpb_column vc_column_container\"><div class=\"vc_column-inner\"><div class=\"w-image align_none\"><div class=\"w-image-h\"><img decoding=\"async\" width=\"1920\" height=\"1080\" src=\"https:\/\/talleresalquezar.es\/wp-content\/uploads\/2025\/07\/A14119-FO-085.jpg\" class=\"attachment-full size-full\" alt=\"Plantas Horizontales\" loading=\"lazy\" srcset=\"https:\/\/talleresalquezar.es\/wp-content\/uploads\/2025\/07\/A14119-FO-085.jpg 1920w, https:\/\/talleresalquezar.es\/wp-content\/uploads\/2025\/07\/A14119-FO-085-300x169.jpg 300w, https:\/\/talleresalquezar.es\/wp-content\/uploads\/2025\/07\/A14119-FO-085-1024x576.jpg 1024w\" sizes=\"auto, (max-width: 1920px) 100vw, 1920px\" \/><\/div><\/div><\/div><\/div><\/div><\/div><\/div><\/div><\/div><\/section><section class=\"l-section wpb_row height_medium\"><div class=\"l-section-h i-cf\"><div class=\"g-cols vc_row via_grid cols_1 laptops-cols_inherit tablets-cols_inherit mobiles-cols_1 valign_top type_default reversed stacking_default\"><div class=\"wpb_column vc_column_container us_custom_4848d876 has_bg_color\"><div class=\"vc_column-inner\"><div class=\"g-cols wpb_row us_custom_a9be633b via_grid cols_2 laptops-cols_2 tablets-cols_1 mobiles-cols_1 valign_middle type_default stacking_default\" style=\"--columns-gap:0rem;\"><div class=\"wpb_column vc_column_container\"><div class=\"vc_column-inner\"><div class=\"w-image align_none\"><div class=\"w-image-h\"><img decoding=\"async\" width=\"2048\" height=\"1536\" src=\"https:\/\/talleresalquezar.es\/wp-content\/uploads\/2025\/07\/Hidrociclones.jpg\" class=\"attachment-full size-full\" alt=\"Hidrociclones\" loading=\"lazy\" srcset=\"https:\/\/talleresalquezar.es\/wp-content\/uploads\/2025\/07\/Hidrociclones.jpg 2048w, https:\/\/talleresalquezar.es\/wp-content\/uploads\/2025\/07\/Hidrociclones-300x225.jpg 300w, https:\/\/talleresalquezar.es\/wp-content\/uploads\/2025\/07\/Hidrociclones-1024x768.jpg 1024w\" sizes=\"auto, (max-width: 2048px) 100vw, 2048px\" \/><\/div><\/div><\/div><\/div><div class=\"wpb_column vc_column_container us_custom_ddcc4fbc\"><div class=\"vc_column-inner\"><h3 class=\"w-text\"><span class=\"w-text-h\"><span class=\"w-text-value\">Centrales Modulaires<\/span><\/span><\/h3><div class=\"wpb_text_column\"><div class=\"wpb_wrapper\"><p>Les centrales modulaires Alquezar sont la solution id\u00e9ale pour les projets temporaires n\u00e9cessitant d\u00e9montage et d\u00e9placement apr\u00e8s leur ex\u00e9cution.<\/p>\n<ul>\n<li>Conception modulaire avec composants pr\u00e9assembl\u00e9s, assurant compatibilit\u00e9 et rapidit\u00e9 de montage<\/li>\n<li>Transport optimis\u00e9, \u00e0 l\u2019aide de conteneurs, plateformes et flat-racks.<\/li>\n<li>Montage rapide et simple, r\u00e9duisant les temps d\u2019assemblage, le personnel n\u00e9cessaire et les moyens de levage auxiliaires.<\/li>\n<\/ul>\n<\/div><\/div><\/div><\/div><\/div><\/div><\/div><\/div><\/div><\/section><section class=\"l-section wpb_row height_medium color_alternate\"><div class=\"l-section-h i-cf\"><div class=\"g-cols vc_row via_grid cols_1 laptops-cols_inherit tablets-cols_inherit mobiles-cols_1 valign_middle type_default stacking_default\"><div class=\"wpb_column vc_column_container\"><div class=\"vc_column-inner\"><div class=\"g-cols wpb_row us_custom_315b8835 via_grid cols_custom laptops-cols_1 tablets-cols_1 mobiles-cols_1 valign_top type_default stacking_default\" style=\"--columns-gap:10px;--custom-columns:55% 45%\"><div class=\"wpb_column vc_column_container us_custom_315b8835 has_bg_color\"><div class=\"vc_column-inner\"><h3 class=\"w-text\"><span class=\"w-text-h\"><span class=\"w-text-value\">Centrales Mobiles<\/span><\/span><\/h3><div class=\"wpb_text_column\"><div class=\"wpb_wrapper\"><p>Les centrales mobiles Alquezar sont con\u00e7ues pour les projets n\u00e9cessitant des d\u00e9placements fr\u00e9quents, r\u00e9duisant au minimum les temps d\u2019installation et facilitant le transport.<\/p>\n<p><strong>Transport efficace:<\/strong><\/p>\n<ul>\n<li>Conception avec ch\u00e2ssis autoportant, permettant le transport avec une simple t\u00eate tractrice.<\/li>\n<li>Modules compacts pour une logistique simple et sans complications.<\/li>\n<\/ul>\n<p><strong>Montage rapide et sans complications:<\/strong><\/p>\n<ul>\n<li>Une fois positionn\u00e9s, les modules autoportants s\u2019ajustent \u00e0 leur emplacement de travail<\/li>\n<li>Installation rapide des silos \u00e0 ciment, permettant une mise en service imm\u00e9diate.<\/li>\n<\/ul>\n<\/div><\/div><\/div><\/div><div class=\"wpb_column vc_column_container\"><div class=\"vc_column-inner\"><div class=\"w-image align_none\"><div class=\"w-image-h\"><img decoding=\"async\" width=\"1920\" height=\"1440\" src=\"https:\/\/talleresalquezar.es\/wp-content\/uploads\/2025\/07\/A150112-FC1-059.jpg\" class=\"attachment-full size-full\" alt=\"Plantas M\u00f3viles\" loading=\"lazy\" srcset=\"https:\/\/talleresalquezar.es\/wp-content\/uploads\/2025\/07\/A150112-FC1-059.jpg 1920w, https:\/\/talleresalquezar.es\/wp-content\/uploads\/2025\/07\/A150112-FC1-059-300x225.jpg 300w, https:\/\/talleresalquezar.es\/wp-content\/uploads\/2025\/07\/A150112-FC1-059-1024x768.jpg 1024w\" sizes=\"auto, (max-width: 1920px) 100vw, 1920px\" \/><\/div><\/div><\/div><\/div><\/div><\/div><\/div><\/div><\/div><\/section>\n","protected":false},"excerpt":{"rendered":"B\u00c9TON \/ MALAX\u00c9 EN CENTRALETechnologie de malaxage haute performanceChez Alquezar, nous concevons des centrales pour la production de b\u00e9ton malax\u00e9 en usine, garantissant un m\u00e9lange homog\u00e8ne et de haute qualit\u00e9 pour tout type d\u2019application dans la construction. Nos installations peuvent int\u00e9grer diff\u00e9rents types de malaxeurs, selon les besoins de chaque projet: Malaxeurs plan\u00e9taires: Id\u00e9aux pour...","protected":false},"author":1,"featured_media":0,"parent":1155,"menu_order":0,"comment_status":"closed","ping_status":"closed","template":"","meta":{"footnotes":""},"class_list":["post-1161","page","type-page","status-publish","hentry"],"yoast_head":"<!-- This site is optimized with the Yoast SEO plugin v27.4 - https:\/\/yoast.com\/product\/yoast-seo-wordpress\/ -->\n<title>Malax\u00e9 | B\u00e9ton | Alqu\u00e9zar<\/title>\n<meta name=\"description\" content=\"Chez Alquezar, nous concevons des centrales pour la production de b\u00e9ton malax\u00e9 en usine, garantissant un m\u00e9lange homog\u00e8ne et de haute qualit\u00e9 pour tout type\u2026\" \/>\n<meta name=\"robots\" content=\"index, follow, max-snippet:-1, max-image-preview:large, max-video-preview:-1\" \/>\n<link rel=\"canonical\" href=\"https:\/\/talleresalquezar.es\/fr\/secteurs\/beton\/malaxe\/\" \/>\n<meta property=\"og:locale\" content=\"fr_FR\" \/>\n<meta property=\"og:type\" content=\"article\" \/>\n<meta property=\"og:title\" content=\"Malax\u00e9 | B\u00e9ton | Alqu\u00e9zar\" \/>\n<meta property=\"og:description\" content=\"Chez Alquezar, nous concevons des centrales pour la production de b\u00e9ton malax\u00e9 en usine, garantissant un m\u00e9lange homog\u00e8ne et de haute qualit\u00e9 pour tout type\u2026\" \/>\n<meta property=\"og:url\" content=\"https:\/\/talleresalquezar.es\/fr\/secteurs\/beton\/malaxe\/\" \/>\n<meta property=\"og:site_name\" content=\"Talleres Alqu\u00e9zar\" \/>\n<meta property=\"article:modified_time\" content=\"2026-02-09T17:58:54+00:00\" \/>\n<meta property=\"og:image\" content=\"https:\/\/talleresalquezar.es\/wp-content\/uploads\/2025\/07\/Lofotipo-talleres-alquezar-zaragoza-cintasa.png\" \/>\n\t<meta property=\"og:image:width\" content=\"400\" \/>\n\t<meta property=\"og:image:height\" content=\"84\" \/>\n\t<meta property=\"og:image:type\" content=\"image\/png\" \/>\n<meta name=\"twitter:card\" content=\"summary_large_image\" \/>\n<meta name=\"twitter:label1\" content=\"Dur\u00e9e de lecture estim\u00e9e\" \/>\n\t<meta name=\"twitter:data1\" content=\"2 minutes\" \/>\n<script type=\"application\/ld+json\" class=\"yoast-schema-graph\">{\"@context\":\"https:\\\/\\\/schema.org\",\"@graph\":[{\"@type\":\"WebPage\",\"@id\":\"https:\\\/\\\/talleresalquezar.es\\\/fr\\\/secteurs\\\/beton\\\/malaxe\\\/\",\"url\":\"https:\\\/\\\/talleresalquezar.es\\\/fr\\\/secteurs\\\/beton\\\/malaxe\\\/\",\"name\":\"Malax\u00e9 | B\u00e9ton | Alqu\u00e9zar\",\"isPartOf\":{\"@id\":\"https:\\\/\\\/talleresalquezar.es\\\/fr\\\/#website\"},\"datePublished\":\"2025-07-14T15:06:05+00:00\",\"dateModified\":\"2026-02-09T17:58:54+00:00\",\"description\":\"Chez Alquezar, nous concevons des centrales pour la production de b\u00e9ton malax\u00e9 en usine, garantissant un m\u00e9lange homog\u00e8ne et de haute qualit\u00e9 pour tout type\u2026\",\"breadcrumb\":{\"@id\":\"https:\\\/\\\/talleresalquezar.es\\\/fr\\\/secteurs\\\/beton\\\/malaxe\\\/#breadcrumb\"},\"inLanguage\":\"fr-FR\",\"potentialAction\":[{\"@type\":\"ReadAction\",\"target\":[\"https:\\\/\\\/talleresalquezar.es\\\/fr\\\/secteurs\\\/beton\\\/malaxe\\\/\"]}]},{\"@type\":\"BreadcrumbList\",\"@id\":\"https:\\\/\\\/talleresalquezar.es\\\/fr\\\/secteurs\\\/beton\\\/malaxe\\\/#breadcrumb\",\"itemListElement\":[{\"@type\":\"ListItem\",\"position\":1,\"name\":\"Portada\",\"item\":\"https:\\\/\\\/talleresalquezar.es\\\/fr\\\/\"},{\"@type\":\"ListItem\",\"position\":2,\"name\":\"Secteurs\",\"item\":\"https:\\\/\\\/talleresalquezar.es\\\/fr\\\/sectores\\\/\"},{\"@type\":\"ListItem\",\"position\":3,\"name\":\"B\u00e9ton\",\"item\":\"https:\\\/\\\/talleresalquezar.es\\\/fr\\\/sectores\\\/hormigon\\\/\"},{\"@type\":\"ListItem\",\"position\":4,\"name\":\"Malax\u00e9\"}]},{\"@type\":\"WebSite\",\"@id\":\"https:\\\/\\\/talleresalquezar.es\\\/fr\\\/#website\",\"url\":\"https:\\\/\\\/talleresalquezar.es\\\/fr\\\/\",\"name\":\"Talleres\u202fAlqu\u00e9zar\",\"description\":\"Talleres\u202fAlqu\u00e9zar dise\u00f1a y fabrica plantas llave en mano para hormig\u00f3n, \u00e1ridos, mortero y reciclaje, con m\u00e1s de 60\u202fa\u00f1os de experiencia en Zaragoza y presencia internacional.\",\"publisher\":{\"@id\":\"https:\\\/\\\/talleresalquezar.es\\\/fr\\\/#organization\"},\"alternateName\":\"Talleres Alquezar Zaragoza\",\"potentialAction\":[{\"@type\":\"SearchAction\",\"target\":{\"@type\":\"EntryPoint\",\"urlTemplate\":\"https:\\\/\\\/talleresalquezar.es\\\/fr\\\/?s={search_term_string}\"},\"query-input\":{\"@type\":\"PropertyValueSpecification\",\"valueRequired\":true,\"valueName\":\"search_term_string\"}}],\"inLanguage\":\"fr-FR\"},{\"@type\":\"Organization\",\"@id\":\"https:\\\/\\\/talleresalquezar.es\\\/fr\\\/#organization\",\"name\":\"Talleres\u202fAlqu\u00e9zar\",\"alternateName\":\"Talleres\u202fAlqu\u00e9zar Zaragoza\",\"url\":\"https:\\\/\\\/talleresalquezar.es\\\/fr\\\/\",\"logo\":{\"@type\":\"ImageObject\",\"inLanguage\":\"fr-FR\",\"@id\":\"https:\\\/\\\/talleresalquezar.es\\\/fr\\\/#\\\/schema\\\/logo\\\/image\\\/\",\"url\":\"https:\\\/\\\/talleresalquezar.es\\\/wp-content\\\/uploads\\\/2025\\\/07\\\/Lofotipo-talleres-alquezar-zaragoza-cintasa.png\",\"contentUrl\":\"https:\\\/\\\/talleresalquezar.es\\\/wp-content\\\/uploads\\\/2025\\\/07\\\/Lofotipo-talleres-alquezar-zaragoza-cintasa.png\",\"width\":400,\"height\":84,\"caption\":\"Talleres\u202fAlqu\u00e9zar\"},\"image\":{\"@id\":\"https:\\\/\\\/talleresalquezar.es\\\/fr\\\/#\\\/schema\\\/logo\\\/image\\\/\"}}]}<\/script>\n<!-- \/ Yoast SEO plugin. -->","yoast_head_json":{"title":"Malax\u00e9 | B\u00e9ton | Alqu\u00e9zar","description":"Chez Alquezar, nous concevons des centrales pour la production de b\u00e9ton malax\u00e9 en usine, garantissant un m\u00e9lange homog\u00e8ne et de haute qualit\u00e9 pour tout type\u2026","robots":{"index":"index","follow":"follow","max-snippet":"max-snippet:-1","max-image-preview":"max-image-preview:large","max-video-preview":"max-video-preview:-1"},"canonical":"https:\/\/talleresalquezar.es\/fr\/secteurs\/beton\/malaxe\/","og_locale":"fr_FR","og_type":"article","og_title":"Malax\u00e9 | B\u00e9ton | Alqu\u00e9zar","og_description":"Chez Alquezar, nous concevons des centrales pour la production de b\u00e9ton malax\u00e9 en usine, garantissant un m\u00e9lange homog\u00e8ne et de haute qualit\u00e9 pour tout type\u2026","og_url":"https:\/\/talleresalquezar.es\/fr\/secteurs\/beton\/malaxe\/","og_site_name":"Talleres Alqu\u00e9zar","article_modified_time":"2026-02-09T17:58:54+00:00","og_image":[{"width":400,"height":84,"url":"https:\/\/talleresalquezar.es\/wp-content\/uploads\/2025\/07\/Lofotipo-talleres-alquezar-zaragoza-cintasa.png","type":"image\/png"}],"twitter_card":"summary_large_image","twitter_misc":{"Dur\u00e9e de lecture estim\u00e9e":"2 minutes"},"schema":{"@context":"https:\/\/schema.org","@graph":[{"@type":"WebPage","@id":"https:\/\/talleresalquezar.es\/fr\/secteurs\/beton\/malaxe\/","url":"https:\/\/talleresalquezar.es\/fr\/secteurs\/beton\/malaxe\/","name":"Malax\u00e9 | B\u00e9ton | Alqu\u00e9zar","isPartOf":{"@id":"https:\/\/talleresalquezar.es\/fr\/#website"},"datePublished":"2025-07-14T15:06:05+00:00","dateModified":"2026-02-09T17:58:54+00:00","description":"Chez Alquezar, nous concevons des centrales pour la production de b\u00e9ton malax\u00e9 en usine, garantissant un m\u00e9lange homog\u00e8ne et de haute qualit\u00e9 pour tout type\u2026","breadcrumb":{"@id":"https:\/\/talleresalquezar.es\/fr\/secteurs\/beton\/malaxe\/#breadcrumb"},"inLanguage":"fr-FR","potentialAction":[{"@type":"ReadAction","target":["https:\/\/talleresalquezar.es\/fr\/secteurs\/beton\/malaxe\/"]}]},{"@type":"BreadcrumbList","@id":"https:\/\/talleresalquezar.es\/fr\/secteurs\/beton\/malaxe\/#breadcrumb","itemListElement":[{"@type":"ListItem","position":1,"name":"Portada","item":"https:\/\/talleresalquezar.es\/fr\/"},{"@type":"ListItem","position":2,"name":"Secteurs","item":"https:\/\/talleresalquezar.es\/fr\/sectores\/"},{"@type":"ListItem","position":3,"name":"B\u00e9ton","item":"https:\/\/talleresalquezar.es\/fr\/sectores\/hormigon\/"},{"@type":"ListItem","position":4,"name":"Malax\u00e9"}]},{"@type":"WebSite","@id":"https:\/\/talleresalquezar.es\/fr\/#website","url":"https:\/\/talleresalquezar.es\/fr\/","name":"Talleres\u202fAlqu\u00e9zar","description":"Talleres\u202fAlqu\u00e9zar dise\u00f1a y fabrica plantas llave en mano para hormig\u00f3n, \u00e1ridos, mortero y reciclaje, con m\u00e1s de 60\u202fa\u00f1os de experiencia en Zaragoza y presencia internacional.","publisher":{"@id":"https:\/\/talleresalquezar.es\/fr\/#organization"},"alternateName":"Talleres Alquezar Zaragoza","potentialAction":[{"@type":"SearchAction","target":{"@type":"EntryPoint","urlTemplate":"https:\/\/talleresalquezar.es\/fr\/?s={search_term_string}"},"query-input":{"@type":"PropertyValueSpecification","valueRequired":true,"valueName":"search_term_string"}}],"inLanguage":"fr-FR"},{"@type":"Organization","@id":"https:\/\/talleresalquezar.es\/fr\/#organization","name":"Talleres\u202fAlqu\u00e9zar","alternateName":"Talleres\u202fAlqu\u00e9zar Zaragoza","url":"https:\/\/talleresalquezar.es\/fr\/","logo":{"@type":"ImageObject","inLanguage":"fr-FR","@id":"https:\/\/talleresalquezar.es\/fr\/#\/schema\/logo\/image\/","url":"https:\/\/talleresalquezar.es\/wp-content\/uploads\/2025\/07\/Lofotipo-talleres-alquezar-zaragoza-cintasa.png","contentUrl":"https:\/\/talleresalquezar.es\/wp-content\/uploads\/2025\/07\/Lofotipo-talleres-alquezar-zaragoza-cintasa.png","width":400,"height":84,"caption":"Talleres\u202fAlqu\u00e9zar"},"image":{"@id":"https:\/\/talleresalquezar.es\/fr\/#\/schema\/logo\/image\/"}}]}},"_links":{"self":[{"href":"https:\/\/talleresalquezar.es\/fr\/wp-json\/wp\/v2\/pages\/1161","targetHints":{"allow":["GET"]}}],"collection":[{"href":"https:\/\/talleresalquezar.es\/fr\/wp-json\/wp\/v2\/pages"}],"about":[{"href":"https:\/\/talleresalquezar.es\/fr\/wp-json\/wp\/v2\/types\/page"}],"author":[{"embeddable":true,"href":"https:\/\/talleresalquezar.es\/fr\/wp-json\/wp\/v2\/users\/1"}],"replies":[{"embeddable":true,"href":"https:\/\/talleresalquezar.es\/fr\/wp-json\/wp\/v2\/comments?post=1161"}],"version-history":[{"count":3,"href":"https:\/\/talleresalquezar.es\/fr\/wp-json\/wp\/v2\/pages\/1161\/revisions"}],"predecessor-version":[{"id":1205,"href":"https:\/\/talleresalquezar.es\/fr\/wp-json\/wp\/v2\/pages\/1161\/revisions\/1205"}],"up":[{"embeddable":true,"href":"https:\/\/talleresalquezar.es\/fr\/wp-json\/wp\/v2\/pages\/1155"}],"wp:attachment":[{"href":"https:\/\/talleresalquezar.es\/fr\/wp-json\/wp\/v2\/media?parent=1161"}],"curies":[{"name":"wp","href":"https:\/\/api.w.org\/{rel}","templated":true}]}}