{"id":1164,"date":"2025-07-14T17:06:27","date_gmt":"2025-07-14T15:06:27","guid":{"rendered":"https:\/\/talleresalquezar.es\/secteurs\/beton\/gravier-ciment\/"},"modified":"2026-02-09T18:58:55","modified_gmt":"2026-02-09T17:58:55","slug":"gravier-ciment","status":"publish","type":"page","link":"https:\/\/talleresalquezar.es\/fr\/secteurs\/beton\/gravier-ciment\/","title":{"rendered":"Gravier-Ciment"},"content":{"rendered":"<section class=\"l-section wpb_row height_small color_primary\"><div class=\"l-section-h i-cf\"><div class=\"g-cols vc_row via_grid cols_1 laptops-cols_inherit tablets-cols_inherit mobiles-cols_1 valign_top type_default stacking_default\"><div class=\"wpb_column vc_column_container\"><div class=\"vc_column-inner\"><h1 class=\"w-text us_custom_eb849559\"><span class=\"w-text-h\"><span class=\"w-text-value\">B\u00c9TON \/ GRAVIER CIMENT<\/span><\/span><\/h1><\/div><\/div><\/div><\/div><\/section><section class=\"l-section wpb_row height_auto color_alternate\"><div class=\"l-section-h i-cf\"><div class=\"g-cols vc_row via_grid cols_2 laptops-cols_inherit tablets-cols_inherit mobiles-cols_1 valign_middle type_default stacking_default\"><div class=\"wpb_column vc_column_container\"><div class=\"vc_column-inner\"><div class=\"wpb_text_column\"><div class=\"wpb_wrapper\"><p>Chez Alquezar, nous concevons des <strong>installations pour la production de gravier-ciment<\/strong>, offrant une <strong>production \u00e9lev\u00e9e et une efficacit\u00e9 maximale<\/strong> gr\u00e2ce \u00e0 notre syst\u00e8me avanc\u00e9 d&rsquo;<strong>alimentateurs \u00e0 bande et de m\u00e9lange en continu.<\/strong><\/p>\n<p>Caract\u00e9ristiques de nos plantes :<\/p>\n<ul>\n<li><strong>Production optimis\u00e9e<\/strong> avec des rendements \u00e9lev\u00e9s et une faible consommation d&rsquo;\u00e9nergie.<\/li>\n<li><strong>M\u00e9lange continu<\/strong>, garantissant un m\u00e9lange homog\u00e8ne et constant.<\/li>\n<li><strong>Faible co\u00fbt de production<\/strong>, id\u00e9al pour les <strong>bases routi\u00e8res et autorouti\u00e8res<\/strong><strong>.<\/strong><\/li>\n<\/ul>\n<\/div><\/div><div class=\"w-separator size_medium\"><\/div><\/div><\/div><div class=\"wpb_column vc_column_container stretched\"><div class=\"vc_column-inner\"><div class=\"w-image align_none\"><div class=\"w-image-h\"><img decoding=\"async\" width=\"1024\" height=\"768\" src=\"https:\/\/talleresalquezar.es\/wp-content\/uploads\/2025\/07\/A04198-FO-006-1024x768.jpg\" class=\"attachment-large size-large\" alt=\"GRAVA CEMENTO\" loading=\"lazy\" srcset=\"https:\/\/talleresalquezar.es\/wp-content\/uploads\/2025\/07\/A04198-FO-006-1024x768.jpg 1024w, https:\/\/talleresalquezar.es\/wp-content\/uploads\/2025\/07\/A04198-FO-006-300x225.jpg 300w, https:\/\/talleresalquezar.es\/wp-content\/uploads\/2025\/07\/A04198-FO-006.jpg 1920w\" sizes=\"auto, (max-width: 1024px) 100vw, 1024px\" \/><\/div><\/div><\/div><\/div><\/div><\/div><\/section><section class=\"l-section wpb_row us_custom_eb849559 height_medium\"><div class=\"l-section-h i-cf\"><div class=\"g-cols vc_row via_grid cols_1 laptops-cols_inherit tablets-cols_inherit mobiles-cols_1 valign_top type_default stacking_default\"><div class=\"wpb_column vc_column_container\"><div class=\"vc_column-inner\"><h2 class=\"w-text\"><span class=\"w-text-h\"><span class=\"w-text-value\">Types de centrales<\/span><\/span><\/h2><div class=\"wpb_text_column\"><div class=\"wpb_wrapper\"><p>Chez Alquezar, nous concevons et fabriquons diff\u00e9rents types de <strong>centrales \u00e0 b\u00e9ton<\/strong>, adapt\u00e9es \u00e0 tous les types de projets et \u00e0 toutes les exigences de production. Nos solutions garantissent une <strong>efficacit\u00e9 maximale, la pr\u00e9cision du dosage, la facilit\u00e9 d&rsquo;installation et la mobilit\u00e9<\/strong><strong>,<\/strong> en fonction des besoins sp\u00e9cifiques de chaque projet.<\/p>\n<\/div><\/div><\/div><\/div><\/div><\/div><\/section><section class=\"l-section wpb_row height_medium color_alternate\"><div class=\"l-section-h i-cf\"><div class=\"g-cols vc_row via_grid cols_2 laptops-cols_inherit tablets-cols_inherit mobiles-cols_1 valign_top type_default stacking_default\"><div class=\"wpb_column vc_column_container us_custom_c70c97eb has_bg_color\"><div class=\"vc_column-inner\"><h2 class=\"w-text\"><span class=\"w-text-h\"><span class=\"w-text-value\">Installations fixes<\/span><\/span><\/h2><div class=\"wpb_text_column us_custom_836f727b has_text_color\"><div class=\"wpb_wrapper\"><p>Les <strong>installations de dosage fixes<\/strong> sont con\u00e7ues pour des installations permanentes n\u00e9cessitant une capacit\u00e9 de production \u00e9lev\u00e9e et un processus continu.<\/p>\n<p>Elles sont id\u00e9ales pour la production de <strong>b\u00e9ton et de grave-ciment<\/strong>, assurant un fonctionnement optimis\u00e9, stable et performant.<\/p>\n<p>Ces installations int\u00e8grent toute l&rsquo;instrumentation et la technologie n\u00e9cessaires \u00e0 un dosage pr\u00e9cis et efficace :<\/p>\n<ul>\n<li>Batteries de tr\u00e9mies de dosage d&rsquo;agr\u00e9gats.<\/li>\n<li>Syst\u00e8mes de transport de granulats et de ciment.<\/li>\n<li>\u00c9quipement de m\u00e9lange de mat\u00e9riaux.<\/li>\n<\/ul>\n<\/div><\/div><\/div><\/div><div class=\"wpb_column vc_column_container us_custom_315b8835 has_bg_color\"><div class=\"vc_column-inner\"><h2 class=\"w-text\"><span class=\"w-text-h\"><span class=\"w-text-value\">Centrales Mobiles<\/span><\/span><\/h2><div class=\"wpb_text_column\"><div class=\"wpb_wrapper\"><p>Les <strong>installations mobiles<\/strong> offrent toutes les caract\u00e9ristiques d&rsquo;une installation fixe, mais avec l&rsquo;avantage suppl\u00e9mentaire de la <strong>mobilit\u00e9 et de la facilit\u00e9 de montage<\/strong>. Elles sont con\u00e7ues pour \u00eatre d\u00e9plac\u00e9es rapidement et adapt\u00e9es \u00e0 diff\u00e9rents chantiers, sans sacrifier la qualit\u00e9 et la pr\u00e9cision du dosage.<\/p>\n<ul>\n<li>Structure compacte et transportable.<\/li>\n<li>Installation et mise en service rapides.<\/li>\n<li>Polyvalence pour les travaux temporaires ou avec des exigences logistiques sp\u00e9cifiques.<\/li>\n<\/ul>\n<\/div><\/div><\/div><\/div><\/div><\/div><\/section>\n","protected":false},"excerpt":{"rendered":"B\u00c9TON \/ GRAVIER CIMENTChez Alquezar, nous concevons des installations pour la production de gravier-ciment, offrant une production \u00e9lev\u00e9e et une efficacit\u00e9 maximale gr\u00e2ce \u00e0 notre syst\u00e8me avanc\u00e9 d&rsquo;alimentateurs \u00e0 bande et de m\u00e9lange en continu. Caract\u00e9ristiques de nos plantes : Production optimis\u00e9e avec des rendements \u00e9lev\u00e9s et une faible consommation d&rsquo;\u00e9nergie. M\u00e9lange continu, garantissant un...","protected":false},"author":1,"featured_media":0,"parent":1155,"menu_order":0,"comment_status":"closed","ping_status":"closed","template":"","meta":{"footnotes":""},"class_list":["post-1164","page","type-page","status-publish","hentry"],"yoast_head":"<!-- This site is optimized with the Yoast SEO plugin v27.4 - https:\/\/yoast.com\/product\/yoast-seo-wordpress\/ -->\n<title>Gravier-Ciment | B\u00e9ton | Alqu\u00e9zar<\/title>\n<meta name=\"description\" content=\"Chez Alquezar, nous concevons des installations pour la production de gravier-ciment , offrant une production \u00e9lev\u00e9e et une efficacit\u00e9 maximale gr\u00e2ce \u00e0 notre\u2026\" \/>\n<meta name=\"robots\" content=\"index, follow, max-snippet:-1, max-image-preview:large, max-video-preview:-1\" \/>\n<link rel=\"canonical\" href=\"https:\/\/talleresalquezar.es\/fr\/secteurs\/beton\/gravier-ciment\/\" \/>\n<meta property=\"og:locale\" content=\"fr_FR\" \/>\n<meta property=\"og:type\" content=\"article\" \/>\n<meta property=\"og:title\" content=\"Gravier-Ciment | B\u00e9ton | Alqu\u00e9zar\" \/>\n<meta property=\"og:description\" content=\"Chez Alquezar, nous concevons des installations pour la production de gravier-ciment , offrant une production \u00e9lev\u00e9e et une efficacit\u00e9 maximale gr\u00e2ce \u00e0 notre\u2026\" \/>\n<meta property=\"og:url\" content=\"https:\/\/talleresalquezar.es\/fr\/secteurs\/beton\/gravier-ciment\/\" \/>\n<meta property=\"og:site_name\" content=\"Talleres Alqu\u00e9zar\" \/>\n<meta property=\"article:modified_time\" content=\"2026-02-09T17:58:55+00:00\" \/>\n<meta property=\"og:image\" content=\"https:\/\/talleresalquezar.es\/wp-content\/uploads\/2025\/07\/Lofotipo-talleres-alquezar-zaragoza-cintasa.png\" \/>\n\t<meta property=\"og:image:width\" content=\"400\" \/>\n\t<meta property=\"og:image:height\" content=\"84\" \/>\n\t<meta property=\"og:image:type\" content=\"image\/png\" \/>\n<meta name=\"twitter:card\" content=\"summary_large_image\" \/>\n<meta name=\"twitter:label1\" content=\"Dur\u00e9e de lecture estim\u00e9e\" \/>\n\t<meta name=\"twitter:data1\" content=\"2 minutes\" \/>\n<script type=\"application\/ld+json\" class=\"yoast-schema-graph\">{\"@context\":\"https:\\\/\\\/schema.org\",\"@graph\":[{\"@type\":\"WebPage\",\"@id\":\"https:\\\/\\\/talleresalquezar.es\\\/fr\\\/secteurs\\\/beton\\\/gravier-ciment\\\/\",\"url\":\"https:\\\/\\\/talleresalquezar.es\\\/fr\\\/secteurs\\\/beton\\\/gravier-ciment\\\/\",\"name\":\"Gravier-Ciment | B\u00e9ton | Alqu\u00e9zar\",\"isPartOf\":{\"@id\":\"https:\\\/\\\/talleresalquezar.es\\\/fr\\\/#website\"},\"datePublished\":\"2025-07-14T15:06:27+00:00\",\"dateModified\":\"2026-02-09T17:58:55+00:00\",\"description\":\"Chez Alquezar, nous concevons des installations pour la production de gravier-ciment , offrant une production \u00e9lev\u00e9e et une efficacit\u00e9 maximale gr\u00e2ce \u00e0 notre\u2026\",\"breadcrumb\":{\"@id\":\"https:\\\/\\\/talleresalquezar.es\\\/fr\\\/secteurs\\\/beton\\\/gravier-ciment\\\/#breadcrumb\"},\"inLanguage\":\"fr-FR\",\"potentialAction\":[{\"@type\":\"ReadAction\",\"target\":[\"https:\\\/\\\/talleresalquezar.es\\\/fr\\\/secteurs\\\/beton\\\/gravier-ciment\\\/\"]}]},{\"@type\":\"BreadcrumbList\",\"@id\":\"https:\\\/\\\/talleresalquezar.es\\\/fr\\\/secteurs\\\/beton\\\/gravier-ciment\\\/#breadcrumb\",\"itemListElement\":[{\"@type\":\"ListItem\",\"position\":1,\"name\":\"Portada\",\"item\":\"https:\\\/\\\/talleresalquezar.es\\\/fr\\\/\"},{\"@type\":\"ListItem\",\"position\":2,\"name\":\"Secteurs\",\"item\":\"https:\\\/\\\/talleresalquezar.es\\\/fr\\\/sectores\\\/\"},{\"@type\":\"ListItem\",\"position\":3,\"name\":\"B\u00e9ton\",\"item\":\"https:\\\/\\\/talleresalquezar.es\\\/fr\\\/sectores\\\/hormigon\\\/\"},{\"@type\":\"ListItem\",\"position\":4,\"name\":\"Gravier-Ciment\"}]},{\"@type\":\"WebSite\",\"@id\":\"https:\\\/\\\/talleresalquezar.es\\\/fr\\\/#website\",\"url\":\"https:\\\/\\\/talleresalquezar.es\\\/fr\\\/\",\"name\":\"Talleres\u202fAlqu\u00e9zar\",\"description\":\"Talleres\u202fAlqu\u00e9zar dise\u00f1a y fabrica plantas llave en mano para hormig\u00f3n, \u00e1ridos, mortero y reciclaje, con m\u00e1s de 60\u202fa\u00f1os de experiencia en Zaragoza y presencia internacional.\",\"publisher\":{\"@id\":\"https:\\\/\\\/talleresalquezar.es\\\/fr\\\/#organization\"},\"alternateName\":\"Talleres Alquezar Zaragoza\",\"potentialAction\":[{\"@type\":\"SearchAction\",\"target\":{\"@type\":\"EntryPoint\",\"urlTemplate\":\"https:\\\/\\\/talleresalquezar.es\\\/fr\\\/?s={search_term_string}\"},\"query-input\":{\"@type\":\"PropertyValueSpecification\",\"valueRequired\":true,\"valueName\":\"search_term_string\"}}],\"inLanguage\":\"fr-FR\"},{\"@type\":\"Organization\",\"@id\":\"https:\\\/\\\/talleresalquezar.es\\\/fr\\\/#organization\",\"name\":\"Talleres\u202fAlqu\u00e9zar\",\"alternateName\":\"Talleres\u202fAlqu\u00e9zar Zaragoza\",\"url\":\"https:\\\/\\\/talleresalquezar.es\\\/fr\\\/\",\"logo\":{\"@type\":\"ImageObject\",\"inLanguage\":\"fr-FR\",\"@id\":\"https:\\\/\\\/talleresalquezar.es\\\/fr\\\/#\\\/schema\\\/logo\\\/image\\\/\",\"url\":\"https:\\\/\\\/talleresalquezar.es\\\/wp-content\\\/uploads\\\/2025\\\/07\\\/Lofotipo-talleres-alquezar-zaragoza-cintasa.png\",\"contentUrl\":\"https:\\\/\\\/talleresalquezar.es\\\/wp-content\\\/uploads\\\/2025\\\/07\\\/Lofotipo-talleres-alquezar-zaragoza-cintasa.png\",\"width\":400,\"height\":84,\"caption\":\"Talleres\u202fAlqu\u00e9zar\"},\"image\":{\"@id\":\"https:\\\/\\\/talleresalquezar.es\\\/fr\\\/#\\\/schema\\\/logo\\\/image\\\/\"}}]}<\/script>\n<!-- \/ Yoast SEO plugin. -->","yoast_head_json":{"title":"Gravier-Ciment | B\u00e9ton | Alqu\u00e9zar","description":"Chez Alquezar, nous concevons des installations pour la production de gravier-ciment , offrant une production \u00e9lev\u00e9e et une efficacit\u00e9 maximale gr\u00e2ce \u00e0 notre\u2026","robots":{"index":"index","follow":"follow","max-snippet":"max-snippet:-1","max-image-preview":"max-image-preview:large","max-video-preview":"max-video-preview:-1"},"canonical":"https:\/\/talleresalquezar.es\/fr\/secteurs\/beton\/gravier-ciment\/","og_locale":"fr_FR","og_type":"article","og_title":"Gravier-Ciment | B\u00e9ton | Alqu\u00e9zar","og_description":"Chez Alquezar, nous concevons des installations pour la production de gravier-ciment , offrant une production \u00e9lev\u00e9e et une efficacit\u00e9 maximale gr\u00e2ce \u00e0 notre\u2026","og_url":"https:\/\/talleresalquezar.es\/fr\/secteurs\/beton\/gravier-ciment\/","og_site_name":"Talleres Alqu\u00e9zar","article_modified_time":"2026-02-09T17:58:55+00:00","og_image":[{"width":400,"height":84,"url":"https:\/\/talleresalquezar.es\/wp-content\/uploads\/2025\/07\/Lofotipo-talleres-alquezar-zaragoza-cintasa.png","type":"image\/png"}],"twitter_card":"summary_large_image","twitter_misc":{"Dur\u00e9e de lecture estim\u00e9e":"2 minutes"},"schema":{"@context":"https:\/\/schema.org","@graph":[{"@type":"WebPage","@id":"https:\/\/talleresalquezar.es\/fr\/secteurs\/beton\/gravier-ciment\/","url":"https:\/\/talleresalquezar.es\/fr\/secteurs\/beton\/gravier-ciment\/","name":"Gravier-Ciment | B\u00e9ton | Alqu\u00e9zar","isPartOf":{"@id":"https:\/\/talleresalquezar.es\/fr\/#website"},"datePublished":"2025-07-14T15:06:27+00:00","dateModified":"2026-02-09T17:58:55+00:00","description":"Chez Alquezar, nous concevons des installations pour la production de gravier-ciment , offrant une production \u00e9lev\u00e9e et une efficacit\u00e9 maximale gr\u00e2ce \u00e0 notre\u2026","breadcrumb":{"@id":"https:\/\/talleresalquezar.es\/fr\/secteurs\/beton\/gravier-ciment\/#breadcrumb"},"inLanguage":"fr-FR","potentialAction":[{"@type":"ReadAction","target":["https:\/\/talleresalquezar.es\/fr\/secteurs\/beton\/gravier-ciment\/"]}]},{"@type":"BreadcrumbList","@id":"https:\/\/talleresalquezar.es\/fr\/secteurs\/beton\/gravier-ciment\/#breadcrumb","itemListElement":[{"@type":"ListItem","position":1,"name":"Portada","item":"https:\/\/talleresalquezar.es\/fr\/"},{"@type":"ListItem","position":2,"name":"Secteurs","item":"https:\/\/talleresalquezar.es\/fr\/sectores\/"},{"@type":"ListItem","position":3,"name":"B\u00e9ton","item":"https:\/\/talleresalquezar.es\/fr\/sectores\/hormigon\/"},{"@type":"ListItem","position":4,"name":"Gravier-Ciment"}]},{"@type":"WebSite","@id":"https:\/\/talleresalquezar.es\/fr\/#website","url":"https:\/\/talleresalquezar.es\/fr\/","name":"Talleres\u202fAlqu\u00e9zar","description":"Talleres\u202fAlqu\u00e9zar dise\u00f1a y fabrica plantas llave en mano para hormig\u00f3n, \u00e1ridos, mortero y reciclaje, con m\u00e1s de 60\u202fa\u00f1os de experiencia en Zaragoza y presencia internacional.","publisher":{"@id":"https:\/\/talleresalquezar.es\/fr\/#organization"},"alternateName":"Talleres Alquezar Zaragoza","potentialAction":[{"@type":"SearchAction","target":{"@type":"EntryPoint","urlTemplate":"https:\/\/talleresalquezar.es\/fr\/?s={search_term_string}"},"query-input":{"@type":"PropertyValueSpecification","valueRequired":true,"valueName":"search_term_string"}}],"inLanguage":"fr-FR"},{"@type":"Organization","@id":"https:\/\/talleresalquezar.es\/fr\/#organization","name":"Talleres\u202fAlqu\u00e9zar","alternateName":"Talleres\u202fAlqu\u00e9zar Zaragoza","url":"https:\/\/talleresalquezar.es\/fr\/","logo":{"@type":"ImageObject","inLanguage":"fr-FR","@id":"https:\/\/talleresalquezar.es\/fr\/#\/schema\/logo\/image\/","url":"https:\/\/talleresalquezar.es\/wp-content\/uploads\/2025\/07\/Lofotipo-talleres-alquezar-zaragoza-cintasa.png","contentUrl":"https:\/\/talleresalquezar.es\/wp-content\/uploads\/2025\/07\/Lofotipo-talleres-alquezar-zaragoza-cintasa.png","width":400,"height":84,"caption":"Talleres\u202fAlqu\u00e9zar"},"image":{"@id":"https:\/\/talleresalquezar.es\/fr\/#\/schema\/logo\/image\/"}}]}},"_links":{"self":[{"href":"https:\/\/talleresalquezar.es\/fr\/wp-json\/wp\/v2\/pages\/1164","targetHints":{"allow":["GET"]}}],"collection":[{"href":"https:\/\/talleresalquezar.es\/fr\/wp-json\/wp\/v2\/pages"}],"about":[{"href":"https:\/\/talleresalquezar.es\/fr\/wp-json\/wp\/v2\/types\/page"}],"author":[{"embeddable":true,"href":"https:\/\/talleresalquezar.es\/fr\/wp-json\/wp\/v2\/users\/1"}],"replies":[{"embeddable":true,"href":"https:\/\/talleresalquezar.es\/fr\/wp-json\/wp\/v2\/comments?post=1164"}],"version-history":[{"count":3,"href":"https:\/\/talleresalquezar.es\/fr\/wp-json\/wp\/v2\/pages\/1164\/revisions"}],"predecessor-version":[{"id":1206,"href":"https:\/\/talleresalquezar.es\/fr\/wp-json\/wp\/v2\/pages\/1164\/revisions\/1206"}],"up":[{"embeddable":true,"href":"https:\/\/talleresalquezar.es\/fr\/wp-json\/wp\/v2\/pages\/1155"}],"wp:attachment":[{"href":"https:\/\/talleresalquezar.es\/fr\/wp-json\/wp\/v2\/media?parent=1164"}],"curies":[{"name":"wp","href":"https:\/\/api.w.org\/{rel}","templated":true}]}}