{"id":718,"date":"2025-07-14T16:48:47","date_gmt":"2025-07-14T14:48:47","guid":{"rendered":"https:\/\/talleresalquezar.es\/le-group\/strategie-et-engagements\/"},"modified":"2026-02-09T18:58:40","modified_gmt":"2026-02-09T17:58:40","slug":"strategie-et-engagements","status":"publish","type":"page","link":"https:\/\/talleresalquezar.es\/fr\/le-group\/strategie-et-engagements\/","title":{"rendered":"Strat\u00e9gie et engagements"},"content":{"rendered":"<section class=\"l-section wpb_row height_small color_primary\"><div class=\"l-section-h i-cf\"><div class=\"g-cols vc_row via_grid cols_1 laptops-cols_inherit tablets-cols_inherit mobiles-cols_1 valign_top type_default stacking_default\"><div class=\"wpb_column vc_column_container\"><div class=\"vc_column-inner\"><h1 class=\"w-text us_custom_eb849559\"><span class=\"w-text-h\"><span class=\"w-text-value\">STRAT\u00c9GIE ET ENGAGEMENTS<\/span><\/span><\/h1><\/div><\/div><\/div><\/div><\/section><section class=\"l-section wpb_row height_medium\"><div class=\"l-section-h i-cf\"><div class=\"g-cols vc_row via_grid cols_2 laptops-cols_inherit tablets-cols_inherit mobiles-cols_1 valign_middle type_default stacking_default\"><div class=\"wpb_column vc_column_container\"><div class=\"vc_column-inner\"><h2 class=\"w-text\"><span class=\"w-text-h\"><span class=\"w-text-value\">Notre strat\u00e9gie : Croissance, Innovation et Sp\u00e9cialisation<\/span><\/span><\/h2><div class=\"wpb_text_column\"><div class=\"wpb_wrapper\"><p>Chez Alquezar, nous fa\u00e7onnons l\u2019avenir avec une strat\u00e9gie solide fond\u00e9e sur la croissance durable, l\u2019expansion internationale et la sp\u00e9cialisation dans des solutions avanc\u00e9es. Nous nous concentrons sur le d\u00e9veloppement de technologies et de services de pointe qui apportent une r\u00e9elle valeur ajout\u00e9e \u00e0 nos clients et au secteur.<\/p>\n<\/div><\/div><div class=\"w-separator size_medium\"><\/div><h2 class=\"w-text\"><span class=\"w-text-h\"><span class=\"w-text-value\">Nos engagements : Qualit\u00e9 et Innovation dans chaque projet<\/span><\/span><\/h2><div class=\"wpb_text_column\"><div class=\"wpb_wrapper\"><p>Chez <strong>Alquezar<\/strong><strong>,<\/strong> notre activit\u00e9 repose sur six piliers essentiels qui garantissent l\u2019excellence de chaque solution que nous proposons :<\/p>\n<\/div><\/div><\/div><\/div><div class=\"wpb_column vc_column_container\"><div class=\"vc_column-inner\"><div class=\"g-cols wpb_row via_grid cols_1 laptops-cols_inherit tablets-cols_inherit mobiles-cols_1 valign_top type_default stacking_default\" style=\"--columns-gap:0.8rem;\"><div class=\"wpb_column vc_column_container\"><div class=\"vc_column-inner\"><div class=\"w-hwrapper valign_top align_none\" style=\"--hwrapper-gap:0.8rem\"><div class=\"w-iconbox iconpos_top style_default color_secondary align_left no_text no_title\"><div class=\"w-iconbox-icon\" style=\"font-size:30px;\"><i class=\"material-icons\">check_circle<\/i><\/div><div class=\"w-iconbox-meta\"><\/div><\/div><div class=\"wpb_text_column\"><div class=\"wpb_wrapper\"><p><strong>Qualit\u00e9 garantie<\/strong><br \/>\nNous d\u00e9veloppons des produits et des services selon les normes les plus exigeantes, assurant durabilit\u00e9 et efficacit\u00e9.<\/p>\n<\/div><\/div><\/div><\/div><\/div><div class=\"wpb_column vc_column_container\"><div class=\"vc_column-inner\"><div class=\"w-hwrapper valign_top align_none\" style=\"--hwrapper-gap:0.8rem\"><div class=\"w-iconbox iconpos_top style_default color_secondary align_left no_text no_title\"><div class=\"w-iconbox-icon\" style=\"font-size:30px;\"><i class=\"material-icons\">check_circle<\/i><\/div><div class=\"w-iconbox-meta\"><\/div><\/div><div class=\"wpb_text_column\"><div class=\"wpb_wrapper\"><p><strong>Innovation et D\u00e9veloppement (R&amp;D): <\/strong>Nous restons \u00e0 la pointe du secteur en investissant dans la technologie pour offrir des solutions de derni\u00e8re g\u00e9n\u00e9ration.<\/p>\n<\/div><\/div><\/div><\/div><\/div><div class=\"wpb_column vc_column_container\"><div class=\"vc_column-inner\"><div class=\"w-hwrapper valign_top align_none\" style=\"--hwrapper-gap:0.8rem\"><div class=\"w-iconbox iconpos_top style_default color_secondary align_left no_text no_title\"><div class=\"w-iconbox-icon\" style=\"font-size:30px;\"><i class=\"material-icons\">check_circle<\/i><\/div><div class=\"w-iconbox-meta\"><\/div><\/div><div class=\"wpb_text_column\"><div class=\"wpb_wrapper\"><p><strong>Solutions personnalis\u00e9es: <\/strong>Nous nous adaptons aux besoins sp\u00e9cifiques de chaque client, en cr\u00e9ant des \u00e9quipements sur mesure.<\/p>\n<\/div><\/div><\/div><\/div><\/div><div class=\"wpb_column vc_column_container\"><div class=\"vc_column-inner\"><div class=\"w-hwrapper valign_top align_none\" style=\"--hwrapper-gap:0.8rem\"><div class=\"w-iconbox iconpos_top style_default color_secondary align_left no_text no_title\"><div class=\"w-iconbox-icon\" style=\"font-size:30px;\"><i class=\"material-icons\">check_circle<\/i><\/div><div class=\"w-iconbox-meta\"><\/div><\/div><div class=\"wpb_text_column\"><div class=\"wpb_wrapper\"><p><strong>Rentabilit\u00e9 et efficacit\u00e9: <\/strong>Nous proposons des \u00e9quipements \u00e0 longue dur\u00e9e de vie et \u00e0 faibles co\u00fbts de maintenance, optimisant ainsi l\u2019investissement de nos clients.<\/p>\n<\/div><\/div><\/div><\/div><\/div><div class=\"wpb_column vc_column_container\"><div class=\"vc_column-inner\"><div class=\"w-hwrapper valign_top align_none\" style=\"--hwrapper-gap:0.8rem\"><div class=\"w-iconbox iconpos_top style_default color_secondary align_left no_text no_title\"><div class=\"w-iconbox-icon\" style=\"font-size:30px;\"><i class=\"material-icons\">check_circle<\/i><\/div><div class=\"w-iconbox-meta\"><\/div><\/div><div class=\"wpb_text_column\"><div class=\"wpb_wrapper\"><p><strong>S\u00e9curit\u00e9 pour tous: <\/strong>Nous pla\u00e7ons la s\u00e9curit\u00e9 au c\u0153ur de la conception de nos produits, facilitant le travail productif et la maintenance des op\u00e9rateurs.<\/p>\n<\/div><\/div><\/div><\/div><\/div><div class=\"wpb_column vc_column_container\"><div class=\"vc_column-inner\"><div class=\"w-hwrapper valign_top align_none\" style=\"--hwrapper-gap:0.8rem\"><div class=\"w-iconbox iconpos_top style_default color_secondary align_left no_text no_title\"><div class=\"w-iconbox-icon\" style=\"font-size:30px;\"><i class=\"material-icons\">check_circle<\/i><\/div><div class=\"w-iconbox-meta\"><\/div><\/div><div class=\"wpb_text_column\"><div class=\"wpb_wrapper\"><p><strong>Engagement en faveur de l\u2019environnement:<\/strong> Nous r\u00e9duisons l\u2019impact environnemental de nos processus de production, misant sur un d\u00e9veloppement durable.<\/p>\n<\/div><\/div><\/div><\/div><\/div><\/div><\/div><\/div><\/div><\/div><\/section><section class=\"l-section wpb_row us_custom_eb849559 height_medium color_alternate\"><div class=\"l-section-h i-cf\"><div class=\"g-cols vc_row via_grid cols_1 laptops-cols_inherit tablets-cols_inherit mobiles-cols_1 valign_top type_default stacking_default\"><div class=\"wpb_column vc_column_container\"><div class=\"vc_column-inner\"><h2 class=\"w-text\"><span class=\"w-text-h\"><span class=\"w-text-value\">Politique de qualit\u00e9, s\u00e9curit\u00e9 et environnement<\/span><\/span><\/h2><div class=\"wpb_text_column\"><div class=\"wpb_wrapper\"><p>Chez Alquezar<strong>,<\/strong> l\u2019excellence n\u2019est pas une option, c\u2019est une norme. Depuis 2003, nous disposons d\u2019un <strong>Syst\u00e8me de Gestion de la Qualit\u00e9<\/strong> certifi\u00e9 selon la norme <strong>UNE EN ISO 9001<\/strong><strong>:2015<\/strong>, garantissant un contr\u00f4le maximal \u00e0 chaque \u00e9tape de la production, depuis la conception initiale de nos installations et machines jusqu\u2019\u00e0 leur fabrication et leur mise en service.<\/p>\n<p>Notre syst\u00e8me de qualit\u00e9 est r\u00e9vis\u00e9 et certifi\u00e9 chaque ann\u00e9e par <strong>Lloyd\u2019s Register<\/strong>, garantissant que chaque produit que nous fabriquons respecte les normes les plus strictes du secteur. Chaque audit confirme notre engagement en faveur de l\u2019am\u00e9lioration continue, de l\u2019optimisation des processus et de la satisfaction de nos clients.<\/p>\n<p>De plus, Alquezar est agr\u00e9\u00e9e pour le marquage <strong>CE des structures <\/strong>et composants m\u00e9talliques destin\u00e9s \u00e0 la construction en acier. Nous disposons du certificat de conformit\u00e9 du <strong>contr\u00f4le de production<\/strong> en usine, en accord avec la norme <strong>EN 1090-1:2009<\/strong>, ce qui nous permet de garantir la fiabilit\u00e9 et la s\u00e9curit\u00e9 de nos solutions structurelles.<\/p>\n<\/div><\/div><div class=\"w-separator size_medium\"><\/div><div class=\"g-cols wpb_row via_grid cols_3 laptops-cols_inherit tablets-cols_inherit mobiles-cols_1 valign_top type_default stacking_default\" style=\"--columns-gap:3rem;\"><div class=\"wpb_column vc_column_container us_custom_fe8181e3 has_text_color has_bg_color\"><div class=\"vc_column-inner\"><div class=\"w-iconbox iconpos_top style_default color_contrast align_center no_text no_title\"><div class=\"w-iconbox-icon\" style=\"font-size:2rem;\"><i class=\"material-icons\">picture_as_pdf<\/i><\/div><div class=\"w-iconbox-meta\"><\/div><\/div><div class=\"w-btn-wrapper align_center\"><a class=\"w-btn us-btn-style_4 us_custom_2d9ebfef icon_atright\" href=\"#\"><span class=\"w-btn-label\">Politique de qualit\u00e9<\/span><i class=\"material-icons\">trending_flat<\/i><\/a><\/div><\/div><\/div><div class=\"wpb_column vc_column_container us_custom_fe8181e3 has_text_color has_bg_color\"><div class=\"vc_column-inner\"><div class=\"w-iconbox iconpos_top style_default color_contrast align_center no_text no_title\"><div class=\"w-iconbox-icon\" style=\"font-size:2rem;\"><i class=\"material-icons\">picture_as_pdf<\/i><\/div><div class=\"w-iconbox-meta\"><\/div><\/div><div class=\"w-btn-wrapper align_center\"><a class=\"w-btn us-btn-style_4 us_custom_2d9ebfef icon_atright\" target=\"_blank\" href=\"https:\/\/talleresalquezar.es\/wp-content\/uploads\/2025\/07\/0035769-QMS-SPAES-UKAS-1.pdf\"><span class=\"w-btn-label\">ISO 9001<\/span><i class=\"material-icons\">trending_flat<\/i><\/a><\/div><\/div><\/div><div class=\"wpb_column vc_column_container us_custom_fe8181e3 has_text_color has_bg_color\"><div class=\"vc_column-inner\"><div class=\"w-iconbox iconpos_top style_default color_contrast align_center no_text no_title\"><div class=\"w-iconbox-icon\" style=\"font-size:2rem;\"><i class=\"material-icons\">picture_as_pdf<\/i><\/div><div class=\"w-iconbox-meta\"><\/div><\/div><div class=\"w-btn-wrapper align_center\"><a class=\"w-btn us-btn-style_4 us_custom_2d9ebfef icon_atright\" target=\"_blank\" href=\"https:\/\/talleresalquezar.es\/wp-content\/uploads\/2025\/07\/Talleres-Alquezar-0094-Certificado_May24-EN1090_R3-SPA.pdf\"><span class=\"w-btn-label\">UNE 1090<\/span><i class=\"material-icons\">trending_flat<\/i><\/a><\/div><\/div><\/div><\/div><\/div><\/div><\/div><\/div><\/section>\n","protected":false},"excerpt":{"rendered":"STRAT\u00c9GIE ET ENGAGEMENTSNotre strat\u00e9gie : Croissance, Innovation et Sp\u00e9cialisationChez Alquezar, nous fa\u00e7onnons l\u2019avenir avec une strat\u00e9gie solide fond\u00e9e sur la croissance durable, l\u2019expansion internationale et la sp\u00e9cialisation dans des solutions avanc\u00e9es. Nous nous concentrons sur le d\u00e9veloppement de technologies et de services de pointe qui apportent une r\u00e9elle valeur ajout\u00e9e \u00e0 nos clients et au...","protected":false},"author":1,"featured_media":0,"parent":712,"menu_order":0,"comment_status":"closed","ping_status":"closed","template":"","meta":{"footnotes":""},"class_list":["post-718","page","type-page","status-publish","hentry"],"yoast_head":"<!-- This site is optimized with the Yoast SEO plugin v27.3 - https:\/\/yoast.com\/product\/yoast-seo-wordpress\/ -->\n<title>Strat\u00e9gie et engagements | Alqu\u00e9zar<\/title>\n<meta name=\"description\" content=\"Chez Alquezar, nous fa\u00e7onnons l\u2019avenir avec une strat\u00e9gie solide fond\u00e9e sur la croissance durable, l\u2019expansion internationale et la sp\u00e9cialisation dans des\u2026\" \/>\n<meta name=\"robots\" content=\"index, follow, max-snippet:-1, max-image-preview:large, max-video-preview:-1\" \/>\n<link rel=\"canonical\" href=\"https:\/\/talleresalquezar.es\/fr\/le-group\/strategie-et-engagements\/\" \/>\n<meta property=\"og:locale\" content=\"fr_FR\" \/>\n<meta property=\"og:type\" content=\"article\" \/>\n<meta property=\"og:title\" content=\"Strat\u00e9gie et engagements | Alqu\u00e9zar\" \/>\n<meta property=\"og:description\" content=\"Chez Alquezar, nous fa\u00e7onnons l\u2019avenir avec une strat\u00e9gie solide fond\u00e9e sur la croissance durable, l\u2019expansion internationale et la sp\u00e9cialisation dans des\u2026\" \/>\n<meta property=\"og:url\" content=\"https:\/\/talleresalquezar.es\/fr\/le-group\/strategie-et-engagements\/\" \/>\n<meta property=\"og:site_name\" content=\"Talleres Alqu\u00e9zar\" \/>\n<meta property=\"article:modified_time\" content=\"2026-02-09T17:58:40+00:00\" \/>\n<meta property=\"og:image\" content=\"https:\/\/talleresalquezar.es\/wp-content\/uploads\/2025\/07\/Lofotipo-talleres-alquezar-zaragoza-cintasa.png\" \/>\n\t<meta property=\"og:image:width\" content=\"400\" \/>\n\t<meta property=\"og:image:height\" content=\"84\" \/>\n\t<meta property=\"og:image:type\" content=\"image\/png\" \/>\n<meta name=\"twitter:card\" content=\"summary_large_image\" \/>\n<meta name=\"twitter:label1\" content=\"Dur\u00e9e de lecture estim\u00e9e\" \/>\n\t<meta name=\"twitter:data1\" content=\"3 minutes\" \/>\n<script type=\"application\/ld+json\" class=\"yoast-schema-graph\">{\"@context\":\"https:\\\/\\\/schema.org\",\"@graph\":[{\"@type\":\"WebPage\",\"@id\":\"https:\\\/\\\/talleresalquezar.es\\\/fr\\\/le-group\\\/strategie-et-engagements\\\/\",\"url\":\"https:\\\/\\\/talleresalquezar.es\\\/fr\\\/le-group\\\/strategie-et-engagements\\\/\",\"name\":\"Strat\u00e9gie et engagements | Alqu\u00e9zar\",\"isPartOf\":{\"@id\":\"https:\\\/\\\/talleresalquezar.es\\\/fr\\\/#website\"},\"datePublished\":\"2025-07-14T14:48:47+00:00\",\"dateModified\":\"2026-02-09T17:58:40+00:00\",\"description\":\"Chez Alquezar, nous fa\u00e7onnons l\u2019avenir avec une strat\u00e9gie solide fond\u00e9e sur la croissance durable, l\u2019expansion internationale et la sp\u00e9cialisation dans des\u2026\",\"breadcrumb\":{\"@id\":\"https:\\\/\\\/talleresalquezar.es\\\/fr\\\/le-group\\\/strategie-et-engagements\\\/#breadcrumb\"},\"inLanguage\":\"fr-FR\",\"potentialAction\":[{\"@type\":\"ReadAction\",\"target\":[\"https:\\\/\\\/talleresalquezar.es\\\/fr\\\/le-group\\\/strategie-et-engagements\\\/\"]}]},{\"@type\":\"BreadcrumbList\",\"@id\":\"https:\\\/\\\/talleresalquezar.es\\\/fr\\\/le-group\\\/strategie-et-engagements\\\/#breadcrumb\",\"itemListElement\":[{\"@type\":\"ListItem\",\"position\":1,\"name\":\"Portada\",\"item\":\"https:\\\/\\\/talleresalquezar.es\\\/fr\\\/\"},{\"@type\":\"ListItem\",\"position\":2,\"name\":\"Le Group\",\"item\":\"https:\\\/\\\/talleresalquezar.es\\\/fr\\\/corporativo\\\/\"},{\"@type\":\"ListItem\",\"position\":3,\"name\":\"Strat\u00e9gie et engagements\"}]},{\"@type\":\"WebSite\",\"@id\":\"https:\\\/\\\/talleresalquezar.es\\\/fr\\\/#website\",\"url\":\"https:\\\/\\\/talleresalquezar.es\\\/fr\\\/\",\"name\":\"Talleres\u202fAlqu\u00e9zar\",\"description\":\"Talleres\u202fAlqu\u00e9zar dise\u00f1a y fabrica plantas llave en mano para hormig\u00f3n, \u00e1ridos, mortero y reciclaje, con m\u00e1s de 60\u202fa\u00f1os de experiencia en Zaragoza y presencia internacional.\",\"publisher\":{\"@id\":\"https:\\\/\\\/talleresalquezar.es\\\/fr\\\/#organization\"},\"alternateName\":\"Talleres Alquezar Zaragoza\",\"potentialAction\":[{\"@type\":\"SearchAction\",\"target\":{\"@type\":\"EntryPoint\",\"urlTemplate\":\"https:\\\/\\\/talleresalquezar.es\\\/fr\\\/?s={search_term_string}\"},\"query-input\":{\"@type\":\"PropertyValueSpecification\",\"valueRequired\":true,\"valueName\":\"search_term_string\"}}],\"inLanguage\":\"fr-FR\"},{\"@type\":\"Organization\",\"@id\":\"https:\\\/\\\/talleresalquezar.es\\\/fr\\\/#organization\",\"name\":\"Talleres\u202fAlqu\u00e9zar\",\"alternateName\":\"Talleres\u202fAlqu\u00e9zar Zaragoza\",\"url\":\"https:\\\/\\\/talleresalquezar.es\\\/fr\\\/\",\"logo\":{\"@type\":\"ImageObject\",\"inLanguage\":\"fr-FR\",\"@id\":\"https:\\\/\\\/talleresalquezar.es\\\/fr\\\/#\\\/schema\\\/logo\\\/image\\\/\",\"url\":\"https:\\\/\\\/talleresalquezar.es\\\/wp-content\\\/uploads\\\/2025\\\/07\\\/Lofotipo-talleres-alquezar-zaragoza-cintasa.png\",\"contentUrl\":\"https:\\\/\\\/talleresalquezar.es\\\/wp-content\\\/uploads\\\/2025\\\/07\\\/Lofotipo-talleres-alquezar-zaragoza-cintasa.png\",\"width\":400,\"height\":84,\"caption\":\"Talleres\u202fAlqu\u00e9zar\"},\"image\":{\"@id\":\"https:\\\/\\\/talleresalquezar.es\\\/fr\\\/#\\\/schema\\\/logo\\\/image\\\/\"}}]}<\/script>\n<!-- \/ Yoast SEO plugin. -->","yoast_head_json":{"title":"Strat\u00e9gie et engagements | Alqu\u00e9zar","description":"Chez Alquezar, nous fa\u00e7onnons l\u2019avenir avec une strat\u00e9gie solide fond\u00e9e sur la croissance durable, l\u2019expansion internationale et la sp\u00e9cialisation dans des\u2026","robots":{"index":"index","follow":"follow","max-snippet":"max-snippet:-1","max-image-preview":"max-image-preview:large","max-video-preview":"max-video-preview:-1"},"canonical":"https:\/\/talleresalquezar.es\/fr\/le-group\/strategie-et-engagements\/","og_locale":"fr_FR","og_type":"article","og_title":"Strat\u00e9gie et engagements | Alqu\u00e9zar","og_description":"Chez Alquezar, nous fa\u00e7onnons l\u2019avenir avec une strat\u00e9gie solide fond\u00e9e sur la croissance durable, l\u2019expansion internationale et la sp\u00e9cialisation dans des\u2026","og_url":"https:\/\/talleresalquezar.es\/fr\/le-group\/strategie-et-engagements\/","og_site_name":"Talleres Alqu\u00e9zar","article_modified_time":"2026-02-09T17:58:40+00:00","og_image":[{"width":400,"height":84,"url":"https:\/\/talleresalquezar.es\/wp-content\/uploads\/2025\/07\/Lofotipo-talleres-alquezar-zaragoza-cintasa.png","type":"image\/png"}],"twitter_card":"summary_large_image","twitter_misc":{"Dur\u00e9e de lecture estim\u00e9e":"3 minutes"},"schema":{"@context":"https:\/\/schema.org","@graph":[{"@type":"WebPage","@id":"https:\/\/talleresalquezar.es\/fr\/le-group\/strategie-et-engagements\/","url":"https:\/\/talleresalquezar.es\/fr\/le-group\/strategie-et-engagements\/","name":"Strat\u00e9gie et engagements | Alqu\u00e9zar","isPartOf":{"@id":"https:\/\/talleresalquezar.es\/fr\/#website"},"datePublished":"2025-07-14T14:48:47+00:00","dateModified":"2026-02-09T17:58:40+00:00","description":"Chez Alquezar, nous fa\u00e7onnons l\u2019avenir avec une strat\u00e9gie solide fond\u00e9e sur la croissance durable, l\u2019expansion internationale et la sp\u00e9cialisation dans des\u2026","breadcrumb":{"@id":"https:\/\/talleresalquezar.es\/fr\/le-group\/strategie-et-engagements\/#breadcrumb"},"inLanguage":"fr-FR","potentialAction":[{"@type":"ReadAction","target":["https:\/\/talleresalquezar.es\/fr\/le-group\/strategie-et-engagements\/"]}]},{"@type":"BreadcrumbList","@id":"https:\/\/talleresalquezar.es\/fr\/le-group\/strategie-et-engagements\/#breadcrumb","itemListElement":[{"@type":"ListItem","position":1,"name":"Portada","item":"https:\/\/talleresalquezar.es\/fr\/"},{"@type":"ListItem","position":2,"name":"Le Group","item":"https:\/\/talleresalquezar.es\/fr\/corporativo\/"},{"@type":"ListItem","position":3,"name":"Strat\u00e9gie et engagements"}]},{"@type":"WebSite","@id":"https:\/\/talleresalquezar.es\/fr\/#website","url":"https:\/\/talleresalquezar.es\/fr\/","name":"Talleres\u202fAlqu\u00e9zar","description":"Talleres\u202fAlqu\u00e9zar dise\u00f1a y fabrica plantas llave en mano para hormig\u00f3n, \u00e1ridos, mortero y reciclaje, con m\u00e1s de 60\u202fa\u00f1os de experiencia en Zaragoza y presencia internacional.","publisher":{"@id":"https:\/\/talleresalquezar.es\/fr\/#organization"},"alternateName":"Talleres Alquezar Zaragoza","potentialAction":[{"@type":"SearchAction","target":{"@type":"EntryPoint","urlTemplate":"https:\/\/talleresalquezar.es\/fr\/?s={search_term_string}"},"query-input":{"@type":"PropertyValueSpecification","valueRequired":true,"valueName":"search_term_string"}}],"inLanguage":"fr-FR"},{"@type":"Organization","@id":"https:\/\/talleresalquezar.es\/fr\/#organization","name":"Talleres\u202fAlqu\u00e9zar","alternateName":"Talleres\u202fAlqu\u00e9zar Zaragoza","url":"https:\/\/talleresalquezar.es\/fr\/","logo":{"@type":"ImageObject","inLanguage":"fr-FR","@id":"https:\/\/talleresalquezar.es\/fr\/#\/schema\/logo\/image\/","url":"https:\/\/talleresalquezar.es\/wp-content\/uploads\/2025\/07\/Lofotipo-talleres-alquezar-zaragoza-cintasa.png","contentUrl":"https:\/\/talleresalquezar.es\/wp-content\/uploads\/2025\/07\/Lofotipo-talleres-alquezar-zaragoza-cintasa.png","width":400,"height":84,"caption":"Talleres\u202fAlqu\u00e9zar"},"image":{"@id":"https:\/\/talleresalquezar.es\/fr\/#\/schema\/logo\/image\/"}}]}},"_links":{"self":[{"href":"https:\/\/talleresalquezar.es\/fr\/wp-json\/wp\/v2\/pages\/718","targetHints":{"allow":["GET"]}}],"collection":[{"href":"https:\/\/talleresalquezar.es\/fr\/wp-json\/wp\/v2\/pages"}],"about":[{"href":"https:\/\/talleresalquezar.es\/fr\/wp-json\/wp\/v2\/types\/page"}],"author":[{"embeddable":true,"href":"https:\/\/talleresalquezar.es\/fr\/wp-json\/wp\/v2\/users\/1"}],"replies":[{"embeddable":true,"href":"https:\/\/talleresalquezar.es\/fr\/wp-json\/wp\/v2\/comments?post=718"}],"version-history":[{"count":3,"href":"https:\/\/talleresalquezar.es\/fr\/wp-json\/wp\/v2\/pages\/718\/revisions"}],"predecessor-version":[{"id":1193,"href":"https:\/\/talleresalquezar.es\/fr\/wp-json\/wp\/v2\/pages\/718\/revisions\/1193"}],"up":[{"embeddable":true,"href":"https:\/\/talleresalquezar.es\/fr\/wp-json\/wp\/v2\/pages\/712"}],"wp:attachment":[{"href":"https:\/\/talleresalquezar.es\/fr\/wp-json\/wp\/v2\/media?parent=718"}],"curies":[{"name":"wp","href":"https:\/\/api.w.org\/{rel}","templated":true}]}}