{"id":721,"date":"2025-07-14T16:49:12","date_gmt":"2025-07-14T14:49:12","guid":{"rendered":"https:\/\/talleresalquezar.es\/le-group\/moyens-de-production\/"},"modified":"2026-02-09T18:58:41","modified_gmt":"2026-02-09T17:58:41","slug":"moyens-de-production","status":"publish","type":"page","link":"https:\/\/talleresalquezar.es\/fr\/le-group\/moyens-de-production\/","title":{"rendered":"Moyens de production"},"content":{"rendered":"<section class=\"l-section wpb_row height_small color_primary\"><div class=\"l-section-h i-cf\"><div class=\"g-cols vc_row via_grid cols_1 laptops-cols_inherit tablets-cols_inherit mobiles-cols_1 valign_top type_default stacking_default\"><div class=\"wpb_column vc_column_container\"><div class=\"vc_column-inner\"><h1 class=\"w-text us_custom_eb849559\"><span class=\"w-text-h\"><span class=\"w-text-value\">MOYENS DE PRODUCTION<\/span><\/span><\/h1><\/div><\/div><\/div><\/div><\/section><section class=\"l-section wpb_row height_auto\"><div class=\"l-section-h i-cf\"><div class=\"g-cols vc_row via_grid cols_2 laptops-cols_inherit tablets-cols_inherit mobiles-cols_1 valign_middle type_default stacking_default\"><div class=\"wpb_column vc_column_container\"><div class=\"vc_column-inner\"><div class=\"w-separator size_medium\"><\/div><h2 class=\"w-text\"><span class=\"w-text-h\"><span class=\"w-text-value\">Processus de production<\/span><\/span><\/h2><div class=\"wpb_text_column\"><div class=\"wpb_wrapper\"><p>Notre processus de production est con\u00e7u pour garantir la plus haute qualit\u00e9 \u00e0 chaque \u00e9tape de fabrication. De la s\u00e9lection des mati\u00e8res premi\u00e8res jusqu\u2019\u00e0 la livraison, nous mettons en \u0153uvre des contr\u00f4les rigoureux et adoptons des technologies avanc\u00e9es qui nous permettent d\u2019optimiser les ressources et de minimiser l\u2019impact environnemental. Cette approche nous assure de proposer des produits conformes aux normes les plus exigeantes du secteur.<\/p>\n<\/div><\/div><div class=\"w-separator size_medium\"><\/div><\/div><\/div><div class=\"wpb_column vc_column_container stretched\"><div class=\"vc_column-inner\"><div class=\"w-image align_none\"><div class=\"w-image-h\"><img decoding=\"async\" width=\"1024\" height=\"768\" src=\"https:\/\/talleresalquezar.es\/wp-content\/uploads\/2025\/07\/Medios-Productivos-2-1024x768.jpg\" class=\"attachment-large size-large\" alt=\"Proceso Productivo\" loading=\"lazy\" srcset=\"https:\/\/talleresalquezar.es\/wp-content\/uploads\/2025\/07\/Medios-Productivos-2-1024x768.jpg 1024w, https:\/\/talleresalquezar.es\/wp-content\/uploads\/2025\/07\/Medios-Productivos-2-300x225.jpg 300w, https:\/\/talleresalquezar.es\/wp-content\/uploads\/2025\/07\/Medios-Productivos-2.jpg 1920w\" sizes=\"auto, (max-width: 1024px) 100vw, 1024px\" \/><\/div><\/div><\/div><\/div><\/div><\/div><\/section><section class=\"l-section wpb_row height_medium color_alternate\"><div class=\"l-section-h i-cf\"><div class=\"g-cols vc_row via_grid cols_2 laptops-cols_inherit tablets-cols_inherit mobiles-cols_1 valign_top type_default stacking_default\"><div class=\"wpb_column vc_column_container us_custom_836f727b has_text_color\"><div class=\"vc_column-inner\"><div class=\"w-image align_none\"><div class=\"w-image-h\"><img decoding=\"async\" width=\"1024\" height=\"682\" src=\"https:\/\/talleresalquezar.es\/wp-content\/uploads\/2025\/10\/Taller-Alquezar-1024x682.jpg\" class=\"attachment-large size-large\" alt=\"\" loading=\"lazy\" srcset=\"https:\/\/talleresalquezar.es\/wp-content\/uploads\/2025\/10\/Taller-Alquezar-1024x682.jpg 1024w, https:\/\/talleresalquezar.es\/wp-content\/uploads\/2025\/10\/Taller-Alquezar-300x200.jpg 300w, https:\/\/talleresalquezar.es\/wp-content\/uploads\/2025\/10\/Taller-Alquezar.jpg 1280w\" sizes=\"auto, (max-width: 1024px) 100vw, 1024px\" \/><\/div><\/div><\/div><\/div><div class=\"wpb_column vc_column_container\"><div class=\"vc_column-inner\"><h2 class=\"w-text\"><span class=\"w-text-h\"><span class=\"w-text-value\">Ressources humaines<\/span><\/span><\/h2><div class=\"wpb_text_column\"><div class=\"wpb_wrapper\"><p>Nous disposons d\u2019une \u00e9quipe multidisciplinaire de professionnels passionn\u00e9s et engag\u00e9s dans la recherche de l\u2019excellence. Nos ing\u00e9nieurs, techniciens et sp\u00e9cialistes apportent leur exp\u00e9rience et leur savoir-faire \u00e0 chaque projet, travaillant en synergie pour d\u00e9velopper des solutions innovantes et adapt\u00e9es aux besoins sp\u00e9cifiques de nos clients. La formation continue et le d\u00e9veloppement professionnel sont des piliers fondamentaux de notre culture d\u2019entreprise.<\/p>\n<\/div><\/div><\/div><\/div><\/div><\/div><\/section><section class=\"l-section wpb_row height_medium\"><div class=\"l-section-h i-cf\"><div class=\"g-cols vc_row via_grid cols_2 laptops-cols_inherit tablets-cols_inherit mobiles-cols_1 valign_top type_default stacking_default\" style=\"--columns-gap:20px;\"><div class=\"wpb_column vc_column_container us_custom_ddcc4fbc\"><div class=\"vc_column-overlay\" style=\"background:var(--color-alt-content-bg)\"><\/div><div class=\"vc_column-inner\"><h2 class=\"w-text\"><span class=\"w-text-h\"><span class=\"w-text-value\">Ressources techniques<\/span><\/span><\/h2><div class=\"wpb_text_column\"><div class=\"wpb_wrapper\"><p>Chez Alquezar, nous investissons en permanence dans des moyens techniques de derni\u00e8re g\u00e9n\u00e9ration. Nos installations sont \u00e9quip\u00e9es de machines et d\u2019outils avanc\u00e9s qui nous permettent de r\u00e9aliser des processus de fabrication pr\u00e9cis et efficaces. Nous int\u00e9grons \u00e9galement des syst\u00e8mes d\u2019automatisation et de contr\u00f4le qui garantissent la constance et la qualit\u00e9 de nos produits, assurant ainsi la satisfaction de nos clients.<\/p>\n<p>Cette synergie entre des processus optimis\u00e9s, une \u00e9quipe humaine exceptionnelle et une technologie de pointe nous permet d\u2019offrir des solutions \u00e0 haute valeur ajout\u00e9e dans le secteur de la construction et de l\u2019ing\u00e9nierie.<\/p>\n<\/div><\/div><\/div><\/div><div class=\"wpb_column vc_column_container\"><div class=\"vc_column-inner\"><div class=\"w-image align_none\"><div class=\"w-image-h\"><img decoding=\"async\" width=\"1024\" height=\"768\" src=\"https:\/\/talleresalquezar.es\/wp-content\/uploads\/2025\/07\/Medios-Productivos-3-1024x768.jpg\" class=\"attachment-large size-large\" alt=\"Medios T\u00e9cnicos\" loading=\"lazy\" srcset=\"https:\/\/talleresalquezar.es\/wp-content\/uploads\/2025\/07\/Medios-Productivos-3-1024x768.jpg 1024w, https:\/\/talleresalquezar.es\/wp-content\/uploads\/2025\/07\/Medios-Productivos-3-300x225.jpg 300w, https:\/\/talleresalquezar.es\/wp-content\/uploads\/2025\/07\/Medios-Productivos-3.jpg 1920w\" sizes=\"auto, (max-width: 1024px) 100vw, 1024px\" \/><\/div><\/div><\/div><\/div><\/div><\/div><\/section>\n","protected":false},"excerpt":{"rendered":"MOYENS DE PRODUCTIONProcessus de productionNotre processus de production est con\u00e7u pour garantir la plus haute qualit\u00e9 \u00e0 chaque \u00e9tape de fabrication. De la s\u00e9lection des mati\u00e8res premi\u00e8res jusqu\u2019\u00e0 la livraison, nous mettons en \u0153uvre des contr\u00f4les rigoureux et adoptons des technologies avanc\u00e9es qui nous permettent d\u2019optimiser les ressources et de minimiser l\u2019impact environnemental. Cette approche...","protected":false},"author":1,"featured_media":0,"parent":712,"menu_order":0,"comment_status":"closed","ping_status":"closed","template":"","meta":{"footnotes":""},"class_list":["post-721","page","type-page","status-publish","hentry"],"yoast_head":"<!-- This site is optimized with the Yoast SEO plugin v27.3 - https:\/\/yoast.com\/product\/yoast-seo-wordpress\/ -->\n<title>Moyens de production | Alqu\u00e9zar<\/title>\n<meta name=\"description\" content=\"Notre processus de production est con\u00e7u pour garantir la plus haute qualit\u00e9 \u00e0 chaque \u00e9tape de fabrication.\" \/>\n<meta name=\"robots\" content=\"index, follow, max-snippet:-1, max-image-preview:large, max-video-preview:-1\" \/>\n<link rel=\"canonical\" href=\"https:\/\/talleresalquezar.es\/fr\/le-group\/moyens-de-production\/\" \/>\n<meta property=\"og:locale\" content=\"fr_FR\" \/>\n<meta property=\"og:type\" content=\"article\" \/>\n<meta property=\"og:title\" content=\"Moyens de production | Alqu\u00e9zar\" \/>\n<meta property=\"og:description\" content=\"Notre processus de production est con\u00e7u pour garantir la plus haute qualit\u00e9 \u00e0 chaque \u00e9tape de fabrication.\" \/>\n<meta property=\"og:url\" content=\"https:\/\/talleresalquezar.es\/fr\/le-group\/moyens-de-production\/\" \/>\n<meta property=\"og:site_name\" content=\"Talleres Alqu\u00e9zar\" \/>\n<meta property=\"article:modified_time\" content=\"2026-02-09T17:58:41+00:00\" \/>\n<meta property=\"og:image\" content=\"https:\/\/talleresalquezar.es\/wp-content\/uploads\/2025\/07\/Lofotipo-talleres-alquezar-zaragoza-cintasa.png\" \/>\n\t<meta property=\"og:image:width\" content=\"400\" \/>\n\t<meta property=\"og:image:height\" content=\"84\" \/>\n\t<meta property=\"og:image:type\" content=\"image\/png\" \/>\n<meta name=\"twitter:card\" content=\"summary_large_image\" \/>\n<meta name=\"twitter:label1\" content=\"Dur\u00e9e de lecture estim\u00e9e\" \/>\n\t<meta name=\"twitter:data1\" content=\"2 minutes\" \/>\n<script type=\"application\/ld+json\" class=\"yoast-schema-graph\">{\"@context\":\"https:\\\/\\\/schema.org\",\"@graph\":[{\"@type\":\"WebPage\",\"@id\":\"https:\\\/\\\/talleresalquezar.es\\\/fr\\\/le-group\\\/moyens-de-production\\\/\",\"url\":\"https:\\\/\\\/talleresalquezar.es\\\/fr\\\/le-group\\\/moyens-de-production\\\/\",\"name\":\"Moyens de production | Alqu\u00e9zar\",\"isPartOf\":{\"@id\":\"https:\\\/\\\/talleresalquezar.es\\\/fr\\\/#website\"},\"datePublished\":\"2025-07-14T14:49:12+00:00\",\"dateModified\":\"2026-02-09T17:58:41+00:00\",\"description\":\"Notre processus de production est con\u00e7u pour garantir la plus haute qualit\u00e9 \u00e0 chaque \u00e9tape de fabrication.\",\"breadcrumb\":{\"@id\":\"https:\\\/\\\/talleresalquezar.es\\\/fr\\\/le-group\\\/moyens-de-production\\\/#breadcrumb\"},\"inLanguage\":\"fr-FR\",\"potentialAction\":[{\"@type\":\"ReadAction\",\"target\":[\"https:\\\/\\\/talleresalquezar.es\\\/fr\\\/le-group\\\/moyens-de-production\\\/\"]}]},{\"@type\":\"BreadcrumbList\",\"@id\":\"https:\\\/\\\/talleresalquezar.es\\\/fr\\\/le-group\\\/moyens-de-production\\\/#breadcrumb\",\"itemListElement\":[{\"@type\":\"ListItem\",\"position\":1,\"name\":\"Portada\",\"item\":\"https:\\\/\\\/talleresalquezar.es\\\/fr\\\/\"},{\"@type\":\"ListItem\",\"position\":2,\"name\":\"Le Group\",\"item\":\"https:\\\/\\\/talleresalquezar.es\\\/fr\\\/corporativo\\\/\"},{\"@type\":\"ListItem\",\"position\":3,\"name\":\"Moyens de production\"}]},{\"@type\":\"WebSite\",\"@id\":\"https:\\\/\\\/talleresalquezar.es\\\/fr\\\/#website\",\"url\":\"https:\\\/\\\/talleresalquezar.es\\\/fr\\\/\",\"name\":\"Talleres\u202fAlqu\u00e9zar\",\"description\":\"Talleres\u202fAlqu\u00e9zar dise\u00f1a y fabrica plantas llave en mano para hormig\u00f3n, \u00e1ridos, mortero y reciclaje, con m\u00e1s de 60\u202fa\u00f1os de experiencia en Zaragoza y presencia internacional.\",\"publisher\":{\"@id\":\"https:\\\/\\\/talleresalquezar.es\\\/fr\\\/#organization\"},\"alternateName\":\"Talleres Alquezar Zaragoza\",\"potentialAction\":[{\"@type\":\"SearchAction\",\"target\":{\"@type\":\"EntryPoint\",\"urlTemplate\":\"https:\\\/\\\/talleresalquezar.es\\\/fr\\\/?s={search_term_string}\"},\"query-input\":{\"@type\":\"PropertyValueSpecification\",\"valueRequired\":true,\"valueName\":\"search_term_string\"}}],\"inLanguage\":\"fr-FR\"},{\"@type\":\"Organization\",\"@id\":\"https:\\\/\\\/talleresalquezar.es\\\/fr\\\/#organization\",\"name\":\"Talleres\u202fAlqu\u00e9zar\",\"alternateName\":\"Talleres\u202fAlqu\u00e9zar Zaragoza\",\"url\":\"https:\\\/\\\/talleresalquezar.es\\\/fr\\\/\",\"logo\":{\"@type\":\"ImageObject\",\"inLanguage\":\"fr-FR\",\"@id\":\"https:\\\/\\\/talleresalquezar.es\\\/fr\\\/#\\\/schema\\\/logo\\\/image\\\/\",\"url\":\"https:\\\/\\\/talleresalquezar.es\\\/wp-content\\\/uploads\\\/2025\\\/07\\\/Lofotipo-talleres-alquezar-zaragoza-cintasa.png\",\"contentUrl\":\"https:\\\/\\\/talleresalquezar.es\\\/wp-content\\\/uploads\\\/2025\\\/07\\\/Lofotipo-talleres-alquezar-zaragoza-cintasa.png\",\"width\":400,\"height\":84,\"caption\":\"Talleres\u202fAlqu\u00e9zar\"},\"image\":{\"@id\":\"https:\\\/\\\/talleresalquezar.es\\\/fr\\\/#\\\/schema\\\/logo\\\/image\\\/\"}}]}<\/script>\n<!-- \/ Yoast SEO plugin. -->","yoast_head_json":{"title":"Moyens de production | Alqu\u00e9zar","description":"Notre processus de production est con\u00e7u pour garantir la plus haute qualit\u00e9 \u00e0 chaque \u00e9tape de fabrication.","robots":{"index":"index","follow":"follow","max-snippet":"max-snippet:-1","max-image-preview":"max-image-preview:large","max-video-preview":"max-video-preview:-1"},"canonical":"https:\/\/talleresalquezar.es\/fr\/le-group\/moyens-de-production\/","og_locale":"fr_FR","og_type":"article","og_title":"Moyens de production | Alqu\u00e9zar","og_description":"Notre processus de production est con\u00e7u pour garantir la plus haute qualit\u00e9 \u00e0 chaque \u00e9tape de fabrication.","og_url":"https:\/\/talleresalquezar.es\/fr\/le-group\/moyens-de-production\/","og_site_name":"Talleres Alqu\u00e9zar","article_modified_time":"2026-02-09T17:58:41+00:00","og_image":[{"width":400,"height":84,"url":"https:\/\/talleresalquezar.es\/wp-content\/uploads\/2025\/07\/Lofotipo-talleres-alquezar-zaragoza-cintasa.png","type":"image\/png"}],"twitter_card":"summary_large_image","twitter_misc":{"Dur\u00e9e de lecture estim\u00e9e":"2 minutes"},"schema":{"@context":"https:\/\/schema.org","@graph":[{"@type":"WebPage","@id":"https:\/\/talleresalquezar.es\/fr\/le-group\/moyens-de-production\/","url":"https:\/\/talleresalquezar.es\/fr\/le-group\/moyens-de-production\/","name":"Moyens de production | Alqu\u00e9zar","isPartOf":{"@id":"https:\/\/talleresalquezar.es\/fr\/#website"},"datePublished":"2025-07-14T14:49:12+00:00","dateModified":"2026-02-09T17:58:41+00:00","description":"Notre processus de production est con\u00e7u pour garantir la plus haute qualit\u00e9 \u00e0 chaque \u00e9tape de fabrication.","breadcrumb":{"@id":"https:\/\/talleresalquezar.es\/fr\/le-group\/moyens-de-production\/#breadcrumb"},"inLanguage":"fr-FR","potentialAction":[{"@type":"ReadAction","target":["https:\/\/talleresalquezar.es\/fr\/le-group\/moyens-de-production\/"]}]},{"@type":"BreadcrumbList","@id":"https:\/\/talleresalquezar.es\/fr\/le-group\/moyens-de-production\/#breadcrumb","itemListElement":[{"@type":"ListItem","position":1,"name":"Portada","item":"https:\/\/talleresalquezar.es\/fr\/"},{"@type":"ListItem","position":2,"name":"Le Group","item":"https:\/\/talleresalquezar.es\/fr\/corporativo\/"},{"@type":"ListItem","position":3,"name":"Moyens de production"}]},{"@type":"WebSite","@id":"https:\/\/talleresalquezar.es\/fr\/#website","url":"https:\/\/talleresalquezar.es\/fr\/","name":"Talleres\u202fAlqu\u00e9zar","description":"Talleres\u202fAlqu\u00e9zar dise\u00f1a y fabrica plantas llave en mano para hormig\u00f3n, \u00e1ridos, mortero y reciclaje, con m\u00e1s de 60\u202fa\u00f1os de experiencia en Zaragoza y presencia internacional.","publisher":{"@id":"https:\/\/talleresalquezar.es\/fr\/#organization"},"alternateName":"Talleres Alquezar Zaragoza","potentialAction":[{"@type":"SearchAction","target":{"@type":"EntryPoint","urlTemplate":"https:\/\/talleresalquezar.es\/fr\/?s={search_term_string}"},"query-input":{"@type":"PropertyValueSpecification","valueRequired":true,"valueName":"search_term_string"}}],"inLanguage":"fr-FR"},{"@type":"Organization","@id":"https:\/\/talleresalquezar.es\/fr\/#organization","name":"Talleres\u202fAlqu\u00e9zar","alternateName":"Talleres\u202fAlqu\u00e9zar Zaragoza","url":"https:\/\/talleresalquezar.es\/fr\/","logo":{"@type":"ImageObject","inLanguage":"fr-FR","@id":"https:\/\/talleresalquezar.es\/fr\/#\/schema\/logo\/image\/","url":"https:\/\/talleresalquezar.es\/wp-content\/uploads\/2025\/07\/Lofotipo-talleres-alquezar-zaragoza-cintasa.png","contentUrl":"https:\/\/talleresalquezar.es\/wp-content\/uploads\/2025\/07\/Lofotipo-talleres-alquezar-zaragoza-cintasa.png","width":400,"height":84,"caption":"Talleres\u202fAlqu\u00e9zar"},"image":{"@id":"https:\/\/talleresalquezar.es\/fr\/#\/schema\/logo\/image\/"}}]}},"_links":{"self":[{"href":"https:\/\/talleresalquezar.es\/fr\/wp-json\/wp\/v2\/pages\/721","targetHints":{"allow":["GET"]}}],"collection":[{"href":"https:\/\/talleresalquezar.es\/fr\/wp-json\/wp\/v2\/pages"}],"about":[{"href":"https:\/\/talleresalquezar.es\/fr\/wp-json\/wp\/v2\/types\/page"}],"author":[{"embeddable":true,"href":"https:\/\/talleresalquezar.es\/fr\/wp-json\/wp\/v2\/users\/1"}],"replies":[{"embeddable":true,"href":"https:\/\/talleresalquezar.es\/fr\/wp-json\/wp\/v2\/comments?post=721"}],"version-history":[{"count":10,"href":"https:\/\/talleresalquezar.es\/fr\/wp-json\/wp\/v2\/pages\/721\/revisions"}],"predecessor-version":[{"id":1194,"href":"https:\/\/talleresalquezar.es\/fr\/wp-json\/wp\/v2\/pages\/721\/revisions\/1194"}],"up":[{"embeddable":true,"href":"https:\/\/talleresalquezar.es\/fr\/wp-json\/wp\/v2\/pages\/712"}],"wp:attachment":[{"href":"https:\/\/talleresalquezar.es\/fr\/wp-json\/wp\/v2\/media?parent=721"}],"curies":[{"name":"wp","href":"https:\/\/api.w.org\/{rel}","templated":true}]}}