{"id":731,"date":"2025-07-14T16:51:45","date_gmt":"2025-07-14T14:51:45","guid":{"rendered":"https:\/\/talleresalquezar.es\/services\/service-apres-vente\/"},"modified":"2026-02-09T18:58:41","modified_gmt":"2026-02-09T17:58:41","slug":"service-apres-vente","status":"publish","type":"page","link":"https:\/\/talleresalquezar.es\/fr\/services\/service-apres-vente\/","title":{"rendered":"Service apr\u00e8s-vente"},"content":{"rendered":"<section class=\"l-section wpb_row height_small color_primary\"><div class=\"l-section-h i-cf\"><div class=\"g-cols vc_row via_grid cols_1 laptops-cols_inherit tablets-cols_inherit mobiles-cols_1 valign_top type_default stacking_default\"><div class=\"wpb_column vc_column_container\"><div class=\"vc_column-inner\"><h1 class=\"w-text us_custom_eb849559\"><span class=\"w-text-h\"><span class=\"w-text-value\">SERVICE APR\u00c8S-VENTE<\/span><\/span><\/h1><\/div><\/div><\/div><\/div><\/section><section class=\"l-section wpb_row us_custom_eb849559 height_medium width_custom color_alternate\" style=\"--site-content-width:970px;\"><div class=\"l-section-h i-cf\"><div class=\"g-cols vc_row via_grid cols_1 laptops-cols_inherit tablets-cols_inherit mobiles-cols_1 valign_middle type_default stacking_default\"><div class=\"wpb_column vc_column_container\"><div class=\"vc_column-inner\"><div class=\"w-separator size_medium\"><\/div><h2 class=\"w-text\"><span class=\"w-text-h\"><span class=\"w-text-value\">Service apr\u00e8s-vente : Maintenance et Assistance Technique pour une Performance Optimale<\/span><\/span><\/h2><div class=\"wpb_text_column\"><div class=\"wpb_wrapper\"><p>Chez Alquezar<strong>,<\/strong> nous comprenons que la productivit\u00e9 de nos clients d\u00e9pend du bon <strong>fonctionnement continu de leurs \u00e9quipements<\/strong>. C\u2019est pourquoi nous proposons un <strong>service apr\u00e8s-vente<\/strong> <strong>complet,<\/strong> con\u00e7u pour garantir une efficacit\u00e9 maximale, r\u00e9duire les temps d\u2019arr\u00eat et prolonger la dur\u00e9e de vie de chaque installation.<\/p>\n<\/div><\/div><\/div><\/div><\/div><\/div><\/section><section class=\"l-section wpb_row height_medium\"><div class=\"l-section-h i-cf\"><div class=\"g-cols vc_row via_grid cols_1 laptops-cols_inherit tablets-cols_inherit mobiles-cols_1 valign_top type_default stacking_default\"><div class=\"wpb_column vc_column_container us_custom_eb849559\"><div class=\"vc_column-inner\"><h2 class=\"w-text\"><span class=\"w-text-h\"><span class=\"w-text-value\">Maintenance pr\u00e9ventive et corrective<\/span><\/span><\/h2><div class=\"wpb_text_column\"><div class=\"wpb_wrapper\"><p>La pr\u00e9vention est essentielle pour \u00e9viter les pannes impr\u00e9vues et les arr\u00eats co\u00fbteux. Notre service de maintenance comprend:<\/p>\n<\/div><\/div><div class=\"w-separator size_small\"><\/div><div class=\"g-cols wpb_row us_custom_836f727b has_text_color via_grid cols_2 laptops-cols_inherit tablets-cols_inherit mobiles-cols_1 valign_top type_default stacking_default\" style=\"--columns-gap:3rem;\"><div class=\"wpb_column vc_column_container us_custom_c70c97eb has_bg_color\"><div class=\"vc_column-inner\"><h3 class=\"w-text\"><span class=\"w-text-h\"><span class=\"w-text-value\">Maintenance pr\u00e9ventive<\/span><\/span><\/h3><div class=\"wpb_text_column\"><div class=\"wpb_wrapper\"><p>Inspections p\u00e9riodiques et r\u00e9visions programm\u00e9es pour d\u00e9tecter et r\u00e9soudre les \u00e9ventuels dysfonctionnements avant qu\u2019ils ne deviennent critiques.<\/p>\n<\/div><\/div><\/div><\/div><div class=\"wpb_column vc_column_container us_custom_c70c97eb has_bg_color\"><div class=\"vc_column-inner\"><h3 class=\"w-text\"><span class=\"w-text-h\"><span class=\"w-text-value\">Maintenance corrective<\/span><\/span><\/h3><div class=\"wpb_text_column\"><div class=\"wpb_wrapper\"><p>\u00b7 R\u00e9parations rapides et efficaces pour r\u00e9soudre toute d\u00e9faillance et r\u00e9tablir un fonctionnement optimal dans les plus brefs d\u00e9lais.<\/p>\n<\/div><\/div><\/div><\/div><\/div><\/div><\/div><\/div><\/div><\/section><section class=\"l-section wpb_row height_medium color_alternate\"><div class=\"l-section-h i-cf\"><div class=\"g-cols vc_row via_grid cols_2 laptops-cols_inherit tablets-cols_inherit mobiles-cols_1 valign_top type_default stacking_default\"><div class=\"wpb_column vc_column_container\"><div class=\"vc_column-inner\"><h2 class=\"w-text\"><span class=\"w-text-h\"><span class=\"w-text-value\">Assistance technique sp\u00e9cialis\u00e9e<\/span><\/span><\/h2><div class=\"wpb_text_column\"><div class=\"wpb_wrapper\"><p>Notre \u00e9quipe de techniciens hautement qualifi\u00e9s est disponible pour fournir un s<strong>upport rapide et efficace<\/strong> selon les besoins. Gr\u00e2ce \u00e0 l\u2019utilisation de technologies avanc\u00e9es et d\u2019outils de diagnostic, nous assurons :<\/p>\n<\/div><\/div><\/div><\/div><div class=\"wpb_column vc_column_container\"><div class=\"vc_column-inner\"><div class=\"g-cols wpb_row via_grid cols_1 laptops-cols_inherit tablets-cols_inherit mobiles-cols_1 valign_top type_default stacking_default\" style=\"--columns-gap:0.8rem;\"><div class=\"wpb_column vc_column_container\"><div class=\"vc_column-inner\"><div class=\"w-hwrapper valign_top align_none\" style=\"--hwrapper-gap:0.8rem\"><div class=\"w-iconbox iconpos_top style_default color_secondary align_left no_text no_title\"><div class=\"w-iconbox-icon\" style=\"font-size:30px;\"><i class=\"material-icons\">check_circle<\/i><\/div><div class=\"w-iconbox-meta\"><\/div><\/div><div class=\"wpb_text_column\"><div class=\"wpb_wrapper\"><p><strong>Une r\u00e9solution rapide des incidents,<\/strong> r\u00e9duisant les arr\u00eats impr\u00e9vus.<\/p>\n<\/div><\/div><\/div><\/div><\/div><div class=\"wpb_column vc_column_container\"><div class=\"vc_column-inner\"><div class=\"w-hwrapper valign_top align_none\" style=\"--hwrapper-gap:0.8rem\"><div class=\"w-iconbox iconpos_top style_default color_secondary align_left no_text no_title\"><div class=\"w-iconbox-icon\" style=\"font-size:30px;\"><i class=\"material-icons\">check_circle<\/i><\/div><div class=\"w-iconbox-meta\"><\/div><\/div><div class=\"wpb_text_column\"><div class=\"wpb_wrapper\"><p><strong>Une assistance \u00e0 distance ou sur site,<\/strong> selon l\u2019urgence du probl\u00e8me.<\/p>\n<\/div><\/div><\/div><\/div><\/div><div class=\"wpb_column vc_column_container\"><div class=\"vc_column-inner\"><div class=\"w-hwrapper valign_top align_none\" style=\"--hwrapper-gap:0.8rem\"><div class=\"w-iconbox iconpos_top style_default color_secondary align_left no_text no_title\"><div class=\"w-iconbox-icon\" style=\"font-size:30px;\"><i class=\"material-icons\">check_circle<\/i><\/div><div class=\"w-iconbox-meta\"><\/div><\/div><div class=\"wpb_text_column\"><div class=\"wpb_wrapper\"><p><strong>Un support partout dans le monde<\/strong>, garantissant la continuit\u00e9 des op\u00e9rations \u00e0 tout moment.<\/p>\n<\/div><\/div><\/div><\/div><\/div><\/div><\/div><\/div><\/div><\/div><\/section><section class=\"l-section wpb_row height_medium\"><div class=\"l-section-h i-cf\"><div class=\"g-cols vc_row via_grid cols_2 laptops-cols_inherit tablets-cols_inherit mobiles-cols_1 valign_top type_default stacking_default\"><div class=\"wpb_column vc_column_container us_custom_a9be633b has_bg_color\"><div class=\"vc_column-inner\"><h2 class=\"w-text\"><span class=\"w-text-h\"><span class=\"w-text-value\">Fourniture de pi\u00e8ces de rechange et pi\u00e8ces d\u2019usure<\/span><\/span><\/h2><div class=\"wpb_text_column\"><div class=\"wpb_wrapper\"><p>Nous savons combien il est important de disposer rapidement de<strong> pi\u00e8ces de rechange de qualit\u00e9<\/strong>. C\u2019est pourquoi Alquezar offre un syst\u00e8me d\u2019approvisionnement efficace qui garantit :<\/p>\n<\/div><\/div><div class=\"g-cols wpb_row via_grid cols_1 laptops-cols_inherit tablets-cols_inherit mobiles-cols_1 valign_top type_default stacking_default\" style=\"--columns-gap:0.8rem;\"><div class=\"wpb_column vc_column_container\"><div class=\"vc_column-inner\"><div class=\"w-separator size_small\"><\/div><div class=\"w-hwrapper valign_top align_none\" style=\"--hwrapper-gap:0.8rem\"><div class=\"w-iconbox iconpos_top style_default color_secondary align_left no_text no_title\"><div class=\"w-iconbox-icon\" style=\"font-size:30px;\"><i class=\"material-icons\">check_circle<\/i><\/div><div class=\"w-iconbox-meta\"><\/div><\/div><div class=\"wpb_text_column\"><div class=\"wpb_wrapper\"><p><strong>Une r\u00e9solution rapide des incidents,<\/strong> r\u00e9duisant les arr\u00eats impr\u00e9vus.<\/p>\n<\/div><\/div><\/div><\/div><\/div><div class=\"wpb_column vc_column_container\"><div class=\"vc_column-inner\"><div class=\"w-hwrapper valign_top align_none\" style=\"--hwrapper-gap:0.8rem\"><div class=\"w-iconbox iconpos_top style_default color_secondary align_left no_text no_title\"><div class=\"w-iconbox-icon\" style=\"font-size:30px;\"><i class=\"material-icons\">check_circle<\/i><\/div><div class=\"w-iconbox-meta\"><\/div><\/div><div class=\"wpb_text_column\"><div class=\"wpb_wrapper\"><p><strong>Une assistance \u00e0 distance ou sur site,<\/strong> selon l\u2019urgence du probl\u00e8me.<\/p>\n<\/div><\/div><\/div><\/div><\/div><div class=\"wpb_column vc_column_container\"><div class=\"vc_column-inner\"><div class=\"w-hwrapper valign_top align_none\" style=\"--hwrapper-gap:0.8rem\"><div class=\"w-iconbox iconpos_top style_default color_secondary align_left no_text no_title\"><div class=\"w-iconbox-icon\" style=\"font-size:30px;\"><i class=\"material-icons\">check_circle<\/i><\/div><div class=\"w-iconbox-meta\"><\/div><\/div><div class=\"wpb_text_column\"><div class=\"wpb_wrapper\"><p><strong>Un support partout dans le monde<\/strong>, garantissant la continuit\u00e9 des op\u00e9rations \u00e0 tout moment.<\/p>\n<\/div><\/div><\/div><\/div><\/div><\/div><\/div><\/div><div class=\"wpb_column vc_column_container us_custom_315b8835 has_bg_color\"><div class=\"vc_column-inner\"><h2 class=\"w-text\"><span class=\"w-text-h\"><span class=\"w-text-value\">Un engagement envers l\u2019efficacit\u00e9 et la tranquillit\u00e9 d\u2019esprit de nos clients<\/span><\/span><\/h2><div class=\"wpb_text_column\"><div class=\"wpb_wrapper\"><p>Notre mission ne s\u2019arr\u00eate pas \u00e0 la vente d\u2019un \u00e9quipement. Nous veillons \u00e0 ce que chaque machine, installation ou structure fonctionne \u00e0 son plein potentiel tout au long de sa dur\u00e9e de vie.<\/p>\n<p><strong>Chez Alquezar, plus qu\u2019un service apr\u00e8s-vente, nous offrons une garantie de performance, d\u2019efficacit\u00e9 et de s\u00e9curit\u00e9 pour votre activit\u00e9.<\/strong><\/p>\n<\/div><\/div><\/div><\/div><\/div><\/div><\/section>\n","protected":false},"excerpt":{"rendered":"SERVICE APR\u00c8S-VENTEService apr\u00e8s-vente : Maintenance et Assistance Technique pour une Performance OptimaleChez Alquezar, nous comprenons que la productivit\u00e9 de nos clients d\u00e9pend du bon fonctionnement continu de leurs \u00e9quipements. C\u2019est pourquoi nous proposons un service apr\u00e8s-vente complet, con\u00e7u pour garantir une efficacit\u00e9 maximale, r\u00e9duire les temps d\u2019arr\u00eat et prolonger la dur\u00e9e de vie de chaque...","protected":false},"author":1,"featured_media":0,"parent":724,"menu_order":0,"comment_status":"closed","ping_status":"closed","template":"","meta":{"footnotes":""},"class_list":["post-731","page","type-page","status-publish","hentry"],"yoast_head":"<!-- This site is optimized with the Yoast SEO plugin v27.3 - https:\/\/yoast.com\/product\/yoast-seo-wordpress\/ -->\n<title>Service apr\u00e8s-vente | Alqu\u00e9zar<\/title>\n<meta name=\"description\" content=\"Services complets d\u2019Alqu\u00e9zar : ing\u00e9nierie, fabrication, montage et mise en service, avec assistance technique et service apr\u00e8s-vente.\" \/>\n<meta name=\"robots\" content=\"index, follow, max-snippet:-1, max-image-preview:large, max-video-preview:-1\" \/>\n<link rel=\"canonical\" href=\"https:\/\/talleresalquezar.es\/fr\/services\/service-apres-vente\/\" \/>\n<meta property=\"og:locale\" content=\"fr_FR\" \/>\n<meta property=\"og:type\" content=\"article\" \/>\n<meta property=\"og:title\" content=\"Service apr\u00e8s-vente | Alqu\u00e9zar\" \/>\n<meta property=\"og:description\" content=\"Services complets d\u2019Alqu\u00e9zar : ing\u00e9nierie, fabrication, montage et mise en service, avec assistance technique et service apr\u00e8s-vente.\" \/>\n<meta property=\"og:url\" content=\"https:\/\/talleresalquezar.es\/fr\/services\/service-apres-vente\/\" \/>\n<meta property=\"og:site_name\" content=\"Talleres Alqu\u00e9zar\" \/>\n<meta property=\"article:modified_time\" content=\"2026-02-09T17:58:41+00:00\" \/>\n<meta property=\"og:image\" content=\"https:\/\/talleresalquezar.es\/wp-content\/uploads\/2025\/07\/Lofotipo-talleres-alquezar-zaragoza-cintasa.png\" \/>\n\t<meta property=\"og:image:width\" content=\"400\" \/>\n\t<meta property=\"og:image:height\" content=\"84\" \/>\n\t<meta property=\"og:image:type\" content=\"image\/png\" \/>\n<meta name=\"twitter:card\" content=\"summary_large_image\" \/>\n<meta name=\"twitter:label1\" content=\"Dur\u00e9e de lecture estim\u00e9e\" \/>\n\t<meta name=\"twitter:data1\" content=\"2 minutes\" \/>\n<script type=\"application\/ld+json\" class=\"yoast-schema-graph\">{\"@context\":\"https:\\\/\\\/schema.org\",\"@graph\":[{\"@type\":\"WebPage\",\"@id\":\"https:\\\/\\\/talleresalquezar.es\\\/fr\\\/services\\\/service-apres-vente\\\/\",\"url\":\"https:\\\/\\\/talleresalquezar.es\\\/fr\\\/services\\\/service-apres-vente\\\/\",\"name\":\"Service apr\u00e8s-vente | Alqu\u00e9zar\",\"isPartOf\":{\"@id\":\"https:\\\/\\\/talleresalquezar.es\\\/fr\\\/#website\"},\"datePublished\":\"2025-07-14T14:51:45+00:00\",\"dateModified\":\"2026-02-09T17:58:41+00:00\",\"description\":\"Services complets d\u2019Alqu\u00e9zar : ing\u00e9nierie, fabrication, montage et mise en service, avec assistance technique et service apr\u00e8s-vente.\",\"breadcrumb\":{\"@id\":\"https:\\\/\\\/talleresalquezar.es\\\/fr\\\/services\\\/service-apres-vente\\\/#breadcrumb\"},\"inLanguage\":\"fr-FR\",\"potentialAction\":[{\"@type\":\"ReadAction\",\"target\":[\"https:\\\/\\\/talleresalquezar.es\\\/fr\\\/services\\\/service-apres-vente\\\/\"]}]},{\"@type\":\"BreadcrumbList\",\"@id\":\"https:\\\/\\\/talleresalquezar.es\\\/fr\\\/services\\\/service-apres-vente\\\/#breadcrumb\",\"itemListElement\":[{\"@type\":\"ListItem\",\"position\":1,\"name\":\"Portada\",\"item\":\"https:\\\/\\\/talleresalquezar.es\\\/fr\\\/\"},{\"@type\":\"ListItem\",\"position\":2,\"name\":\"Services\",\"item\":\"https:\\\/\\\/talleresalquezar.es\\\/fr\\\/servicios\\\/\"},{\"@type\":\"ListItem\",\"position\":3,\"name\":\"Service apr\u00e8s-vente\"}]},{\"@type\":\"WebSite\",\"@id\":\"https:\\\/\\\/talleresalquezar.es\\\/fr\\\/#website\",\"url\":\"https:\\\/\\\/talleresalquezar.es\\\/fr\\\/\",\"name\":\"Talleres\u202fAlqu\u00e9zar\",\"description\":\"Talleres\u202fAlqu\u00e9zar dise\u00f1a y fabrica plantas llave en mano para hormig\u00f3n, \u00e1ridos, mortero y reciclaje, con m\u00e1s de 60\u202fa\u00f1os de experiencia en Zaragoza y presencia internacional.\",\"publisher\":{\"@id\":\"https:\\\/\\\/talleresalquezar.es\\\/fr\\\/#organization\"},\"alternateName\":\"Talleres Alquezar Zaragoza\",\"potentialAction\":[{\"@type\":\"SearchAction\",\"target\":{\"@type\":\"EntryPoint\",\"urlTemplate\":\"https:\\\/\\\/talleresalquezar.es\\\/fr\\\/?s={search_term_string}\"},\"query-input\":{\"@type\":\"PropertyValueSpecification\",\"valueRequired\":true,\"valueName\":\"search_term_string\"}}],\"inLanguage\":\"fr-FR\"},{\"@type\":\"Organization\",\"@id\":\"https:\\\/\\\/talleresalquezar.es\\\/fr\\\/#organization\",\"name\":\"Talleres\u202fAlqu\u00e9zar\",\"alternateName\":\"Talleres\u202fAlqu\u00e9zar Zaragoza\",\"url\":\"https:\\\/\\\/talleresalquezar.es\\\/fr\\\/\",\"logo\":{\"@type\":\"ImageObject\",\"inLanguage\":\"fr-FR\",\"@id\":\"https:\\\/\\\/talleresalquezar.es\\\/fr\\\/#\\\/schema\\\/logo\\\/image\\\/\",\"url\":\"https:\\\/\\\/talleresalquezar.es\\\/wp-content\\\/uploads\\\/2025\\\/07\\\/Lofotipo-talleres-alquezar-zaragoza-cintasa.png\",\"contentUrl\":\"https:\\\/\\\/talleresalquezar.es\\\/wp-content\\\/uploads\\\/2025\\\/07\\\/Lofotipo-talleres-alquezar-zaragoza-cintasa.png\",\"width\":400,\"height\":84,\"caption\":\"Talleres\u202fAlqu\u00e9zar\"},\"image\":{\"@id\":\"https:\\\/\\\/talleresalquezar.es\\\/fr\\\/#\\\/schema\\\/logo\\\/image\\\/\"}}]}<\/script>\n<!-- \/ Yoast SEO plugin. -->","yoast_head_json":{"title":"Service apr\u00e8s-vente | Alqu\u00e9zar","description":"Services complets d\u2019Alqu\u00e9zar : ing\u00e9nierie, fabrication, montage et mise en service, avec assistance technique et service apr\u00e8s-vente.","robots":{"index":"index","follow":"follow","max-snippet":"max-snippet:-1","max-image-preview":"max-image-preview:large","max-video-preview":"max-video-preview:-1"},"canonical":"https:\/\/talleresalquezar.es\/fr\/services\/service-apres-vente\/","og_locale":"fr_FR","og_type":"article","og_title":"Service apr\u00e8s-vente | Alqu\u00e9zar","og_description":"Services complets d\u2019Alqu\u00e9zar : ing\u00e9nierie, fabrication, montage et mise en service, avec assistance technique et service apr\u00e8s-vente.","og_url":"https:\/\/talleresalquezar.es\/fr\/services\/service-apres-vente\/","og_site_name":"Talleres Alqu\u00e9zar","article_modified_time":"2026-02-09T17:58:41+00:00","og_image":[{"width":400,"height":84,"url":"https:\/\/talleresalquezar.es\/wp-content\/uploads\/2025\/07\/Lofotipo-talleres-alquezar-zaragoza-cintasa.png","type":"image\/png"}],"twitter_card":"summary_large_image","twitter_misc":{"Dur\u00e9e de lecture estim\u00e9e":"2 minutes"},"schema":{"@context":"https:\/\/schema.org","@graph":[{"@type":"WebPage","@id":"https:\/\/talleresalquezar.es\/fr\/services\/service-apres-vente\/","url":"https:\/\/talleresalquezar.es\/fr\/services\/service-apres-vente\/","name":"Service apr\u00e8s-vente | Alqu\u00e9zar","isPartOf":{"@id":"https:\/\/talleresalquezar.es\/fr\/#website"},"datePublished":"2025-07-14T14:51:45+00:00","dateModified":"2026-02-09T17:58:41+00:00","description":"Services complets d\u2019Alqu\u00e9zar : ing\u00e9nierie, fabrication, montage et mise en service, avec assistance technique et service apr\u00e8s-vente.","breadcrumb":{"@id":"https:\/\/talleresalquezar.es\/fr\/services\/service-apres-vente\/#breadcrumb"},"inLanguage":"fr-FR","potentialAction":[{"@type":"ReadAction","target":["https:\/\/talleresalquezar.es\/fr\/services\/service-apres-vente\/"]}]},{"@type":"BreadcrumbList","@id":"https:\/\/talleresalquezar.es\/fr\/services\/service-apres-vente\/#breadcrumb","itemListElement":[{"@type":"ListItem","position":1,"name":"Portada","item":"https:\/\/talleresalquezar.es\/fr\/"},{"@type":"ListItem","position":2,"name":"Services","item":"https:\/\/talleresalquezar.es\/fr\/servicios\/"},{"@type":"ListItem","position":3,"name":"Service apr\u00e8s-vente"}]},{"@type":"WebSite","@id":"https:\/\/talleresalquezar.es\/fr\/#website","url":"https:\/\/talleresalquezar.es\/fr\/","name":"Talleres\u202fAlqu\u00e9zar","description":"Talleres\u202fAlqu\u00e9zar dise\u00f1a y fabrica plantas llave en mano para hormig\u00f3n, \u00e1ridos, mortero y reciclaje, con m\u00e1s de 60\u202fa\u00f1os de experiencia en Zaragoza y presencia internacional.","publisher":{"@id":"https:\/\/talleresalquezar.es\/fr\/#organization"},"alternateName":"Talleres Alquezar Zaragoza","potentialAction":[{"@type":"SearchAction","target":{"@type":"EntryPoint","urlTemplate":"https:\/\/talleresalquezar.es\/fr\/?s={search_term_string}"},"query-input":{"@type":"PropertyValueSpecification","valueRequired":true,"valueName":"search_term_string"}}],"inLanguage":"fr-FR"},{"@type":"Organization","@id":"https:\/\/talleresalquezar.es\/fr\/#organization","name":"Talleres\u202fAlqu\u00e9zar","alternateName":"Talleres\u202fAlqu\u00e9zar Zaragoza","url":"https:\/\/talleresalquezar.es\/fr\/","logo":{"@type":"ImageObject","inLanguage":"fr-FR","@id":"https:\/\/talleresalquezar.es\/fr\/#\/schema\/logo\/image\/","url":"https:\/\/talleresalquezar.es\/wp-content\/uploads\/2025\/07\/Lofotipo-talleres-alquezar-zaragoza-cintasa.png","contentUrl":"https:\/\/talleresalquezar.es\/wp-content\/uploads\/2025\/07\/Lofotipo-talleres-alquezar-zaragoza-cintasa.png","width":400,"height":84,"caption":"Talleres\u202fAlqu\u00e9zar"},"image":{"@id":"https:\/\/talleresalquezar.es\/fr\/#\/schema\/logo\/image\/"}}]}},"_links":{"self":[{"href":"https:\/\/talleresalquezar.es\/fr\/wp-json\/wp\/v2\/pages\/731","targetHints":{"allow":["GET"]}}],"collection":[{"href":"https:\/\/talleresalquezar.es\/fr\/wp-json\/wp\/v2\/pages"}],"about":[{"href":"https:\/\/talleresalquezar.es\/fr\/wp-json\/wp\/v2\/types\/page"}],"author":[{"embeddable":true,"href":"https:\/\/talleresalquezar.es\/fr\/wp-json\/wp\/v2\/users\/1"}],"replies":[{"embeddable":true,"href":"https:\/\/talleresalquezar.es\/fr\/wp-json\/wp\/v2\/comments?post=731"}],"version-history":[{"count":4,"href":"https:\/\/talleresalquezar.es\/fr\/wp-json\/wp\/v2\/pages\/731\/revisions"}],"predecessor-version":[{"id":1198,"href":"https:\/\/talleresalquezar.es\/fr\/wp-json\/wp\/v2\/pages\/731\/revisions\/1198"}],"up":[{"embeddable":true,"href":"https:\/\/talleresalquezar.es\/fr\/wp-json\/wp\/v2\/pages\/724"}],"wp:attachment":[{"href":"https:\/\/talleresalquezar.es\/fr\/wp-json\/wp\/v2\/media?parent=731"}],"curies":[{"name":"wp","href":"https:\/\/api.w.org\/{rel}","templated":true}]}}