{"id":734,"date":"2025-07-14T16:51:19","date_gmt":"2025-07-14T14:51:19","guid":{"rendered":"https:\/\/talleresalquezar.es\/services\/installation-et-mise-en-service\/"},"modified":"2026-02-09T18:58:41","modified_gmt":"2026-02-09T17:58:41","slug":"installation-et-mise-en-service","status":"publish","type":"page","link":"https:\/\/talleresalquezar.es\/fr\/services\/installation-et-mise-en-service\/","title":{"rendered":"Installation et Mise en Service"},"content":{"rendered":"<section class=\"l-section wpb_row height_small color_primary\"><div class=\"l-section-h i-cf\"><div class=\"g-cols vc_row via_grid cols_1 laptops-cols_inherit tablets-cols_inherit mobiles-cols_1 valign_top type_default stacking_default\"><div class=\"wpb_column vc_column_container\"><div class=\"vc_column-inner\"><h1 class=\"w-text us_custom_eb849559\"><span class=\"w-text-h\"><span class=\"w-text-value\">INSTALLATION ET MISE EN SERVICE<\/span><\/span><\/h1><\/div><\/div><\/div><\/div><\/section><section class=\"l-section wpb_row height_auto\"><div class=\"l-section-h i-cf\"><div class=\"g-cols vc_row via_grid cols_2 laptops-cols_inherit tablets-cols_inherit mobiles-cols_1 valign_middle type_default stacking_default\"><div class=\"wpb_column vc_column_container\"><div class=\"vc_column-inner\"><div class=\"w-separator size_medium\"><\/div><h2 class=\"w-text\"><span class=\"w-text-h\"><span class=\"w-text-value\">Installation et Mise en Service : Projets Cl\u00e9s en Main pour un D\u00e9marrage Parfait<\/span><\/span><\/h2><div class=\"wpb_text_column\"><div class=\"wpb_wrapper\"><p>Chez Alquezar<strong>,<\/strong> nous savons que chaque projet est unique et n\u00e9cessite une ex\u00e9cution irr\u00e9prochable. C\u2019est pourquoi nous proposons un service complet <strong>d\u2019installation et de mise en service,<\/strong> garantissant que chaque installation soit op\u00e9rationnelle d\u00e8s le premier jour et fonctionne \u00e0 son rendement maximal.<\/p>\n<\/div><\/div><div class=\"w-separator size_medium\"><\/div><\/div><\/div><div class=\"wpb_column vc_column_container stretched\"><div class=\"vc_column-inner\"><div class=\"w-image align_none\"><div class=\"w-image-h\"><img decoding=\"async\" width=\"1024\" height=\"768\" src=\"https:\/\/talleresalquezar.es\/wp-content\/uploads\/2025\/07\/Montaje-y-P.Marcha-2-1024x768.jpg\" class=\"attachment-large size-large\" alt=\"Proyectos Llave en Mano para un Arranque Perfecto\" loading=\"lazy\" srcset=\"https:\/\/talleresalquezar.es\/wp-content\/uploads\/2025\/07\/Montaje-y-P.Marcha-2-1024x768.jpg 1024w, https:\/\/talleresalquezar.es\/wp-content\/uploads\/2025\/07\/Montaje-y-P.Marcha-2-300x225.jpg 300w, https:\/\/talleresalquezar.es\/wp-content\/uploads\/2025\/07\/Montaje-y-P.Marcha-2.jpg 1920w\" sizes=\"auto, (max-width: 1024px) 100vw, 1024px\" \/><\/div><\/div><\/div><\/div><\/div><\/div><\/section><section class=\"l-section wpb_row height_medium\"><div class=\"l-section-h i-cf\"><div class=\"g-cols vc_row via_grid cols_2 laptops-cols_inherit tablets-cols_inherit mobiles-cols_1 valign_top type_default stacking_default\"><div class=\"wpb_column vc_column_container\"><div class=\"vc_column-inner\"><h2 class=\"w-text\"><span class=\"w-text-h\"><span class=\"w-text-value\">De la conception \u00e0 la mise en service, nous nous chargeons de tout<\/span><\/span><\/h2><div class=\"wpb_text_column\"><div class=\"wpb_wrapper\"><p>De la planification \u00e0 l\u2019optimisation finale, notre \u00e9quipe d\u2019experts prend en charge chaque \u00e9tape du processus :<\/p>\n<\/div><\/div><\/div><\/div><div class=\"wpb_column vc_column_container\"><div class=\"vc_column-inner\"><div class=\"g-cols wpb_row via_grid cols_1 laptops-cols_inherit tablets-cols_inherit mobiles-cols_1 valign_top type_default stacking_default\" style=\"--columns-gap:0.8rem;\"><div class=\"wpb_column vc_column_container\"><div class=\"vc_column-inner\"><div class=\"w-hwrapper valign_top align_none\" style=\"--hwrapper-gap:0.8rem\"><div class=\"w-iconbox iconpos_top style_default color_secondary align_left no_text no_title\"><div class=\"w-iconbox-icon\" style=\"font-size:30px;\"><i class=\"material-icons\">check_circle<\/i><\/div><div class=\"w-iconbox-meta\"><\/div><\/div><div class=\"wpb_text_column\"><div class=\"wpb_wrapper\"><p><strong>Installation de l\u2019\u00e9quipement, <\/strong>r\u00e9alis\u00e9e par des techniciens sp\u00e9cialis\u00e9s pour garantir pr\u00e9cision et s\u00e9curit\u00e9.<\/p>\n<\/div><\/div><\/div><\/div><\/div><div class=\"wpb_column vc_column_container\"><div class=\"vc_column-inner\"><div class=\"w-hwrapper valign_top align_none\" style=\"--hwrapper-gap:0.8rem\"><div class=\"w-iconbox iconpos_top style_default color_secondary align_left no_text no_title\"><div class=\"w-iconbox-icon\" style=\"font-size:30px;\"><i class=\"material-icons\">check_circle<\/i><\/div><div class=\"w-iconbox-meta\"><\/div><\/div><div class=\"wpb_text_column\"><div class=\"wpb_wrapper\"><p><strong>R\u00e9glage et calibrage<\/strong> de chaque composant pour un fonctionnement optimal.<\/p>\n<\/div><\/div><\/div><\/div><\/div><div class=\"wpb_column vc_column_container\"><div class=\"vc_column-inner\"><div class=\"w-hwrapper valign_top align_none\" style=\"--hwrapper-gap:0.8rem\"><div class=\"w-iconbox iconpos_top style_default color_secondary align_left no_text no_title\"><div class=\"w-iconbox-icon\" style=\"font-size:30px;\"><i class=\"material-icons\">check_circle<\/i><\/div><div class=\"w-iconbox-meta\"><\/div><\/div><div class=\"wpb_text_column\"><div class=\"wpb_wrapper\"><p><strong>Essais op\u00e9rationnels<\/strong> exhaustifs pour assurer une efficacit\u00e9 maximale d\u00e8s la premi\u00e8re utilisation.<\/p>\n<\/div><\/div><\/div><\/div><\/div><div class=\"wpb_column vc_column_container\"><div class=\"vc_column-inner\"><div class=\"w-hwrapper valign_top align_none\" style=\"--hwrapper-gap:0.8rem\"><div class=\"w-iconbox iconpos_top style_default color_secondary align_left no_text no_title\"><div class=\"w-iconbox-icon\" style=\"font-size:30px;\"><i class=\"material-icons\">check_circle<\/i><\/div><div class=\"w-iconbox-meta\"><\/div><\/div><div class=\"wpb_text_column\"><div class=\"wpb_wrapper\"><p><strong>Formation des op\u00e9rateurs<\/strong>, afin de leur fournir les comp\u00e9tences n\u00e9cessaires pour optimiser les performances de l\u2019installation.<\/p>\n<\/div><\/div><\/div><\/div><\/div><\/div><\/div><\/div><\/div><\/div><\/section><section class=\"l-section wpb_row height_medium color_alternate\"><div class=\"l-section-h i-cf\"><div class=\"g-cols vc_row via_grid cols_1 laptops-cols_inherit tablets-cols_inherit mobiles-cols_1 valign_top type_default stacking_default\"><div class=\"wpb_column vc_column_container us_custom_eb849559\"><div class=\"vc_column-inner\"><h2 class=\"w-text\"><span class=\"w-text-h\"><span class=\"w-text-value\">S\u00e9r\u00e9nit\u00e9 Totale pour le Client<\/span><\/span><\/h2><div class=\"wpb_text_column\"><div class=\"wpb_wrapper\"><p>Avec notre service <strong>cl\u00e9 en main<\/strong>, nous \u00e9liminons les inqui\u00e9tudes et garantissons une transition fluide. Nous nous chargeons de <strong>chaque d\u00e9tail technique et logistique <\/strong>pour que nos clients puissent se concentrer sur l\u2019essentiel : <strong>produire et se d\u00e9velopper.<\/strong><\/p>\n<\/div><\/div><div class=\"w-separator size_small\"><\/div><div class=\"g-cols wpb_row us_custom_836f727b has_text_color via_grid cols_2 laptops-cols_inherit tablets-cols_inherit mobiles-cols_1 valign_top type_default stacking_default\" style=\"--columns-gap:3rem;\"><div class=\"wpb_column vc_column_container us_custom_c70c97eb has_bg_color\"><div class=\"vc_column-inner\"><div class=\"wpb_text_column\"><div class=\"wpb_wrapper\"><p><strong>Solutions personnalis\u00e9es<\/strong>, adapt\u00e9es aux besoins sp\u00e9cifiques de chaque projet.<\/p>\n<\/div><\/div><\/div><\/div><div class=\"wpb_column vc_column_container us_custom_c70c97eb has_bg_color\"><div class=\"vc_column-inner\"><div class=\"wpb_text_column\"><div class=\"wpb_wrapper\"><p><strong>Respect des d\u00e9lais et des normes de qualit\u00e9<\/strong>, assurant une installation efficace et sans surprises.<\/p>\n<\/div><\/div><\/div><\/div><\/div><\/div><\/div><\/div><\/div><\/section><section class=\"l-section wpb_row height_medium\"><div class=\"l-section-h i-cf\"><div class=\"g-cols vc_row via_grid cols_2 laptops-cols_inherit tablets-cols_inherit mobiles-cols_1 valign_top type_default stacking_default\" style=\"--columns-gap:20px;\"><div class=\"wpb_column vc_column_container\"><div class=\"vc_column-inner\"><div class=\"g-cols wpb_row us_custom_ddcc4fbc via_grid cols_1 laptops-cols_inherit tablets-cols_inherit mobiles-cols_1 valign_top type_default stacking_default\" style=\"--columns-gap:3rem;\"><div class=\"wpb_column vc_column_container\"><div class=\"vc_column-inner\"><h2 class=\"w-text\"><span class=\"w-text-h\"><span class=\"w-text-value\">Installation professionnelle, o\u00f9 que vous soyez<\/span><\/span><\/h2><div class=\"wpb_text_column\"><div class=\"wpb_wrapper\"><p>Notre engagement envers l\u2019excellence ne conna\u00eet pas de fronti\u00e8res. Chez Alquezar, nous mettons notre exp\u00e9rience et notre professionnalisme au service de projets internationaux, en garantissant la m\u00eame qualit\u00e9 et pr\u00e9cision partout dans le monde.<\/p>\n<\/div><\/div><\/div><\/div><\/div><div class=\"g-cols wpb_row via_grid cols_1 laptops-cols_inherit tablets-cols_inherit mobiles-cols_1 valign_top type_default stacking_default\" style=\"--columns-gap:0.8rem;\"><div class=\"wpb_column vc_column_container\"><div class=\"vc_column-inner\"><div class=\"w-separator size_small\"><\/div><div class=\"w-hwrapper valign_top align_none\" style=\"--hwrapper-gap:0.8rem\"><div class=\"w-iconbox iconpos_top style_default color_secondary align_left no_text no_title\"><div class=\"w-iconbox-icon\" style=\"font-size:30px;\"><i class=\"material-icons\">check_circle<\/i><\/div><div class=\"w-iconbox-meta\"><\/div><\/div><div class=\"wpb_text_column\"><div class=\"wpb_wrapper\"><p><strong>Couverture mondiale : <\/strong>Capacit\u00e9 de d\u00e9ploiement dans n\u2019importe quelle r\u00e9gion du globe.<\/p>\n<\/div><\/div><\/div><\/div><\/div><div class=\"wpb_column vc_column_container\"><div class=\"vc_column-inner\"><div class=\"w-hwrapper valign_top align_none\" style=\"--hwrapper-gap:0.8rem\"><div class=\"w-iconbox iconpos_top style_default color_secondary align_left no_text no_title\"><div class=\"w-iconbox-icon\" style=\"font-size:30px;\"><i class=\"material-icons\">check_circle<\/i><\/div><div class=\"w-iconbox-meta\"><\/div><\/div><div class=\"wpb_text_column\"><div class=\"wpb_wrapper\"><p><strong>Infrastructure de soutien :<\/strong> Assistance \u00e0 chaque \u00e9tape de l\u2019installation.<\/p>\n<\/div><\/div><\/div><\/div><\/div><div class=\"wpb_column vc_column_container\"><div class=\"vc_column-inner\"><div class=\"w-hwrapper valign_top align_none\" style=\"--hwrapper-gap:0.8rem\"><div class=\"w-iconbox iconpos_top style_default color_secondary align_left no_text no_title\"><div class=\"w-iconbox-icon\" style=\"font-size:30px;\"><i class=\"material-icons\">check_circle<\/i><\/div><div class=\"w-iconbox-meta\"><\/div><\/div><div class=\"wpb_text_column\"><div class=\"wpb_wrapper\"><p><strong>Engagement pour l\u2019innovation :<\/strong> Mise en \u0153uvre de technologies de derni\u00e8re g\u00e9n\u00e9ration dans chaque projet.<\/p>\n<\/div><\/div><\/div><\/div><\/div><\/div><\/div><\/div><div class=\"wpb_column vc_column_container\"><div class=\"vc_column-inner\"><div class=\"w-image align_none\"><div class=\"w-image-h\"><img decoding=\"async\" width=\"1024\" height=\"576\" src=\"https:\/\/talleresalquezar.es\/wp-content\/uploads\/2025\/07\/Montaje-y-P.Marcha-1-1024x576.jpg\" class=\"attachment-large size-large\" alt=\"Montaje profesional, est\u00e9s donde est\u00e9s\" loading=\"lazy\" srcset=\"https:\/\/talleresalquezar.es\/wp-content\/uploads\/2025\/07\/Montaje-y-P.Marcha-1-1024x576.jpg 1024w, https:\/\/talleresalquezar.es\/wp-content\/uploads\/2025\/07\/Montaje-y-P.Marcha-1-300x169.jpg 300w, https:\/\/talleresalquezar.es\/wp-content\/uploads\/2025\/07\/Montaje-y-P.Marcha-1.jpg 1600w\" sizes=\"auto, (max-width: 1024px) 100vw, 1024px\" \/><\/div><\/div><\/div><\/div><\/div><\/div><\/section>\n","protected":false},"excerpt":{"rendered":"INSTALLATION ET MISE EN SERVICEInstallation et Mise en Service : Projets Cl\u00e9s en Main pour un D\u00e9marrage ParfaitChez Alquezar, nous savons que chaque projet est unique et n\u00e9cessite une ex\u00e9cution irr\u00e9prochable. C\u2019est pourquoi nous proposons un service complet d\u2019installation et de mise en service, garantissant que chaque installation soit op\u00e9rationnelle d\u00e8s le premier jour et...","protected":false},"author":1,"featured_media":0,"parent":724,"menu_order":0,"comment_status":"closed","ping_status":"closed","template":"","meta":{"footnotes":""},"class_list":["post-734","page","type-page","status-publish","hentry"],"yoast_head":"<!-- This site is optimized with the Yoast SEO plugin v27.3 - https:\/\/yoast.com\/product\/yoast-seo-wordpress\/ -->\n<title>Installation et Mise en Service | Alqu\u00e9zar<\/title>\n<meta name=\"description\" content=\"Services complets d\u2019Alqu\u00e9zar : ing\u00e9nierie, fabrication, montage et mise en service, avec assistance technique et service apr\u00e8s-vente.\" \/>\n<meta name=\"robots\" content=\"index, follow, max-snippet:-1, max-image-preview:large, max-video-preview:-1\" \/>\n<link rel=\"canonical\" href=\"https:\/\/talleresalquezar.es\/fr\/services\/installation-et-mise-en-service\/\" \/>\n<meta property=\"og:locale\" content=\"fr_FR\" \/>\n<meta property=\"og:type\" content=\"article\" \/>\n<meta property=\"og:title\" content=\"Installation et Mise en Service | Alqu\u00e9zar\" \/>\n<meta property=\"og:description\" content=\"Services complets d\u2019Alqu\u00e9zar : ing\u00e9nierie, fabrication, montage et mise en service, avec assistance technique et service apr\u00e8s-vente.\" \/>\n<meta property=\"og:url\" content=\"https:\/\/talleresalquezar.es\/fr\/services\/installation-et-mise-en-service\/\" \/>\n<meta property=\"og:site_name\" content=\"Talleres Alqu\u00e9zar\" \/>\n<meta property=\"article:modified_time\" content=\"2026-02-09T17:58:41+00:00\" \/>\n<meta property=\"og:image\" content=\"https:\/\/talleresalquezar.es\/wp-content\/uploads\/2025\/07\/Lofotipo-talleres-alquezar-zaragoza-cintasa.png\" \/>\n\t<meta property=\"og:image:width\" content=\"400\" \/>\n\t<meta property=\"og:image:height\" content=\"84\" \/>\n\t<meta property=\"og:image:type\" content=\"image\/png\" \/>\n<meta name=\"twitter:card\" content=\"summary_large_image\" \/>\n<meta name=\"twitter:label1\" content=\"Dur\u00e9e de lecture estim\u00e9e\" \/>\n\t<meta name=\"twitter:data1\" content=\"2 minutes\" \/>\n<script type=\"application\/ld+json\" class=\"yoast-schema-graph\">{\"@context\":\"https:\\\/\\\/schema.org\",\"@graph\":[{\"@type\":\"WebPage\",\"@id\":\"https:\\\/\\\/talleresalquezar.es\\\/fr\\\/services\\\/installation-et-mise-en-service\\\/\",\"url\":\"https:\\\/\\\/talleresalquezar.es\\\/fr\\\/services\\\/installation-et-mise-en-service\\\/\",\"name\":\"Installation et Mise en Service | Alqu\u00e9zar\",\"isPartOf\":{\"@id\":\"https:\\\/\\\/talleresalquezar.es\\\/fr\\\/#website\"},\"datePublished\":\"2025-07-14T14:51:19+00:00\",\"dateModified\":\"2026-02-09T17:58:41+00:00\",\"description\":\"Services complets d\u2019Alqu\u00e9zar : ing\u00e9nierie, fabrication, montage et mise en service, avec assistance technique et service apr\u00e8s-vente.\",\"breadcrumb\":{\"@id\":\"https:\\\/\\\/talleresalquezar.es\\\/fr\\\/services\\\/installation-et-mise-en-service\\\/#breadcrumb\"},\"inLanguage\":\"fr-FR\",\"potentialAction\":[{\"@type\":\"ReadAction\",\"target\":[\"https:\\\/\\\/talleresalquezar.es\\\/fr\\\/services\\\/installation-et-mise-en-service\\\/\"]}]},{\"@type\":\"BreadcrumbList\",\"@id\":\"https:\\\/\\\/talleresalquezar.es\\\/fr\\\/services\\\/installation-et-mise-en-service\\\/#breadcrumb\",\"itemListElement\":[{\"@type\":\"ListItem\",\"position\":1,\"name\":\"Portada\",\"item\":\"https:\\\/\\\/talleresalquezar.es\\\/fr\\\/\"},{\"@type\":\"ListItem\",\"position\":2,\"name\":\"Services\",\"item\":\"https:\\\/\\\/talleresalquezar.es\\\/fr\\\/servicios\\\/\"},{\"@type\":\"ListItem\",\"position\":3,\"name\":\"Installation et Mise en Service\"}]},{\"@type\":\"WebSite\",\"@id\":\"https:\\\/\\\/talleresalquezar.es\\\/fr\\\/#website\",\"url\":\"https:\\\/\\\/talleresalquezar.es\\\/fr\\\/\",\"name\":\"Talleres\u202fAlqu\u00e9zar\",\"description\":\"Talleres\u202fAlqu\u00e9zar dise\u00f1a y fabrica plantas llave en mano para hormig\u00f3n, \u00e1ridos, mortero y reciclaje, con m\u00e1s de 60\u202fa\u00f1os de experiencia en Zaragoza y presencia internacional.\",\"publisher\":{\"@id\":\"https:\\\/\\\/talleresalquezar.es\\\/fr\\\/#organization\"},\"alternateName\":\"Talleres Alquezar Zaragoza\",\"potentialAction\":[{\"@type\":\"SearchAction\",\"target\":{\"@type\":\"EntryPoint\",\"urlTemplate\":\"https:\\\/\\\/talleresalquezar.es\\\/fr\\\/?s={search_term_string}\"},\"query-input\":{\"@type\":\"PropertyValueSpecification\",\"valueRequired\":true,\"valueName\":\"search_term_string\"}}],\"inLanguage\":\"fr-FR\"},{\"@type\":\"Organization\",\"@id\":\"https:\\\/\\\/talleresalquezar.es\\\/fr\\\/#organization\",\"name\":\"Talleres\u202fAlqu\u00e9zar\",\"alternateName\":\"Talleres\u202fAlqu\u00e9zar Zaragoza\",\"url\":\"https:\\\/\\\/talleresalquezar.es\\\/fr\\\/\",\"logo\":{\"@type\":\"ImageObject\",\"inLanguage\":\"fr-FR\",\"@id\":\"https:\\\/\\\/talleresalquezar.es\\\/fr\\\/#\\\/schema\\\/logo\\\/image\\\/\",\"url\":\"https:\\\/\\\/talleresalquezar.es\\\/wp-content\\\/uploads\\\/2025\\\/07\\\/Lofotipo-talleres-alquezar-zaragoza-cintasa.png\",\"contentUrl\":\"https:\\\/\\\/talleresalquezar.es\\\/wp-content\\\/uploads\\\/2025\\\/07\\\/Lofotipo-talleres-alquezar-zaragoza-cintasa.png\",\"width\":400,\"height\":84,\"caption\":\"Talleres\u202fAlqu\u00e9zar\"},\"image\":{\"@id\":\"https:\\\/\\\/talleresalquezar.es\\\/fr\\\/#\\\/schema\\\/logo\\\/image\\\/\"}}]}<\/script>\n<!-- \/ Yoast SEO plugin. -->","yoast_head_json":{"title":"Installation et Mise en Service | Alqu\u00e9zar","description":"Services complets d\u2019Alqu\u00e9zar : ing\u00e9nierie, fabrication, montage et mise en service, avec assistance technique et service apr\u00e8s-vente.","robots":{"index":"index","follow":"follow","max-snippet":"max-snippet:-1","max-image-preview":"max-image-preview:large","max-video-preview":"max-video-preview:-1"},"canonical":"https:\/\/talleresalquezar.es\/fr\/services\/installation-et-mise-en-service\/","og_locale":"fr_FR","og_type":"article","og_title":"Installation et Mise en Service | Alqu\u00e9zar","og_description":"Services complets d\u2019Alqu\u00e9zar : ing\u00e9nierie, fabrication, montage et mise en service, avec assistance technique et service apr\u00e8s-vente.","og_url":"https:\/\/talleresalquezar.es\/fr\/services\/installation-et-mise-en-service\/","og_site_name":"Talleres Alqu\u00e9zar","article_modified_time":"2026-02-09T17:58:41+00:00","og_image":[{"width":400,"height":84,"url":"https:\/\/talleresalquezar.es\/wp-content\/uploads\/2025\/07\/Lofotipo-talleres-alquezar-zaragoza-cintasa.png","type":"image\/png"}],"twitter_card":"summary_large_image","twitter_misc":{"Dur\u00e9e de lecture estim\u00e9e":"2 minutes"},"schema":{"@context":"https:\/\/schema.org","@graph":[{"@type":"WebPage","@id":"https:\/\/talleresalquezar.es\/fr\/services\/installation-et-mise-en-service\/","url":"https:\/\/talleresalquezar.es\/fr\/services\/installation-et-mise-en-service\/","name":"Installation et Mise en Service | Alqu\u00e9zar","isPartOf":{"@id":"https:\/\/talleresalquezar.es\/fr\/#website"},"datePublished":"2025-07-14T14:51:19+00:00","dateModified":"2026-02-09T17:58:41+00:00","description":"Services complets d\u2019Alqu\u00e9zar : ing\u00e9nierie, fabrication, montage et mise en service, avec assistance technique et service apr\u00e8s-vente.","breadcrumb":{"@id":"https:\/\/talleresalquezar.es\/fr\/services\/installation-et-mise-en-service\/#breadcrumb"},"inLanguage":"fr-FR","potentialAction":[{"@type":"ReadAction","target":["https:\/\/talleresalquezar.es\/fr\/services\/installation-et-mise-en-service\/"]}]},{"@type":"BreadcrumbList","@id":"https:\/\/talleresalquezar.es\/fr\/services\/installation-et-mise-en-service\/#breadcrumb","itemListElement":[{"@type":"ListItem","position":1,"name":"Portada","item":"https:\/\/talleresalquezar.es\/fr\/"},{"@type":"ListItem","position":2,"name":"Services","item":"https:\/\/talleresalquezar.es\/fr\/servicios\/"},{"@type":"ListItem","position":3,"name":"Installation et Mise en Service"}]},{"@type":"WebSite","@id":"https:\/\/talleresalquezar.es\/fr\/#website","url":"https:\/\/talleresalquezar.es\/fr\/","name":"Talleres\u202fAlqu\u00e9zar","description":"Talleres\u202fAlqu\u00e9zar dise\u00f1a y fabrica plantas llave en mano para hormig\u00f3n, \u00e1ridos, mortero y reciclaje, con m\u00e1s de 60\u202fa\u00f1os de experiencia en Zaragoza y presencia internacional.","publisher":{"@id":"https:\/\/talleresalquezar.es\/fr\/#organization"},"alternateName":"Talleres Alquezar Zaragoza","potentialAction":[{"@type":"SearchAction","target":{"@type":"EntryPoint","urlTemplate":"https:\/\/talleresalquezar.es\/fr\/?s={search_term_string}"},"query-input":{"@type":"PropertyValueSpecification","valueRequired":true,"valueName":"search_term_string"}}],"inLanguage":"fr-FR"},{"@type":"Organization","@id":"https:\/\/talleresalquezar.es\/fr\/#organization","name":"Talleres\u202fAlqu\u00e9zar","alternateName":"Talleres\u202fAlqu\u00e9zar Zaragoza","url":"https:\/\/talleresalquezar.es\/fr\/","logo":{"@type":"ImageObject","inLanguage":"fr-FR","@id":"https:\/\/talleresalquezar.es\/fr\/#\/schema\/logo\/image\/","url":"https:\/\/talleresalquezar.es\/wp-content\/uploads\/2025\/07\/Lofotipo-talleres-alquezar-zaragoza-cintasa.png","contentUrl":"https:\/\/talleresalquezar.es\/wp-content\/uploads\/2025\/07\/Lofotipo-talleres-alquezar-zaragoza-cintasa.png","width":400,"height":84,"caption":"Talleres\u202fAlqu\u00e9zar"},"image":{"@id":"https:\/\/talleresalquezar.es\/fr\/#\/schema\/logo\/image\/"}}]}},"_links":{"self":[{"href":"https:\/\/talleresalquezar.es\/fr\/wp-json\/wp\/v2\/pages\/734","targetHints":{"allow":["GET"]}}],"collection":[{"href":"https:\/\/talleresalquezar.es\/fr\/wp-json\/wp\/v2\/pages"}],"about":[{"href":"https:\/\/talleresalquezar.es\/fr\/wp-json\/wp\/v2\/types\/page"}],"author":[{"embeddable":true,"href":"https:\/\/talleresalquezar.es\/fr\/wp-json\/wp\/v2\/users\/1"}],"replies":[{"embeddable":true,"href":"https:\/\/talleresalquezar.es\/fr\/wp-json\/wp\/v2\/comments?post=734"}],"version-history":[{"count":4,"href":"https:\/\/talleresalquezar.es\/fr\/wp-json\/wp\/v2\/pages\/734\/revisions"}],"predecessor-version":[{"id":1197,"href":"https:\/\/talleresalquezar.es\/fr\/wp-json\/wp\/v2\/pages\/734\/revisions\/1197"}],"up":[{"embeddable":true,"href":"https:\/\/talleresalquezar.es\/fr\/wp-json\/wp\/v2\/pages\/724"}],"wp:attachment":[{"href":"https:\/\/talleresalquezar.es\/fr\/wp-json\/wp\/v2\/media?parent=734"}],"curies":[{"name":"wp","href":"https:\/\/api.w.org\/{rel}","templated":true}]}}